{"id":32450,"date":"2021-02-21T16:13:53","date_gmt":"2021-02-21T16:13:53","guid":{"rendered":"https:\/\/www.autonvaraosahaku.fi\/?product=calorstat-by-vernet-rc0038-paisuntasailion-korkki"},"modified":"2021-02-21T16:13:55","modified_gmt":"2021-02-21T16:13:55","slug":"calorstat-by-vernet-rc0038-paisuntasailion-korkki","status":"publish","type":"product","link":"https:\/\/www.autonvaraosahaku.fi\/?product=calorstat-by-vernet-rc0038-paisuntasailion-korkki","title":{"rendered":"CALORSTAT by Vernet RC0038 Paisuntas\u00e4ili\u00f6n korkki"},"content":{"rendered":"<p>Paine (bar): 1,0; Valmistusvuosi alkaen: 07\/1987; RENAULT: TWINGO I C06_,TWINGO I Kasten S06_,4 112_,ESPACE II J\/S63_,19 II B\/C53_,19 II Cabriolet D53_, 853_,SUPER 5 B\/C40_,5 122_,19 I B\/C53_,4 Kasten R21_, R23_,9 L42_,19 II Chamade L53_,ESPACE I J11_,11 B\/C37_,21 Stufenheck L48_,25 B29_,19 I Chamade L53_,TRAFIC Kasten T1, T3, T4,19 I Cabriolet D53_,TRAFIC Bus T5, T6, T7,18 134_,11 Kasten S37_,21 Kombi K48_,18 Variable 135_,5 Kasten 238_,21 B48_,19 II Kasten S53_,TRAFIC Pritsche\/Fahrgestell P6,19 I Kasten S53_,18 Kasten,SUPER 5 Kasten S40_; FIAT: PUNTO 188,SEICENTO 187,DUCATO Pritsche\/Fahrgestell 230,DUCATO Bus 230,DUCATO Kasten 244,BARCHETTA 183,PUNTO 176,DUCATO Pritsche\/Fahrgestell 244,PANDA Van 169,DUCATO Kasten 230L,CINQUECENTO 170,PANDA 141A_,DUCATO Bus 244, Z_,STRADA Pick-up 178E,PUNTO Van 188AX,BRAVO I 182,ULYSSE 220,BRAVA 182,PUNTO Cabriolet 176C,MAREA Weekend 185,126,UNO 146A\/E,PALIO Weekend 178DX,FIORINO Kasten 146,SEICENTO Van 187,TIPO 160,CROMA 154,PANDA Van 141_,MAREA 185,TEMPRA 159,PUNTO Van 176L,TEMPRA S.W. 159,FIORINO Pick up 146,FIORINO 147,REGATA 138,PALIO 178BX,FIORINO 127,FIORINO Pick up 147,REGATA Weekend 138,DUNA 146 B,ELBA 146_,DUNA Weekend 146 B; PEUGEOT: BOXER Kasten 230L,BOXER Kasten 244,BOXER Bus 230P,BOXER Bus 244, Z_,BOXER Pritsche\/Fahrgestell ZCT_,BOXER Pritsche\/Fahrgestell 244; CITRO\u00cbN: JUMPER Kasten 244,JUMPER Kasten 230L,JUMPER Bus 244, Z_,JUMPER Bus 230P,JUMPER Pritsche\/Fahrgestell 244,JUMPER Pritsche\/Fahrgestell 230; HONDA: LEGEND I Coupe KA3,LEGEND I HS, KA; ALFA ROMEO: SPIDER 115,75 162B,164 164,145 930,155 167,146 930,33 907A,33 905,33 Sportwagon 905A,90 162,SZ,RZ; LAND ROVER: FREELANDER LN,DEFENDER Station Wagon LD,DEFENDER Pick-up LD_,DEFENDER Cabrio LD; LANCIA: Y 840A,LYBRA SW 839BX,LYBRA 839AX,DEDRA 835,Y10 156,DEDRA SW 835; ROVER: 25 RF,200 RF,45 Stufenheck RT,600 RH,45 RT,400 RT,400 Hatchback RT,800 XS,800 Hatchback XS,400 Tourer XW,800 Coupe,100 \/ METRO XP,400 XW,100 Cabriolet XP; MG: MG TF,MG ZR,MG ZS,MG ZS Hatchback; 46402982, 46556737, 5951554, 60507797, 60551656; Korkki, Paisuntas\u00e4ili\u00f6<\/p>\n","protected":false},"excerpt":{"rendered":"<p>CALORSTAT by Vernet Paisuntas\u00e4ili\u00f6n Korkki RC0038 Korkki, Paisuntas\u00e4ili\u00f6 RENAULT,FIAT,PEUGEOT,TWINGO I C06_,TWINGO I Kasten S06_,4 112_<\/p>\n","protected":false},"featured_media":0,"template":"","meta":{"site-sidebar-layout":"default","site-content-layout":"default","ast-global-header-display":"","ast-main-header-display":"","ast-hfb-above-header-display":"","ast-hfb-below-header-display":"","ast-hfb-mobile-header-display":"","site-post-title":"","ast-breadcrumbs-content":"","ast-featured-img":"","footer-sml-layout":"","theme-transparent-header-meta":"","adv-header-id-meta":"","stick-header-meta":"","header-above-stick-meta":"","header-main-stick-meta":"","header-below-stick-meta":""},"pwb-brand":[343],"product_cat":[99],"product_tag":[],"class_list":{"0":"post-32450","1":"product","2":"type-product","3":"status-publish","5":"pwb-brand-calorstat-by-vernet","6":"product_cat-paisuntasailion-korkki","7":"desktop-align-left","8":"tablet-align-left","9":"mobile-align-left","11":"first","12":"instock","13":"product-type-external"},"brands":[{"id":343,"name":"CALORSTAT by Vernet","slug":"calorstat-by-vernet"}],"_links":{"self":[{"href":"https:\/\/www.autonvaraosahaku.fi\/index.php?rest_route=\/wp\/v2\/product\/32450","targetHints":{"allow":["GET"]}}],"collection":[{"href":"https:\/\/www.autonvaraosahaku.fi\/index.php?rest_route=\/wp\/v2\/product"}],"about":[{"href":"https:\/\/www.autonvaraosahaku.fi\/index.php?rest_route=\/wp\/v2\/types\/product"}],"wp:attachment":[{"href":"https:\/\/www.autonvaraosahaku.fi\/index.php?rest_route=%2Fwp%2Fv2%2Fmedia&parent=32450"}],"wp:term":[{"taxonomy":"pwb-brand","embeddable":true,"href":"https:\/\/www.autonvaraosahaku.fi\/index.php?rest_route=%2Fwp%2Fv2%2Fpwb-brand&post=32450"},{"taxonomy":"product_cat","embeddable":true,"href":"https:\/\/www.autonvaraosahaku.fi\/index.php?rest_route=%2Fwp%2Fv2%2Fproduct_cat&post=32450"},{"taxonomy":"product_tag","embeddable":true,"href":"https:\/\/www.autonvaraosahaku.fi\/index.php?rest_route=%2Fwp%2Fv2%2Fproduct_tag&post=32450"}],"curies":[{"name":"wp","href":"https:\/\/api.w.org\/{rel}","templated":true}]}}