{"id":32451,"date":"2021-02-21T16:13:53","date_gmt":"2021-02-21T16:13:53","guid":{"rendered":"https:\/\/www.autonvaraosahaku.fi\/?product=monroe-g1094-iskunvaimennin"},"modified":"2021-02-21T16:13:55","modified_gmt":"2021-02-21T16:13:55","slug":"monroe-g1094-iskunvaimennin","status":"publish","type":"product","link":"https:\/\/www.autonvaraosahaku.fi\/?product=monroe-g1094-iskunvaimennin","title":{"rendered":"MONROE G1094 Iskunvaimennin"},"content":{"rendered":"<p>Iskunvaimennin tyyppi: Kaasupaine; Iskunvaimennusj\u00e4rjestelm\u00e4: Kaksiputki; Iskunvaimennin asennustapa: Tappi ylh\u00e4\u00e4ll\u00e4, Haarukka alhaalla; Paino [kg]: 1,500; Reik\u00e4-\u00d8 [mm]: 25; suurin pituus [mm]: 539; v\u00e4h. pituus [mm]: 344; Pakkauspituus [cm]: 60; Pakkausleveys [cm]: 7,2; Pakkauskorkeus [mm]: 7,2; Tullitariffinumero: 87088035; Tappil\u00e4pimitta [mm]: 12,4; Asennuspuoli: Hinterachse; KIA: CEE&#8217;D SW ED,CEE&#8217;D Schr\u00e4gheck ED,CEE&#8217;D JD,CARENS III UN,CEE`D Sportswagon JD,PRO CEE&#8217;D ED,MAGENTIS MG,PRO CEE\u00b4D JD; HYUNDAI: i30 FD,i30 CW FD,i30 GD,i30 CW GD,i30 Coupe; 55300A6000, 55300A6050, 55300A6100, 55300A6200, 55300A6400, 55300A6440, 55300A6460, 553112L000, 553112L200, 553112L600, 55300A6000, 55300A6100, 55300A6200, 55300A6440, 55300A6460, 553101H000, 553101H001, 553101H002, 553101H003, 553101H100, 553101H101, 553101H102, 553101H200, 553101H201, 553101H202, 553111D020, 553111D400, 553111H500, 553111H600, 553112G100; Iskarit,Iskunvaimennin<\/p>\n","protected":false},"excerpt":{"rendered":"<p>MONROE Iskunvaimentimet MONROE ORIGINAL (Gas Technology) G1094 Iskarit,Iskunvaimennin KIA,HYUNDAI,CEE&#8217;D SW ED,CEE&#8217;D Schr\u00e4gheck ED,CEE&#8217;D JD<\/p>\n","protected":false},"featured_media":0,"template":"","meta":{"site-sidebar-layout":"default","site-content-layout":"default","ast-global-header-display":"","ast-main-header-display":"","ast-hfb-above-header-display":"","ast-hfb-below-header-display":"","ast-hfb-mobile-header-display":"","site-post-title":"","ast-breadcrumbs-content":"","ast-featured-img":"","footer-sml-layout":"","theme-transparent-header-meta":"","adv-header-id-meta":"","stick-header-meta":"","header-above-stick-meta":"","header-main-stick-meta":"","header-below-stick-meta":""},"pwb-brand":[79],"product_cat":[80],"product_tag":[],"class_list":{"0":"post-32451","1":"product","2":"type-product","3":"status-publish","5":"pwb-brand-monroe","6":"product_cat-iskunvaimennin","7":"desktop-align-left","8":"tablet-align-left","9":"mobile-align-left","11":"first","12":"instock","13":"product-type-external"},"brands":[{"id":79,"name":"MONROE","slug":"monroe"}],"_links":{"self":[{"href":"https:\/\/www.autonvaraosahaku.fi\/index.php?rest_route=\/wp\/v2\/product\/32451","targetHints":{"allow":["GET"]}}],"collection":[{"href":"https:\/\/www.autonvaraosahaku.fi\/index.php?rest_route=\/wp\/v2\/product"}],"about":[{"href":"https:\/\/www.autonvaraosahaku.fi\/index.php?rest_route=\/wp\/v2\/types\/product"}],"wp:attachment":[{"href":"https:\/\/www.autonvaraosahaku.fi\/index.php?rest_route=%2Fwp%2Fv2%2Fmedia&parent=32451"}],"wp:term":[{"taxonomy":"pwb-brand","embeddable":true,"href":"https:\/\/www.autonvaraosahaku.fi\/index.php?rest_route=%2Fwp%2Fv2%2Fpwb-brand&post=32451"},{"taxonomy":"product_cat","embeddable":true,"href":"https:\/\/www.autonvaraosahaku.fi\/index.php?rest_route=%2Fwp%2Fv2%2Fproduct_cat&post=32451"},{"taxonomy":"product_tag","embeddable":true,"href":"https:\/\/www.autonvaraosahaku.fi\/index.php?rest_route=%2Fwp%2Fv2%2Fproduct_tag&post=32451"}],"curies":[{"name":"wp","href":"https:\/\/api.w.org\/{rel}","templated":true}]}}