{"id":32476,"date":"2021-02-21T16:13:57","date_gmt":"2021-02-21T16:13:57","guid":{"rendered":"https:\/\/www.autonvaraosahaku.fi\/?product=mahle-original-ox-38d-oljynsuodatin"},"modified":"2021-02-21T16:14:00","modified_gmt":"2021-02-21T16:14:00","slug":"mahle-original-ox-38d-oljynsuodatin","status":"publish","type":"product","link":"https:\/\/www.autonvaraosahaku.fi\/?product=mahle-original-ox-38d-oljynsuodatin","title":{"rendered":"MAHLE ORIGINAL OX 38D \u00d6ljynsuodatin"},"content":{"rendered":"<p>Suodatintyyppi: Suodatinpanos; Korkeus (mm): 169,0; Korkeus 1 (mm): 166,0; L\u00e4pimitta [mm]: 92,0; Ulkol\u00e4pimitta 1 [mm]: 90,0; Sis\u00e4l\u00e4pimitta 1 [mm]: 11,4; L\u00e4pimitta 3 [mm]: 24,4; L\u00e4pimitta 4 [mm]: 24,4; Tiivisteen l\u00e4pimitta [mm]: 11,4; Korkeus (tuumaa): 6,69; Leveys (tuumaa): 3,74; Pituus (tuumaa): 3,74; Valmistusvuoteen: 12\/1994; DAEWOO: MUSSO FJ,KORANDO KJ,REXTON GAB_,KORANDO Cabrio KJ; MERCEDES-BENZ: C-CLASS W202,190 W201,Stufenheck W124,KOMBI Kombi S124,E-CLASS W124,G-CLASS W463,G-CLASS W460,S-CLASS W140,E-CLASS Kombi S124,G-CLASS W461,T1 Bus 601,T1 Pritsche\/Fahrgestell 602,T1 Kasten 602,T1 Pritsche\/Fahrgestell 601,T2\/LN1 Kasten\/Kombi,T1 Kasten 601,T1 Bus 602,T1\/TN Pritsche\/Fahrgestell,G-CLASS Cabrio W463,T1\/TN Kasten\/Kombi,T2\/LN1 Kipper,O 100,O 405,UNIMOG; SSANGYONG: KYRON,REXTON W,MUSSO FJ,ACTYON SPORTS I QJ,KORANDO KJ,ACTYON SPORTS II,RODIUS II,MUSSO SPORTS,KORANDO K4,KORANDO Cabrio KJ,CHAIRMAN HT_; PUCH: G-MODELL W 460,G-MODELL W 461,G-MODELL W 463; AEBI: TT; 6611803009, 5016966, 860X6744AA, EFL322, 93156614, 6011800009, 6011800109, 6011800210, 6011840025, 6011840125, 6011840210, A6011800009, A6011800109, A6011800210, A6011840025, A6011840125, A6011840210, 5001846633, 6011800109, 6011800109ME, 6611803009, 6611803409<\/p>\n","protected":false},"excerpt":{"rendered":"<p>MAHLE ORIGINAL \u00d6ljynsuodatin OX 38D  DAEWOO,MERCEDES-BENZ,SSANGYONG,MUSSO FJ,KORANDO KJ,REXTON GAB_,KORANDO Cabrio KJ,C-CLASS W202,190 W201<\/p>\n","protected":false},"featured_media":0,"template":"","meta":{"site-sidebar-layout":"default","site-content-layout":"default","ast-global-header-display":"","ast-main-header-display":"","ast-hfb-above-header-display":"","ast-hfb-below-header-display":"","ast-hfb-mobile-header-display":"","site-post-title":"","ast-breadcrumbs-content":"","ast-featured-img":"","footer-sml-layout":"","theme-transparent-header-meta":"","adv-header-id-meta":"","stick-header-meta":"","header-above-stick-meta":"","header-main-stick-meta":"","header-below-stick-meta":""},"pwb-brand":[153],"product_cat":[30],"product_tag":[],"class_list":{"0":"post-32476","1":"product","2":"type-product","3":"status-publish","5":"pwb-brand-mahle-original","6":"product_cat-oljynsuodatin","7":"desktop-align-left","8":"tablet-align-left","9":"mobile-align-left","11":"first","12":"instock","13":"product-type-external"},"brands":[{"id":153,"name":"MAHLE ORIGINAL","slug":"mahle-original"}],"_links":{"self":[{"href":"https:\/\/www.autonvaraosahaku.fi\/index.php?rest_route=\/wp\/v2\/product\/32476","targetHints":{"allow":["GET"]}}],"collection":[{"href":"https:\/\/www.autonvaraosahaku.fi\/index.php?rest_route=\/wp\/v2\/product"}],"about":[{"href":"https:\/\/www.autonvaraosahaku.fi\/index.php?rest_route=\/wp\/v2\/types\/product"}],"wp:attachment":[{"href":"https:\/\/www.autonvaraosahaku.fi\/index.php?rest_route=%2Fwp%2Fv2%2Fmedia&parent=32476"}],"wp:term":[{"taxonomy":"pwb-brand","embeddable":true,"href":"https:\/\/www.autonvaraosahaku.fi\/index.php?rest_route=%2Fwp%2Fv2%2Fpwb-brand&post=32476"},{"taxonomy":"product_cat","embeddable":true,"href":"https:\/\/www.autonvaraosahaku.fi\/index.php?rest_route=%2Fwp%2Fv2%2Fproduct_cat&post=32476"},{"taxonomy":"product_tag","embeddable":true,"href":"https:\/\/www.autonvaraosahaku.fi\/index.php?rest_route=%2Fwp%2Fv2%2Fproduct_tag&post=32476"}],"curies":[{"name":"wp","href":"https:\/\/api.w.org\/{rel}","templated":true}]}}