{"id":32478,"date":"2021-02-21T16:13:57","date_gmt":"2021-02-21T16:13:57","guid":{"rendered":"https:\/\/www.autonvaraosahaku.fi\/?product=tyc-15-0185-00-9-takavalot"},"modified":"2021-02-21T16:14:00","modified_gmt":"2021-02-21T16:14:00","slug":"tyc-15-0185-00-9-takavalot","status":"publish","type":"product","link":"https:\/\/www.autonvaraosahaku.fi\/?product=tyc-15-0185-00-9-takavalot","title":{"rendered":"TYC 15-0185-00-9 Takavalot"},"content":{"rendered":"<p>Asennuspuoli: Keskell\u00e4; Rekister\u00f6ity tyyppi: E-hyv\u00e4ksytty; Lamppumalli: LED; Lis\u00e4tarvike\/lis\u00e4tieto: LEDill\u00e4; Korvaava tuote\/korvaava tiedote 2: sis\u00e4\u00e4nrakennetulla suuttimella; V\u00e4ri: Punainen; Valmistusvuosi alkaen: 01\/2009; VW: GOLF VI 5K1,GOLF PLUS 5M1, 521,POLO 6R, 6C,GOLF VII 5G1, BE1,GOLF VII Kombi BA5,TIGUAN AD1,TIGUAN ALLSPACE BW2; 5K0945087, 5K0945087B, 5K0945087C, 5K0945087D<\/p>\n","protected":false},"excerpt":{"rendered":"<p>TYC lis\u00e4jarruvalo 15-0185-00-9  VW,GOLF VI 5K1,GOLF PLUS 5M1, 521,POLO 6R, 6C,GOLF VII 5G1, BE1,GOLF VII Kombi BA5,TIGUAN AD1,TIGUAN ALLSPACE BW2<\/p>\n","protected":false},"featured_media":0,"template":"","meta":{"site-sidebar-layout":"default","site-content-layout":"default","ast-global-header-display":"","ast-main-header-display":"","ast-hfb-above-header-display":"","ast-hfb-below-header-display":"","ast-hfb-mobile-header-display":"","site-post-title":"","ast-breadcrumbs-content":"","ast-featured-img":"","footer-sml-layout":"","theme-transparent-header-meta":"","adv-header-id-meta":"","stick-header-meta":"","header-above-stick-meta":"","header-main-stick-meta":"","header-below-stick-meta":""},"pwb-brand":[124],"product_cat":[159],"product_tag":[],"class_list":{"0":"post-32478","1":"product","2":"type-product","3":"status-publish","5":"pwb-brand-tyc","6":"product_cat-takavalot","7":"desktop-align-left","8":"tablet-align-left","9":"mobile-align-left","11":"first","12":"instock","13":"product-type-external"},"brands":[{"id":124,"name":"TYC","slug":"tyc"}],"_links":{"self":[{"href":"https:\/\/www.autonvaraosahaku.fi\/index.php?rest_route=\/wp\/v2\/product\/32478","targetHints":{"allow":["GET"]}}],"collection":[{"href":"https:\/\/www.autonvaraosahaku.fi\/index.php?rest_route=\/wp\/v2\/product"}],"about":[{"href":"https:\/\/www.autonvaraosahaku.fi\/index.php?rest_route=\/wp\/v2\/types\/product"}],"wp:attachment":[{"href":"https:\/\/www.autonvaraosahaku.fi\/index.php?rest_route=%2Fwp%2Fv2%2Fmedia&parent=32478"}],"wp:term":[{"taxonomy":"pwb-brand","embeddable":true,"href":"https:\/\/www.autonvaraosahaku.fi\/index.php?rest_route=%2Fwp%2Fv2%2Fpwb-brand&post=32478"},{"taxonomy":"product_cat","embeddable":true,"href":"https:\/\/www.autonvaraosahaku.fi\/index.php?rest_route=%2Fwp%2Fv2%2Fproduct_cat&post=32478"},{"taxonomy":"product_tag","embeddable":true,"href":"https:\/\/www.autonvaraosahaku.fi\/index.php?rest_route=%2Fwp%2Fv2%2Fproduct_tag&post=32478"}],"curies":[{"name":"wp","href":"https:\/\/api.w.org\/{rel}","templated":true}]}}