{"id":32486,"date":"2021-02-21T16:14:02","date_gmt":"2021-02-21T16:14:02","guid":{"rendered":"https:\/\/www.autonvaraosahaku.fi\/?product=ae-fol214-hydraulinen-venttiilinnostin"},"modified":"2021-02-21T16:14:03","modified_gmt":"2021-02-21T16:14:03","slug":"ae-fol214-hydraulinen-venttiilinnostin","status":"publish","type":"product","link":"https:\/\/www.autonvaraosahaku.fi\/?product=ae-fol214-hydraulinen-venttiilinnostin","title":{"rendered":"AE FOL214 Hydraulinen venttiilinnostin"},"content":{"rendered":"<p>Moottorinumero: DW12C (4HL); LAND ROVER: FREELANDER 2 FA_,RANGE ROVER EVOQUE LV,DISCOVERY SPORT LC; JAGUAR: XF _J05_, CC9,XF SPORTBRAKE CC9; LANCIA: PHEDRA 179; FORD: MONDEO IV Turnier BA7,S-MAX WA6,GALAXY WA6,MONDEO IV BA7,MONDEO IV Stufenheck BA7; FIAT: ULYSSE 179AX; CITRO\u00cbN: C5 III Break TD_,C8 EA_, EB_,C5 II Break RE_,C5 III RD_,C5 II RC_,C-CROSSER EP_,C6 TD_,C-CROSSER ENTERPRISE; PEUGEOT: 407 SW 6E_,807 E,508 SW,607 9D, 9U,407 6D_,508; MITSUBISHI: OUTLANDER XL II CW_W; 9653928680, 1450602, 6G9Q6564BA, LR004167, 0903H1; Vipupainin, Moottorin S\u00e4\u00e4t\u00f6<\/p>\n","protected":false},"excerpt":{"rendered":"<p>AE Keinuvipu FOL214 Vipupainin, Moottorin S\u00e4\u00e4t\u00f6 LAND ROVER,JAGUAR,LANCIA,FREELANDER 2 FA_,RANGE ROVER EVOQUE LV,DISCOVERY SPORT LC,XF _J05_, CC9<\/p>\n","protected":false},"featured_media":0,"template":"","meta":{"site-sidebar-layout":"default","site-content-layout":"default","ast-global-header-display":"","ast-main-header-display":"","ast-hfb-above-header-display":"","ast-hfb-below-header-display":"","ast-hfb-mobile-header-display":"","site-post-title":"","ast-breadcrumbs-content":"","ast-featured-img":"","footer-sml-layout":"","theme-transparent-header-meta":"","adv-header-id-meta":"","stick-header-meta":"","header-above-stick-meta":"","header-main-stick-meta":"","header-below-stick-meta":""},"pwb-brand":[190],"product_cat":[126],"product_tag":[],"class_list":{"0":"post-32486","1":"product","2":"type-product","3":"status-publish","5":"pwb-brand-ae","6":"product_cat-hydraulinen-venttiilinnostin","7":"desktop-align-left","8":"tablet-align-left","9":"mobile-align-left","11":"first","12":"instock","13":"product-type-external"},"brands":[{"id":190,"name":"AE","slug":"ae"}],"_links":{"self":[{"href":"https:\/\/www.autonvaraosahaku.fi\/index.php?rest_route=\/wp\/v2\/product\/32486","targetHints":{"allow":["GET"]}}],"collection":[{"href":"https:\/\/www.autonvaraosahaku.fi\/index.php?rest_route=\/wp\/v2\/product"}],"about":[{"href":"https:\/\/www.autonvaraosahaku.fi\/index.php?rest_route=\/wp\/v2\/types\/product"}],"wp:attachment":[{"href":"https:\/\/www.autonvaraosahaku.fi\/index.php?rest_route=%2Fwp%2Fv2%2Fmedia&parent=32486"}],"wp:term":[{"taxonomy":"pwb-brand","embeddable":true,"href":"https:\/\/www.autonvaraosahaku.fi\/index.php?rest_route=%2Fwp%2Fv2%2Fpwb-brand&post=32486"},{"taxonomy":"product_cat","embeddable":true,"href":"https:\/\/www.autonvaraosahaku.fi\/index.php?rest_route=%2Fwp%2Fv2%2Fproduct_cat&post=32486"},{"taxonomy":"product_tag","embeddable":true,"href":"https:\/\/www.autonvaraosahaku.fi\/index.php?rest_route=%2Fwp%2Fv2%2Fproduct_tag&post=32486"}],"curies":[{"name":"wp","href":"https:\/\/api.w.org\/{rel}","templated":true}]}}