{"id":32495,"date":"2021-02-21T16:14:02","date_gmt":"2021-02-21T16:14:02","guid":{"rendered":"https:\/\/www.autonvaraosahaku.fi\/?product=ridex-2412p0011-peruutustutka-anturit"},"modified":"2021-02-21T16:14:04","modified_gmt":"2021-02-21T16:14:04","slug":"ridex-2412p0011-peruutustutka-anturit","status":"publish","type":"product","link":"https:\/\/www.autonvaraosahaku.fi\/?product=ridex-2412p0011-peruutustutka-anturit","title":{"rendered":"RIDEX 2412P0011 Peruutustutka anturit"},"content":{"rendered":"<p>Asennuspuoli: Edess\u00e4, Takana, hinten; Pituus (mm): 34; Leveys (mm): 37; Korkeus (mm): 47; V\u00e4ri: Musta; Muoto: Kulmikas; Tunnistinmalli: Ultra\u00e4\u00e4nitunnistin; Lis\u00e4tarvike\/lis\u00e4tieto: Tiivisteill\u00e4; Liittimi\u00e4: 3; Kemialliset ominaisuudet: maalattavissa; Kopan v\u00e4ri: Musta; Paino [kg]: 0,033; Pakkaussyvyys [cm]: 6,8, 3,4; OPEL: CORSA C F08, F68,ZAFIRA B A05,ASTRA H Caravan L35,MERIVA,ZAFIRA A F75_,ASTRA G CC F48_, F08_,ASTRA H L48,ASTRA G Caravan F35_,VECTRA C Caravan,ASTRA H GTC L08,SIGNUM,VECTRA C,OMEGA B Caravan 21_, 22_, 23_,OMEGA B 25_, 26_, 27_,VECTRA C GTS,TIGRA TwinTop,ASTRA H TwinTop L67,VIVARO Kasten F7,ASTRA G Cabriolet F67,ASTRA G Coupe F07_,COMBO Kasten\/Kombi,ASTRA G Stufenheck F69_,VIVARO Combi J7,ZAFIRA B Van,COMBO Tour,ASTRA H Stufenheck L69,ASTRA H Kasten L70,VIVARO Pritsche\/Fahrgestell E7,ASTRA G Kasten F70; VAUXHALL: ZAFIRA Mk II B M75,ASTRA Mk V H CC,VECTRA Mk II C CC,ZAFIRA Mk I A F75,CORSA Mk II C W5L, F08,ASTRA Mk V H Estate,VECTRA Mk II C Estate,ASTRA Mk V H Convertible,ASTRA Mk IV G CC,VECTRA Mk II C,VIVARO Kasten F7,SIGNUM,ASTRA Mk IV G Sedan,MERIVA Mk I A,OMEGA B,TIGRA Convertible,ASTRAVAN Mk IV G,ASTRAVAN Mk V H,ASTRA Mk IV G Coupe F67,OMEGA B Estate,VIVARO Combi J7,VIVARO Pritsche\/Fahrgestell E7,ASTRA Mk IV G Convertible,COMBO Mk II C Kasten\/Kombi F25,ASTRA Mk IV G Estate; 12787793, 12802172, 6238242, 93172012, 12764245, 12764246, 12764247, 12764248, 12764250, 12764251, 12767075, 12773441, 12773442, 12773447, 12773449, 12773453, 12787793, 12802172, 12824854, 12843600, 12845791, 93172012; Tunnistin, Et\u00e4isyystunnistin<\/p>\n","protected":false},"excerpt":{"rendered":"<p>RIDEX Peruutustutka Anturit 2412P0011 Tunnistin, Et\u00e4isyystunnistin OPEL,VAUXHALL,CORSA C F08, F68,ZAFIRA B A05,ASTRA H Caravan L35,MERIVA<\/p>\n","protected":false},"featured_media":0,"template":"","meta":{"site-sidebar-layout":"default","site-content-layout":"default","ast-global-header-display":"","ast-main-header-display":"","ast-hfb-above-header-display":"","ast-hfb-below-header-display":"","ast-hfb-mobile-header-display":"","site-post-title":"","ast-breadcrumbs-content":"","ast-featured-img":"","footer-sml-layout":"","theme-transparent-header-meta":"","adv-header-id-meta":"","stick-header-meta":"","header-above-stick-meta":"","header-main-stick-meta":"","header-below-stick-meta":""},"pwb-brand":[157],"product_cat":[217],"product_tag":[],"class_list":{"0":"post-32495","1":"product","2":"type-product","3":"status-publish","5":"pwb-brand-ridex","6":"product_cat-peruutustutka-anturit","7":"desktop-align-left","8":"tablet-align-left","9":"mobile-align-left","11":"first","12":"instock","13":"product-type-external"},"brands":[{"id":157,"name":"RIDEX","slug":"ridex"}],"_links":{"self":[{"href":"https:\/\/www.autonvaraosahaku.fi\/index.php?rest_route=\/wp\/v2\/product\/32495","targetHints":{"allow":["GET"]}}],"collection":[{"href":"https:\/\/www.autonvaraosahaku.fi\/index.php?rest_route=\/wp\/v2\/product"}],"about":[{"href":"https:\/\/www.autonvaraosahaku.fi\/index.php?rest_route=\/wp\/v2\/types\/product"}],"wp:attachment":[{"href":"https:\/\/www.autonvaraosahaku.fi\/index.php?rest_route=%2Fwp%2Fv2%2Fmedia&parent=32495"}],"wp:term":[{"taxonomy":"pwb-brand","embeddable":true,"href":"https:\/\/www.autonvaraosahaku.fi\/index.php?rest_route=%2Fwp%2Fv2%2Fpwb-brand&post=32495"},{"taxonomy":"product_cat","embeddable":true,"href":"https:\/\/www.autonvaraosahaku.fi\/index.php?rest_route=%2Fwp%2Fv2%2Fproduct_cat&post=32495"},{"taxonomy":"product_tag","embeddable":true,"href":"https:\/\/www.autonvaraosahaku.fi\/index.php?rest_route=%2Fwp%2Fv2%2Fproduct_tag&post=32495"}],"curies":[{"name":"wp","href":"https:\/\/api.w.org\/{rel}","templated":true}]}}