{"id":32502,"date":"2021-02-21T16:14:06","date_gmt":"2021-02-21T16:14:06","guid":{"rendered":"https:\/\/www.autonvaraosahaku.fi\/?product=ridex-188c0285-jouset"},"modified":"2021-02-21T16:14:06","modified_gmt":"2021-02-21T16:14:06","slug":"ridex-188c0285-jouset","status":"publish","type":"product","link":"https:\/\/www.autonvaraosahaku.fi\/?product=ridex-188c0285-jouset","title":{"rendered":"RIDEX 188C0285 Jouset"},"content":{"rendered":"<p>Jousimalli: Kierrejousi kiinte\u00e4ll\u00e4 lankal\u00e4pimitalla; Asennuspuoli: Taka-akseli; Paksuus [mm]: 10,25; Pituus (mm): 350; Ulkol\u00e4pimitta [mm]: 110; Paino [kg]: 1,40; Oviluku: 2; VW: GOLF II 19E, 1G1,JETTA II 19E, 1G2, 165; 191511115A; Kierrejousi<\/p>\n","protected":false},"excerpt":{"rendered":"<p>RIDEX Jousi 188C0285 Kierrejousi VW,GOLF II 19E, 1G1,JETTA II 19E, 1G2, 165<\/p>\n","protected":false},"featured_media":0,"template":"","meta":{"site-sidebar-layout":"default","site-content-layout":"default","ast-global-header-display":"","ast-main-header-display":"","ast-hfb-above-header-display":"","ast-hfb-below-header-display":"","ast-hfb-mobile-header-display":"","site-post-title":"","ast-breadcrumbs-content":"","ast-featured-img":"","footer-sml-layout":"","theme-transparent-header-meta":"","adv-header-id-meta":"","stick-header-meta":"","header-above-stick-meta":"","header-main-stick-meta":"","header-below-stick-meta":""},"pwb-brand":[157],"product_cat":[171],"product_tag":[],"class_list":{"0":"post-32502","1":"product","2":"type-product","3":"status-publish","5":"pwb-brand-ridex","6":"product_cat-jouset","7":"desktop-align-left","8":"tablet-align-left","9":"mobile-align-left","11":"first","12":"instock","13":"product-type-external"},"brands":[{"id":157,"name":"RIDEX","slug":"ridex"}],"_links":{"self":[{"href":"https:\/\/www.autonvaraosahaku.fi\/index.php?rest_route=\/wp\/v2\/product\/32502","targetHints":{"allow":["GET"]}}],"collection":[{"href":"https:\/\/www.autonvaraosahaku.fi\/index.php?rest_route=\/wp\/v2\/product"}],"about":[{"href":"https:\/\/www.autonvaraosahaku.fi\/index.php?rest_route=\/wp\/v2\/types\/product"}],"wp:attachment":[{"href":"https:\/\/www.autonvaraosahaku.fi\/index.php?rest_route=%2Fwp%2Fv2%2Fmedia&parent=32502"}],"wp:term":[{"taxonomy":"pwb-brand","embeddable":true,"href":"https:\/\/www.autonvaraosahaku.fi\/index.php?rest_route=%2Fwp%2Fv2%2Fpwb-brand&post=32502"},{"taxonomy":"product_cat","embeddable":true,"href":"https:\/\/www.autonvaraosahaku.fi\/index.php?rest_route=%2Fwp%2Fv2%2Fproduct_cat&post=32502"},{"taxonomy":"product_tag","embeddable":true,"href":"https:\/\/www.autonvaraosahaku.fi\/index.php?rest_route=%2Fwp%2Fv2%2Fproduct_tag&post=32502"}],"curies":[{"name":"wp","href":"https:\/\/api.w.org\/{rel}","templated":true}]}}