{"id":32504,"date":"2021-02-21T16:14:06","date_gmt":"2021-02-21T16:14:06","guid":{"rendered":"https:\/\/www.autonvaraosahaku.fi\/?product=original-imperium-29625-muut-luokat"},"modified":"2021-02-21T16:14:07","modified_gmt":"2021-02-21T16:14:07","slug":"original-imperium-29625-muut-luokat","status":"publish","type":"product","link":"https:\/\/www.autonvaraosahaku.fi\/?product=original-imperium-29625-muut-luokat","title":{"rendered":"ORIGINAL IMPERIUM 29625 Muut luokat"},"content":{"rendered":"<p>Paino [g]: 40; Tarvittava kappalem\u00e4\u00e4r\u00e4: 1; M\u00e4\u00e4r\u00e4yksikk\u00f6: Kappale; Rakennemalli: Benzina TT; FIAT: PUNTO 188,PANDA 169,DUCATO Pritsche\/Fahrgestell 230,DUCATO Bus 230,DUCATO Kasten 244,PUNTO 176,DUCATO Pritsche\/Fahrgestell 244,DUCATO Kasten 290,DUCATO Pritsche\/Fahrgestell 290,PANDA Van 169,DUCATO Kasten 230L,DUCATO Kasten 280,DUCATO Pritsche\/Fahrgestell 280,PANDA 141A_,DUCATO Bus 244, Z_,STRADA Pick-up 178E,124 Spider,DUCATO Panorama 280,BRAVO I 182,BRAVA 182,SCUDO Kasten 220L,UNO 146A\/E,DUCATO Panorama 290,127,PALIO Weekend 178DX,FIORINO Kasten 146,600,850 Spider,TIPO 160,850,128,850 Coupe,125,TALENTO Pritsche\/Fahrgestell 290,TEMPRA 159,131,124 Coupe,RITMO I 138A,124,PUNTO Van 176L,TEMPRA S.W. 159,132,FIORINO Pick up 146,TALENTO Bus 290,FIORINO 147,TALENTO Kasten 290,REGATA 138,RITMO Cabriolet,127 Panorama,FIORINO Pick up 147,REGATA Weekend 138; PEUGEOT: J5 Kasten 290L; SEAT: RONDA 022A,FURA 025A; LANCIA: DELTA I 831AB0,DEDRA 835,A 112,DEDRA SW 835; AUTOBIANCHI: A 112; 004232606, 04232606, 4232606, 04232606, 4232606, 025843, 25843, 025843, 25843, 04232606, 4232606, 004232606, 04232606, 21011009146, 04232606, 4232606, 025843, 25843; Korkki<\/p>\n","protected":false},"excerpt":{"rendered":"<p>ORIGINAL IMPERIUM \u00d6ljykorkki 29625 Korkki FIAT,PEUGEOT,SEAT,PUNTO 188,PANDA 169,DUCATO Pritsche\/Fahrgestell 230,DUCATO Bus 230,DUCATO Kasten 244<\/p>\n","protected":false},"featured_media":0,"template":"","meta":{"site-sidebar-layout":"default","site-content-layout":"default","ast-global-header-display":"","ast-main-header-display":"","ast-hfb-above-header-display":"","ast-hfb-below-header-display":"","ast-hfb-mobile-header-display":"","site-post-title":"","ast-breadcrumbs-content":"","ast-featured-img":"","footer-sml-layout":"","theme-transparent-header-meta":"","adv-header-id-meta":"","stick-header-meta":"","header-above-stick-meta":"","header-main-stick-meta":"","header-below-stick-meta":""},"pwb-brand":[72],"product_cat":[37],"product_tag":[],"class_list":{"0":"post-32504","1":"product","2":"type-product","3":"status-publish","5":"pwb-brand-original-imperium","6":"product_cat-muut-luokat","7":"desktop-align-left","8":"tablet-align-left","9":"mobile-align-left","11":"first","12":"instock","13":"product-type-external"},"brands":[{"id":72,"name":"ORIGINAL IMPERIUM","slug":"original-imperium"}],"_links":{"self":[{"href":"https:\/\/www.autonvaraosahaku.fi\/index.php?rest_route=\/wp\/v2\/product\/32504","targetHints":{"allow":["GET"]}}],"collection":[{"href":"https:\/\/www.autonvaraosahaku.fi\/index.php?rest_route=\/wp\/v2\/product"}],"about":[{"href":"https:\/\/www.autonvaraosahaku.fi\/index.php?rest_route=\/wp\/v2\/types\/product"}],"wp:attachment":[{"href":"https:\/\/www.autonvaraosahaku.fi\/index.php?rest_route=%2Fwp%2Fv2%2Fmedia&parent=32504"}],"wp:term":[{"taxonomy":"pwb-brand","embeddable":true,"href":"https:\/\/www.autonvaraosahaku.fi\/index.php?rest_route=%2Fwp%2Fv2%2Fpwb-brand&post=32504"},{"taxonomy":"product_cat","embeddable":true,"href":"https:\/\/www.autonvaraosahaku.fi\/index.php?rest_route=%2Fwp%2Fv2%2Fproduct_cat&post=32504"},{"taxonomy":"product_tag","embeddable":true,"href":"https:\/\/www.autonvaraosahaku.fi\/index.php?rest_route=%2Fwp%2Fv2%2Fproduct_tag&post=32504"}],"curies":[{"name":"wp","href":"https:\/\/api.w.org\/{rel}","templated":true}]}}