{"id":32522,"date":"2021-02-21T16:14:10","date_gmt":"2021-02-21T16:14:10","guid":{"rendered":"https:\/\/www.autonvaraosahaku.fi\/?product=ridex-82b0675-jarrulevyt"},"modified":"2021-02-21T16:14:11","modified_gmt":"2021-02-21T16:14:11","slug":"ridex-82b0675-jarrulevyt","status":"publish","type":"product","link":"https:\/\/www.autonvaraosahaku.fi\/?product=ridex-82b0675-jarrulevyt","title":{"rendered":"RIDEX 82B0675 Jarrulevyt"},"content":{"rendered":"<p>Jarrulevytyyppi: Tuuletettu; Ulkol\u00e4pimitta [mm]: 275; Jarrulevyn paksuus (mm): 28; V\u00e4himm\u00e4ispaksuus (mm): 26; keskitt\u00e4misl\u00e4pimitta [mm]: 55; Korkeus (mm): 49,2; Reik\u00e4ympyr\u00e4-\u00d8 [mm]: 100; V\u00e4ri: Musta; Sis\u00e4l\u00e4pimitta [mm]: 132; Reik\u00e4kuvio\/-m\u00e4\u00e4r\u00e4: 5\/7; Reik\u00e4-\u00d8 [mm]: 14,8; Asennuspuoli: Etuakseli, Vorderachse; TOYOTA: AVENSIS _T22_,AVENSIS Station Wagon _T22_,AVENSIS Liftback _T22_,CELICA ST20_, AT20_,CELICA Coupe AT18_, ST18_,CELICA Liftback ST16_, AT16_,CELICA Cabriolet AT18_, ST18_,CELICA Coupe ST16_, AT16_,CELICA Cabriolet ST16_, AT16_,HIACE II Wagon LH7_, LH5_, LH6_, YH7_, YH6_, YH5_,CELICA Cabriolet AT20_, ST20_,CELICA AT16_, ST16_; 4351220190, 4351220280, 4351220380, 4351220430, 4351220440, 4351220590, 4351220600, 4351220601, 4351220630, 4351220640; Jarrulevy<\/p>\n","protected":false},"excerpt":{"rendered":"<p>RIDEX Jarrulevyt 82B0675 Jarrulevy TOYOTA,AVENSIS _T22_,AVENSIS Station Wagon _T22_,AVENSIS Liftback _T22_,CELICA ST20_, AT20_<\/p>\n","protected":false},"featured_media":0,"template":"","meta":{"site-sidebar-layout":"default","site-content-layout":"default","ast-global-header-display":"","ast-main-header-display":"","ast-hfb-above-header-display":"","ast-hfb-below-header-display":"","ast-hfb-mobile-header-display":"","site-post-title":"","ast-breadcrumbs-content":"","ast-featured-img":"","footer-sml-layout":"","theme-transparent-header-meta":"","adv-header-id-meta":"","stick-header-meta":"","header-above-stick-meta":"","header-main-stick-meta":"","header-below-stick-meta":""},"pwb-brand":[157],"product_cat":[66],"product_tag":[],"class_list":{"0":"post-32522","1":"product","2":"type-product","3":"status-publish","5":"pwb-brand-ridex","6":"product_cat-jarrulevyt","7":"desktop-align-left","8":"tablet-align-left","9":"mobile-align-left","11":"first","12":"instock","13":"product-type-external"},"brands":[{"id":157,"name":"RIDEX","slug":"ridex"}],"_links":{"self":[{"href":"https:\/\/www.autonvaraosahaku.fi\/index.php?rest_route=\/wp\/v2\/product\/32522","targetHints":{"allow":["GET"]}}],"collection":[{"href":"https:\/\/www.autonvaraosahaku.fi\/index.php?rest_route=\/wp\/v2\/product"}],"about":[{"href":"https:\/\/www.autonvaraosahaku.fi\/index.php?rest_route=\/wp\/v2\/types\/product"}],"wp:attachment":[{"href":"https:\/\/www.autonvaraosahaku.fi\/index.php?rest_route=%2Fwp%2Fv2%2Fmedia&parent=32522"}],"wp:term":[{"taxonomy":"pwb-brand","embeddable":true,"href":"https:\/\/www.autonvaraosahaku.fi\/index.php?rest_route=%2Fwp%2Fv2%2Fpwb-brand&post=32522"},{"taxonomy":"product_cat","embeddable":true,"href":"https:\/\/www.autonvaraosahaku.fi\/index.php?rest_route=%2Fwp%2Fv2%2Fproduct_cat&post=32522"},{"taxonomy":"product_tag","embeddable":true,"href":"https:\/\/www.autonvaraosahaku.fi\/index.php?rest_route=%2Fwp%2Fv2%2Fproduct_tag&post=32522"}],"curies":[{"name":"wp","href":"https:\/\/api.w.org\/{rel}","templated":true}]}}