{"id":32560,"date":"2021-02-21T16:14:18","date_gmt":"2021-02-21T16:14:18","guid":{"rendered":"https:\/\/www.autonvaraosahaku.fi\/?product=optimal-g0-782-raidetanko"},"modified":"2021-02-21T16:14:18","modified_gmt":"2021-02-21T16:14:18","slug":"optimal-g0-782-raidetanko","status":"publish","type":"product","link":"https:\/\/www.autonvaraosahaku.fi\/?product=optimal-g0-782-raidetanko","title":{"rendered":"OPTIMAL G0-782 Raidetanko"},"content":{"rendered":"<p>Asennuspuoli: Etuakseli, Vasen; Pituus (mm): 385,8; Tarvittava kappalem\u00e4\u00e4r\u00e4: 1; Kartiomitta (mm): 16,15; Asennusmalli: Esiasennettu; M\u00e4\u00e4r\u00e4yksikk\u00f6: Sarja; Ulkokierre 1 [mm]: M14 x 1,50 RHT M; Ulkokierre 2 [mm]: M16 x 1,50 RHT M; parilliset tuotenumerot: G0-783; Ei varustelumuunnoksille: AMG BLACK SERIES; MERCEDES-BENZ: C-CLASS W203,C-CLASS T-Model S203,C-CLASS Coupe CL203,CLK C209,CLK Cabriolet A209,CLC-CLASS CL203; 2033301903, 2033303903, 2203380715, 2303380015, A2033301903, A2033303903, A2203380715, A2303380015<\/p>\n","protected":false},"excerpt":{"rendered":"<p>OPTIMAL Raidetanko G0-782  MERCEDES-BENZ,C-CLASS W203,C-CLASS T-Model S203,C-CLASS Coupe CL203,CLK C209,CLK Cabriolet A209,CLC-CLASS CL203<\/p>\n","protected":false},"featured_media":0,"template":"","meta":{"site-sidebar-layout":"default","site-content-layout":"default","ast-global-header-display":"","ast-main-header-display":"","ast-hfb-above-header-display":"","ast-hfb-below-header-display":"","ast-hfb-mobile-header-display":"","site-post-title":"","ast-breadcrumbs-content":"","ast-featured-img":"","footer-sml-layout":"","theme-transparent-header-meta":"","adv-header-id-meta":"","stick-header-meta":"","header-above-stick-meta":"","header-main-stick-meta":"","header-below-stick-meta":""},"pwb-brand":[307],"product_cat":[258],"product_tag":[],"class_list":{"0":"post-32560","1":"product","2":"type-product","3":"status-publish","5":"pwb-brand-optimal","6":"product_cat-raidetanko","7":"desktop-align-left","8":"tablet-align-left","9":"mobile-align-left","11":"first","12":"instock","13":"product-type-external"},"brands":[{"id":307,"name":"OPTIMAL","slug":"optimal"}],"_links":{"self":[{"href":"https:\/\/www.autonvaraosahaku.fi\/index.php?rest_route=\/wp\/v2\/product\/32560","targetHints":{"allow":["GET"]}}],"collection":[{"href":"https:\/\/www.autonvaraosahaku.fi\/index.php?rest_route=\/wp\/v2\/product"}],"about":[{"href":"https:\/\/www.autonvaraosahaku.fi\/index.php?rest_route=\/wp\/v2\/types\/product"}],"wp:attachment":[{"href":"https:\/\/www.autonvaraosahaku.fi\/index.php?rest_route=%2Fwp%2Fv2%2Fmedia&parent=32560"}],"wp:term":[{"taxonomy":"pwb-brand","embeddable":true,"href":"https:\/\/www.autonvaraosahaku.fi\/index.php?rest_route=%2Fwp%2Fv2%2Fpwb-brand&post=32560"},{"taxonomy":"product_cat","embeddable":true,"href":"https:\/\/www.autonvaraosahaku.fi\/index.php?rest_route=%2Fwp%2Fv2%2Fproduct_cat&post=32560"},{"taxonomy":"product_tag","embeddable":true,"href":"https:\/\/www.autonvaraosahaku.fi\/index.php?rest_route=%2Fwp%2Fv2%2Fproduct_tag&post=32560"}],"curies":[{"name":"wp","href":"https:\/\/api.w.org\/{rel}","templated":true}]}}