{"id":32566,"date":"2021-02-21T16:14:18","date_gmt":"2021-02-21T16:14:18","guid":{"rendered":"https:\/\/www.autonvaraosahaku.fi\/?product=ridex-288r0002-laturin-jannitteensaadin"},"modified":"2021-02-21T16:14:19","modified_gmt":"2021-02-21T16:14:19","slug":"ridex-288r0002-laturin-jannitteensaadin","status":"publish","type":"product","link":"https:\/\/www.autonvaraosahaku.fi\/?product=ridex-288r0002-laturin-jannitteensaadin","title":{"rendered":"RIDEX 288R0002 Laturin j\u00e4nnitteens\u00e4\u00e4din"},"content":{"rendered":"<p>Nimellisj\u00e4nnite (V): 12; Varusteet: f\u00fcr Fahrzeuge ohne Start-Stopp-Funktion; VW: GOLF IV 1J1,GOLF V 1K1,POLO 9N_,TOURAN 1T1, 1T2,GOLF VI 5K1,PASSAT Variant 3C5,GOLF PLUS 5M1, 521,PASSAT Variant 3B6,TRANSPORTER IV Bus 70XB, 70XC, 7DB, 7DW,LUPO 6X1, 6E1,PASSAT 3C2,POLO 6R, 6C,TIGUAN 5N_,PASSAT Variant 365,GOLF IV Variant 1J5,SHARAN 7M8, 7M9, 7M6,POLO 6N2,CADDY III Kombi 2KB, 2KJ, 2CB, 2CJ,PASSAT Variant 3B5,TRANSPORTER V Bus 7HB, 7HJ, 7EB, 7EJ, 7EF,FOX 5Z1, 5Z3,TOUAREG 7LA, 7L6, 7L7,GOLF V Variant 1K5,CADDY III Kasten 2KA, 2KH, 2CA, 2CH,BORA 1J2,PASSAT 3B2,TRANSPORTER IV Kasten 70XA,EOS 1F7, 1F8,SCIROCCO 137, 138,TRANSPORTER V Kasten 7HA, 7HH, 7EA, 7EH,PASSAT CC 357,NEW BEETLE 9C1, 1C1,PASSAT 3B3,SHARAN 7N1, 7N2,BORA Kombi 1J6,NEW BEETLE Cabriolet 1Y7,JETTA III 1K2,TRANSPORTER IV Pritsche\/Fahrgestell 70XD,PASSAT 362,AMAROK 2H_, S1B,CC 358,LT 28-46 II Kasten 2DA, 2DD, 2DH,BEETLE 5C1,JETTA IV 162, 163,POLO Stufenheck,TRANSPORTER V Pritsche\/Fahrgestell 7JD, 7JE, 7JL, 7JY, 7JZ,,LT 28-35 II Bus 2DB, 2DE, 2DK,LT 28-46 II Pritsche\/Fahrgestell 2DC, 2DF; AUDI: A3 8P1,A3 Sportback 8PA,A4 Avant 8ED, B7,A4 Avant 8E5, B6,A6 Avant 4B5, C5,A4 8E2, B6,A2 8Z0,A6 4B2, C5,A4 8EC, B7,TT 8N3,TT 8J3,TT Roadster 8N9,A1 Sportback 8XA, 8XK,TT Roadster 8J9; SKODA: OCTAVIA Combi 1Z5,FABIA Combi 6Y5,FABIA,FABIA 6Y2,OCTAVIA Combi 1U5,ROOMSTER 5J,YETI 5L,SUPERB Kombi 3T5,OCTAVIA 1Z3,OCTAVIA 1U2,SUPERB 3U4,SUPERB 3T4,FABIA Stufenheck 6Y3,ROOMSTER Praktik 5J,RAPID NH3; SEAT: IBIZA IV 6L1,LEON 1P1,IBIZA V 6J5, 6P5,ALTEA 5P1,ALHAMBRA 7V8, 7V9,ALTEA XL 5P5, 5P8,IBIZA V ST 6J8, 6P8,EXEO ST 3R5,ALHAMBRA 710, 711,IBIZA V SPORTCOUPE 6J1, 6P1,EXEO 3R2,CORDOBA 6L2,TOLEDO III 5P2,TOLEDO IV KG3; 06F903803, 06F903803A, 06F903803B, 070903803B, 070903803E, 078903803E, 06F903803, 06F903803A, 06F903803B, 070903803B, 070903803E, 078903803E, 06F903803, 06F903803A, 06F903803B, 070903803B, 070903803E, 078903803E, 06F903803, 06F903803A, 06F903803B, 070903803B, 070903803E, 078903803E; Laturin S\u00e4\u00e4din,J\u00e4nniteens\u00e4\u00e4din<\/p>\n","protected":false},"excerpt":{"rendered":"<p>RIDEX Laturin J\u00e4nnitteens\u00e4\u00e4din 288R0002 Laturin S\u00e4\u00e4din,J\u00e4nniteens\u00e4\u00e4din VW,AUDI,SKODA,GOLF IV 1J1,GOLF V 1K1,POLO 9N_,TOURAN 1T1, 1T2,GOLF VI 5K1<\/p>\n","protected":false},"featured_media":0,"template":"","meta":{"site-sidebar-layout":"default","site-content-layout":"default","ast-global-header-display":"","ast-main-header-display":"","ast-hfb-above-header-display":"","ast-hfb-below-header-display":"","ast-hfb-mobile-header-display":"","site-post-title":"","ast-breadcrumbs-content":"","ast-featured-img":"","footer-sml-layout":"","theme-transparent-header-meta":"","adv-header-id-meta":"","stick-header-meta":"","header-above-stick-meta":"","header-main-stick-meta":"","header-below-stick-meta":""},"pwb-brand":[157],"product_cat":[420],"product_tag":[],"class_list":{"0":"post-32566","1":"product","2":"type-product","3":"status-publish","5":"pwb-brand-ridex","6":"product_cat-laturin-jannitteensaadin","7":"desktop-align-left","8":"tablet-align-left","9":"mobile-align-left","11":"first","12":"instock","13":"product-type-external"},"brands":[{"id":157,"name":"RIDEX","slug":"ridex"}],"_links":{"self":[{"href":"https:\/\/www.autonvaraosahaku.fi\/index.php?rest_route=\/wp\/v2\/product\/32566","targetHints":{"allow":["GET"]}}],"collection":[{"href":"https:\/\/www.autonvaraosahaku.fi\/index.php?rest_route=\/wp\/v2\/product"}],"about":[{"href":"https:\/\/www.autonvaraosahaku.fi\/index.php?rest_route=\/wp\/v2\/types\/product"}],"wp:attachment":[{"href":"https:\/\/www.autonvaraosahaku.fi\/index.php?rest_route=%2Fwp%2Fv2%2Fmedia&parent=32566"}],"wp:term":[{"taxonomy":"pwb-brand","embeddable":true,"href":"https:\/\/www.autonvaraosahaku.fi\/index.php?rest_route=%2Fwp%2Fv2%2Fpwb-brand&post=32566"},{"taxonomy":"product_cat","embeddable":true,"href":"https:\/\/www.autonvaraosahaku.fi\/index.php?rest_route=%2Fwp%2Fv2%2Fproduct_cat&post=32566"},{"taxonomy":"product_tag","embeddable":true,"href":"https:\/\/www.autonvaraosahaku.fi\/index.php?rest_route=%2Fwp%2Fv2%2Fproduct_tag&post=32566"}],"curies":[{"name":"wp","href":"https:\/\/api.w.org\/{rel}","templated":true}]}}