{"id":32572,"date":"2021-02-21T16:14:18","date_gmt":"2021-02-21T16:14:18","guid":{"rendered":"https:\/\/www.autonvaraosahaku.fi\/?product=topran-502-787-kampiakselin-hihnapyora"},"modified":"2021-02-21T16:14:20","modified_gmt":"2021-02-21T16:14:20","slug":"topran-502-787-kampiakselin-hihnapyora","status":"publish","type":"product","link":"https:\/\/www.autonvaraosahaku.fi\/?product=topran-502-787-kampiakselin-hihnapyora","title":{"rendered":"TOPRAN 502 787 Kampiakselin hihnapy\u00f6r\u00e4"},"content":{"rendered":"<p>Hihnapy\u00f6r\u00e4t: Moniurahihnapy\u00f6r\u00e4; Korvaava tuote\/korvaava tiedote 2: kytketty; T\u00e4ristys: V\u00e4r\u00e4htelynvaimentimella; Materiaali: Kumi-metalli; suositeltu korjauksenlaajennus ks. tarvikeluettelo: ; Valmistusvuoteen: 06\/2012; BMW: 5 Touring F11,5 F10, F18,X5 E70,7 F01, F02, F03, F04,5 Gran Turismo F07,X6 E71, E72; 11237800026, 7800026; Hihnapy\u00f6r\u00e4, Kampiakseli<\/p>\n","protected":false},"excerpt":{"rendered":"<p>TOPRAN Kampiakselin Hihnapy\u00f6r\u00e4 502 787 Hihnapy\u00f6r\u00e4, Kampiakseli BMW,5 Touring F11,5 F10, F18,X5 E70,7 F01, F02, F03, F04,5 Gran Turismo F07,X6 E71, E72<\/p>\n","protected":false},"featured_media":0,"template":"","meta":{"site-sidebar-layout":"default","site-content-layout":"default","ast-global-header-display":"","ast-main-header-display":"","ast-hfb-above-header-display":"","ast-hfb-below-header-display":"","ast-hfb-mobile-header-display":"","site-post-title":"","ast-breadcrumbs-content":"","ast-featured-img":"","footer-sml-layout":"","theme-transparent-header-meta":"","adv-header-id-meta":"","stick-header-meta":"","header-above-stick-meta":"","header-main-stick-meta":"","header-below-stick-meta":""},"pwb-brand":[18],"product_cat":[219],"product_tag":[],"class_list":{"0":"post-32572","1":"product","2":"type-product","3":"status-publish","5":"pwb-brand-topran","6":"product_cat-kampiakselin-hihnapyora","7":"desktop-align-left","8":"tablet-align-left","9":"mobile-align-left","11":"first","12":"instock","13":"product-type-external"},"brands":[{"id":18,"name":"TOPRAN","slug":"topran"}],"_links":{"self":[{"href":"https:\/\/www.autonvaraosahaku.fi\/index.php?rest_route=\/wp\/v2\/product\/32572","targetHints":{"allow":["GET"]}}],"collection":[{"href":"https:\/\/www.autonvaraosahaku.fi\/index.php?rest_route=\/wp\/v2\/product"}],"about":[{"href":"https:\/\/www.autonvaraosahaku.fi\/index.php?rest_route=\/wp\/v2\/types\/product"}],"wp:attachment":[{"href":"https:\/\/www.autonvaraosahaku.fi\/index.php?rest_route=%2Fwp%2Fv2%2Fmedia&parent=32572"}],"wp:term":[{"taxonomy":"pwb-brand","embeddable":true,"href":"https:\/\/www.autonvaraosahaku.fi\/index.php?rest_route=%2Fwp%2Fv2%2Fpwb-brand&post=32572"},{"taxonomy":"product_cat","embeddable":true,"href":"https:\/\/www.autonvaraosahaku.fi\/index.php?rest_route=%2Fwp%2Fv2%2Fproduct_cat&post=32572"},{"taxonomy":"product_tag","embeddable":true,"href":"https:\/\/www.autonvaraosahaku.fi\/index.php?rest_route=%2Fwp%2Fv2%2Fproduct_tag&post=32572"}],"curies":[{"name":"wp","href":"https:\/\/api.w.org\/{rel}","templated":true}]}}