{"id":32576,"date":"2021-02-21T16:14:18","date_gmt":"2021-02-21T16:14:18","guid":{"rendered":"https:\/\/www.autonvaraosahaku.fi\/?product=topran-116-058-lasinnostimen-kytkin"},"modified":"2021-02-21T16:14:21","modified_gmt":"2021-02-21T16:14:21","slug":"topran-116-058-lasinnostimen-kytkin","status":"publish","type":"product","link":"https:\/\/www.autonvaraosahaku.fi\/?product=topran-116-058-lasinnostimen-kytkin","title":{"rendered":"TOPRAN 116 058 Lasinnostimen kytkin"},"content":{"rendered":"<p>V\u00e4rikoodi: 9B9; V\u00e4ri: Musta; K\u00e4ytt\u00f6tapa: Vipukytkin; Varusteet: ajon. s\u00e4hk\u00f6-ikkunanostimilla edess\u00e4; Katkaisijavalaistus: Punainen; Napojen m\u00e4\u00e4r\u00e4: 4; Asennuspuoli: Etu, vasen, Ajoneuvo-ovi; Kotelomateriaali: Muovi; Asennusmalli: Liitin; Moottorinumero: AXD; VW: TRANSPORTER V Bus 7HB, 7HJ, 7EB, 7EJ, 7EF,TRANSPORTER V Kasten 7HA, 7HH, 7EA, 7EH,TRANSPORTER V Pritsche\/Fahrgestell 7JD, 7JE, 7JL, 7JY, 7JZ,; 7E0959855A, 7E0959855A3X1, 7E0959855A9B9, 7E0959855B, 7E0959855B9B9; Kytkin, Lasinnostin<\/p>\n","protected":false},"excerpt":{"rendered":"<p>TOPRAN Lasinnostimen Kytkin 116 058 Kytkin, Lasinnostin VW,TRANSPORTER V Bus 7HB, 7HJ, 7EB, 7EJ, 7EF,TRANSPORTER V Kasten 7HA, 7HH, 7EA, 7EH<\/p>\n","protected":false},"featured_media":0,"template":"","meta":{"site-sidebar-layout":"default","site-content-layout":"default","ast-global-header-display":"","ast-main-header-display":"","ast-hfb-above-header-display":"","ast-hfb-below-header-display":"","ast-hfb-mobile-header-display":"","site-post-title":"","ast-breadcrumbs-content":"","ast-featured-img":"","footer-sml-layout":"","theme-transparent-header-meta":"","adv-header-id-meta":"","stick-header-meta":"","header-above-stick-meta":"","header-main-stick-meta":"","header-below-stick-meta":""},"pwb-brand":[18],"product_cat":[135],"product_tag":[],"class_list":{"0":"post-32576","1":"product","2":"type-product","3":"status-publish","5":"pwb-brand-topran","6":"product_cat-lasinnostimen-kytkin","7":"desktop-align-left","8":"tablet-align-left","9":"mobile-align-left","11":"first","12":"instock","13":"product-type-external"},"brands":[{"id":18,"name":"TOPRAN","slug":"topran"}],"_links":{"self":[{"href":"https:\/\/www.autonvaraosahaku.fi\/index.php?rest_route=\/wp\/v2\/product\/32576","targetHints":{"allow":["GET"]}}],"collection":[{"href":"https:\/\/www.autonvaraosahaku.fi\/index.php?rest_route=\/wp\/v2\/product"}],"about":[{"href":"https:\/\/www.autonvaraosahaku.fi\/index.php?rest_route=\/wp\/v2\/types\/product"}],"wp:attachment":[{"href":"https:\/\/www.autonvaraosahaku.fi\/index.php?rest_route=%2Fwp%2Fv2%2Fmedia&parent=32576"}],"wp:term":[{"taxonomy":"pwb-brand","embeddable":true,"href":"https:\/\/www.autonvaraosahaku.fi\/index.php?rest_route=%2Fwp%2Fv2%2Fpwb-brand&post=32576"},{"taxonomy":"product_cat","embeddable":true,"href":"https:\/\/www.autonvaraosahaku.fi\/index.php?rest_route=%2Fwp%2Fv2%2Fproduct_cat&post=32576"},{"taxonomy":"product_tag","embeddable":true,"href":"https:\/\/www.autonvaraosahaku.fi\/index.php?rest_route=%2Fwp%2Fv2%2Fproduct_tag&post=32576"}],"curies":[{"name":"wp","href":"https:\/\/api.w.org\/{rel}","templated":true}]}}