{"id":32598,"date":"2021-02-21T16:14:22","date_gmt":"2021-02-21T16:14:22","guid":{"rendered":"https:\/\/www.autonvaraosahaku.fi\/?product=metzger-2317015-keskuslukitus"},"modified":"2021-02-21T16:14:25","modified_gmt":"2021-02-21T16:14:25","slug":"metzger-2317015-keskuslukitus","status":"publish","type":"product","link":"https:\/\/www.autonvaraosahaku.fi\/?product=metzger-2317015-keskuslukitus","title":{"rendered":"METZGER 2317015 Keskuslukitus"},"content":{"rendered":"<p>K\u00e4ytt\u00f6: S\u00e4hk\u00f6inen; Asennuspuoli: Tavaratila; AUDI: A4 8E2, B6,A2 8Z0; Keskuslukitussarja,S\u00e4\u00e4t\u00f6elementti, Keskuslukitus<\/p>\n","protected":false},"excerpt":{"rendered":"<p>METZGER Keskuslukitus 2317015 Keskuslukitussarja,S\u00e4\u00e4t\u00f6elementti, Keskuslukitus AUDI,A4 8E2, B6,A2 8Z0<\/p>\n","protected":false},"featured_media":0,"template":"","meta":{"site-sidebar-layout":"default","site-content-layout":"default","ast-global-header-display":"","ast-main-header-display":"","ast-hfb-above-header-display":"","ast-hfb-below-header-display":"","ast-hfb-mobile-header-display":"","site-post-title":"","ast-breadcrumbs-content":"","ast-featured-img":"","footer-sml-layout":"","theme-transparent-header-meta":"","adv-header-id-meta":"","stick-header-meta":"","header-above-stick-meta":"","header-main-stick-meta":"","header-below-stick-meta":""},"pwb-brand":[69],"product_cat":[202],"product_tag":[],"class_list":{"0":"post-32598","1":"product","2":"type-product","3":"status-publish","5":"pwb-brand-metzger","6":"product_cat-keskuslukitus","7":"desktop-align-left","8":"tablet-align-left","9":"mobile-align-left","11":"first","12":"instock","13":"product-type-external"},"brands":[{"id":69,"name":"METZGER","slug":"metzger"}],"_links":{"self":[{"href":"https:\/\/www.autonvaraosahaku.fi\/index.php?rest_route=\/wp\/v2\/product\/32598","targetHints":{"allow":["GET"]}}],"collection":[{"href":"https:\/\/www.autonvaraosahaku.fi\/index.php?rest_route=\/wp\/v2\/product"}],"about":[{"href":"https:\/\/www.autonvaraosahaku.fi\/index.php?rest_route=\/wp\/v2\/types\/product"}],"wp:attachment":[{"href":"https:\/\/www.autonvaraosahaku.fi\/index.php?rest_route=%2Fwp%2Fv2%2Fmedia&parent=32598"}],"wp:term":[{"taxonomy":"pwb-brand","embeddable":true,"href":"https:\/\/www.autonvaraosahaku.fi\/index.php?rest_route=%2Fwp%2Fv2%2Fpwb-brand&post=32598"},{"taxonomy":"product_cat","embeddable":true,"href":"https:\/\/www.autonvaraosahaku.fi\/index.php?rest_route=%2Fwp%2Fv2%2Fproduct_cat&post=32598"},{"taxonomy":"product_tag","embeddable":true,"href":"https:\/\/www.autonvaraosahaku.fi\/index.php?rest_route=%2Fwp%2Fv2%2Fproduct_tag&post=32598"}],"curies":[{"name":"wp","href":"https:\/\/api.w.org\/{rel}","templated":true}]}}