{"id":32607,"date":"2021-02-21T16:14:26","date_gmt":"2021-02-21T16:14:26","guid":{"rendered":"https:\/\/www.autonvaraosahaku.fi\/?product=kyb-9337505-iskunvaimennin"},"modified":"2021-02-21T16:14:27","modified_gmt":"2021-02-21T16:14:27","slug":"kyb-9337505-iskunvaimennin","status":"publish","type":"product","link":"https:\/\/www.autonvaraosahaku.fi\/?product=kyb-9337505-iskunvaimennin","title":{"rendered":"KYB 9337505 Iskunvaimennin"},"content":{"rendered":"<p>Asennuspuoli: Etuakseli; Iskunvaimennusj\u00e4rjestelm\u00e4: Kaksiputki; Iskunvaimennin tyyppi: Kaasupaine; Iskunvaimennin malli: Joustintuki; Tuotelinja: K&#8217;lassic; Hy\u00f6tykuorma korkeintaan [kg]: 700; FORD: ESCORT VII GAL, AAL, ABL,ESCORT VII Kombi GAL, ANL,ESCORT VII Cabriolet ALL,ESCORT &#8217;95 Express AVL,ESCORT VII Stufenheck GAL, AFL,ESCORT CLASSIC AAL, ABL; 1010258, 1010262, 1010263, 1015789, 1015791, 1015792, 1309077, 1309078, 1309079, 5031011, 5031012, 5031013, 5031014, 5031015, 5031016, 5031017, 5031018, 5031019, 5031020, 5031021, 7331742, 7331748, 7379676, 7379677, 7379678, 7379679, 7379680, 7379681, 7379682, 7379683, 7379684, 7379685, 7379686, 7399370, 7399371, 7399373, 7399375, 7399376, 7399377, 7399378, 7399379, 7399380, 95AB18045BD, 95AB18045BE, 95AB18045CB, 95AB18045DD, 95AB18045ED, 95AB18045EE, 95AB18045HD, 95AB18045HE, 95AB18045JB, 95AB18045JD, 95AB18045JE, 95AB18045JF, 95AB18045KD, 95AB18045KE, 95AB18045LA, 95AB18045LB, 95AB18045PA, 95AB18045RA, 95AB18048JE, 95AX18045BD, 95AX18045BE, 95AX18045CD, 95AX18045DD, 95AX18045DE, 95AX18045ED, 95AX18045EE, 95AX18045FD, 95AX18045HD, 95AX18045HE, 95AX18045JD, 95AX18045JE, 95AX18045JF, 95AX18045KD, 95AX18045KE, 95AX18045LA, 95AX18045LB, 95AX18045MA, 95AX18045MB, 95AX18045NA, 95AX18045PA, 95AX18045RA, AM95AX18045CE, AM95AX18045JF, AM95AX18045KE; Iskarit,Iskunvaimennin<\/p>\n","protected":false},"excerpt":{"rendered":"<p>KYB Iskunvaimentimet 9337505 Iskarit,Iskunvaimennin FORD,ESCORT VII GAL, AAL, ABL,ESCORT VII Kombi GAL, ANL,ESCORT VII Cabriolet ALL<\/p>\n","protected":false},"featured_media":0,"template":"","meta":{"site-sidebar-layout":"default","site-content-layout":"default","ast-global-header-display":"","ast-main-header-display":"","ast-hfb-above-header-display":"","ast-hfb-below-header-display":"","ast-hfb-mobile-header-display":"","site-post-title":"","ast-breadcrumbs-content":"","ast-featured-img":"","footer-sml-layout":"","theme-transparent-header-meta":"","adv-header-id-meta":"","stick-header-meta":"","header-above-stick-meta":"","header-main-stick-meta":"","header-below-stick-meta":""},"pwb-brand":[226],"product_cat":[80],"product_tag":[],"class_list":{"0":"post-32607","1":"product","2":"type-product","3":"status-publish","5":"pwb-brand-kyb","6":"product_cat-iskunvaimennin","7":"desktop-align-left","8":"tablet-align-left","9":"mobile-align-left","11":"first","12":"instock","13":"product-type-external"},"brands":[{"id":226,"name":"KYB","slug":"kyb"}],"_links":{"self":[{"href":"https:\/\/www.autonvaraosahaku.fi\/index.php?rest_route=\/wp\/v2\/product\/32607","targetHints":{"allow":["GET"]}}],"collection":[{"href":"https:\/\/www.autonvaraosahaku.fi\/index.php?rest_route=\/wp\/v2\/product"}],"about":[{"href":"https:\/\/www.autonvaraosahaku.fi\/index.php?rest_route=\/wp\/v2\/types\/product"}],"wp:attachment":[{"href":"https:\/\/www.autonvaraosahaku.fi\/index.php?rest_route=%2Fwp%2Fv2%2Fmedia&parent=32607"}],"wp:term":[{"taxonomy":"pwb-brand","embeddable":true,"href":"https:\/\/www.autonvaraosahaku.fi\/index.php?rest_route=%2Fwp%2Fv2%2Fpwb-brand&post=32607"},{"taxonomy":"product_cat","embeddable":true,"href":"https:\/\/www.autonvaraosahaku.fi\/index.php?rest_route=%2Fwp%2Fv2%2Fproduct_cat&post=32607"},{"taxonomy":"product_tag","embeddable":true,"href":"https:\/\/www.autonvaraosahaku.fi\/index.php?rest_route=%2Fwp%2Fv2%2Fproduct_tag&post=32607"}],"curies":[{"name":"wp","href":"https:\/\/api.w.org\/{rel}","templated":true}]}}