{"id":32612,"date":"2021-02-21T16:14:26","date_gmt":"2021-02-21T16:14:26","guid":{"rendered":"https:\/\/www.autonvaraosahaku.fi\/?product=maxgear-57-0179-muut-luokat"},"modified":"2021-02-21T16:14:28","modified_gmt":"2021-02-21T16:14:28","slug":"maxgear-57-0179-muut-luokat","status":"publish","type":"product","link":"https:\/\/www.autonvaraosahaku.fi\/?product=maxgear-57-0179-muut-luokat","title":{"rendered":"MAXGEAR 57-0179 Muut luokat"},"content":{"rendered":"<p>Valmistusvuosi alkaen: 09\/2010; PEUGEOT: 207 WA_, WC_,207 CC WD_,407 SW 6E_,207 SW WK_,208,508 SW,407 6D_,1007 KM_,2008,508,407 Coupe 6C_,207 Stufenheck,301,207 Van,208 Kasten; CITRO\u00cbN: C2 JM_,C3 I FC_,C5 III Break TD_,DS3,C3 Picasso,C5 III RD_,C3 II,C3 Pluriel HB_,DS3 Cabriolet,C2 ENTERPRISE,C-ELYSEE,C4 CACTUS,C3 III SX; 1267J4, 1267J6<\/p>\n","protected":false},"excerpt":{"rendered":"<p>MAXGEAR Esivastus, S\u00e4hk\u00f6moottori-J\u00e4\u00e4hdytyspuhallin 57-0179  PEUGEOT,CITRO\u00cbN,207 WA_, WC_,207 CC WD_,407 SW 6E_,207 SW WK_,208,508 SW,407 6D_,1007 KM_<\/p>\n","protected":false},"featured_media":0,"template":"","meta":{"site-sidebar-layout":"default","site-content-layout":"default","ast-global-header-display":"","ast-main-header-display":"","ast-hfb-above-header-display":"","ast-hfb-below-header-display":"","ast-hfb-mobile-header-display":"","site-post-title":"","ast-breadcrumbs-content":"","ast-featured-img":"","footer-sml-layout":"","theme-transparent-header-meta":"","adv-header-id-meta":"","stick-header-meta":"","header-above-stick-meta":"","header-main-stick-meta":"","header-below-stick-meta":""},"pwb-brand":[48],"product_cat":[37],"product_tag":[],"class_list":{"0":"post-32612","1":"product","2":"type-product","3":"status-publish","5":"pwb-brand-maxgear","6":"product_cat-muut-luokat","7":"desktop-align-left","8":"tablet-align-left","9":"mobile-align-left","11":"first","12":"instock","13":"product-type-external"},"brands":[{"id":48,"name":"MAXGEAR","slug":"maxgear"}],"_links":{"self":[{"href":"https:\/\/www.autonvaraosahaku.fi\/index.php?rest_route=\/wp\/v2\/product\/32612","targetHints":{"allow":["GET"]}}],"collection":[{"href":"https:\/\/www.autonvaraosahaku.fi\/index.php?rest_route=\/wp\/v2\/product"}],"about":[{"href":"https:\/\/www.autonvaraosahaku.fi\/index.php?rest_route=\/wp\/v2\/types\/product"}],"wp:attachment":[{"href":"https:\/\/www.autonvaraosahaku.fi\/index.php?rest_route=%2Fwp%2Fv2%2Fmedia&parent=32612"}],"wp:term":[{"taxonomy":"pwb-brand","embeddable":true,"href":"https:\/\/www.autonvaraosahaku.fi\/index.php?rest_route=%2Fwp%2Fv2%2Fpwb-brand&post=32612"},{"taxonomy":"product_cat","embeddable":true,"href":"https:\/\/www.autonvaraosahaku.fi\/index.php?rest_route=%2Fwp%2Fv2%2Fproduct_cat&post=32612"},{"taxonomy":"product_tag","embeddable":true,"href":"https:\/\/www.autonvaraosahaku.fi\/index.php?rest_route=%2Fwp%2Fv2%2Fproduct_tag&post=32612"}],"curies":[{"name":"wp","href":"https:\/\/api.w.org\/{rel}","templated":true}]}}