{"id":32619,"date":"2021-02-21T16:14:30","date_gmt":"2021-02-21T16:14:30","guid":{"rendered":"https:\/\/www.autonvaraosahaku.fi\/?product=topran-723-277-painemuunnin"},"modified":"2021-02-21T16:14:30","modified_gmt":"2021-02-21T16:14:30","slug":"topran-723-277-painemuunnin","status":"publish","type":"product","link":"https:\/\/www.autonvaraosahaku.fi\/?product=topran-723-277-painemuunnin","title":{"rendered":"TOPRAN 723 277 Painemuunnin"},"content":{"rendered":"<p>K\u00e4ytt\u00f6: S\u00e4hk\u00f6-pneumaattinen; Venttiilimalli: Magneettiventtiili; Pistokkeen kotelon muoto: suorakulmainen (rectangular); Napojen m\u00e4\u00e4r\u00e4: 2; Liittimi\u00e4: 3; Kotelomalli: Muovikotelo; Kotelomateriaali: Lasikuitu-muovi; Nimellisj\u00e4nnite (V): 12; OE-numerolle: 98 018 876 80; Ahtotapa: Abgasturbolader; CITRO\u00cbN: BERLINGO MF,BERLINGO B9,C5 III Break TD_,C4 Picasso I UD_,C4 Grand Picasso I UA_,C8 EA_, EB_,DS3,C3 Picasso,C5 III RD_,C3 II,C4 II B7,JUMPY,BERLINGO Kasten B9,JUMPY Kasten,C4 Picasso II,DS4,DS5,C4 CACTUS,JUMPY Pritsche\/Fahrgestell; PEUGEOT: 207 WA_, WC_,407 SW 6E_,207 SW WK_,308 SW,208,807 E,308 4A_, 4C_,5008,508 SW,407 6D_,3008,PARTNER Tepee,RCZ,308 CC,2008,508,EXPERT Tepee VF3V_,EXPERT Kasten VF3A_, VF3U_, VF3X_,PARTNER Kasten,308 II,308 SW II,EXPERT Pritsche\/Fahrgestell; DS: DS5; 1618KC, 1618QQ, 9801887680, 1618KC, 1618QQ, 9801887680, 1618KC, 1618QQ, 9801887680<\/p>\n","protected":false},"excerpt":{"rendered":"<p>TOPRAN Painemuunnin, Pakokaasun Ohjaus 723 277  CITRO\u00cbN,PEUGEOT,DS,BERLINGO MF,BERLINGO B9,C5 III Break TD_,C4 Picasso I UD_,C4 Grand Picasso I UA_<\/p>\n","protected":false},"featured_media":0,"template":"","meta":{"site-sidebar-layout":"default","site-content-layout":"default","ast-global-header-display":"","ast-main-header-display":"","ast-hfb-above-header-display":"","ast-hfb-below-header-display":"","ast-hfb-mobile-header-display":"","site-post-title":"","ast-breadcrumbs-content":"","ast-featured-img":"","footer-sml-layout":"","theme-transparent-header-meta":"","adv-header-id-meta":"","stick-header-meta":"","header-above-stick-meta":"","header-main-stick-meta":"","header-below-stick-meta":""},"pwb-brand":[18],"product_cat":[205],"product_tag":[],"class_list":{"0":"post-32619","1":"product","2":"type-product","3":"status-publish","5":"pwb-brand-topran","6":"product_cat-painemuunnin","7":"desktop-align-left","8":"tablet-align-left","9":"mobile-align-left","11":"first","12":"instock","13":"product-type-external"},"brands":[{"id":18,"name":"TOPRAN","slug":"topran"}],"_links":{"self":[{"href":"https:\/\/www.autonvaraosahaku.fi\/index.php?rest_route=\/wp\/v2\/product\/32619","targetHints":{"allow":["GET"]}}],"collection":[{"href":"https:\/\/www.autonvaraosahaku.fi\/index.php?rest_route=\/wp\/v2\/product"}],"about":[{"href":"https:\/\/www.autonvaraosahaku.fi\/index.php?rest_route=\/wp\/v2\/types\/product"}],"wp:attachment":[{"href":"https:\/\/www.autonvaraosahaku.fi\/index.php?rest_route=%2Fwp%2Fv2%2Fmedia&parent=32619"}],"wp:term":[{"taxonomy":"pwb-brand","embeddable":true,"href":"https:\/\/www.autonvaraosahaku.fi\/index.php?rest_route=%2Fwp%2Fv2%2Fpwb-brand&post=32619"},{"taxonomy":"product_cat","embeddable":true,"href":"https:\/\/www.autonvaraosahaku.fi\/index.php?rest_route=%2Fwp%2Fv2%2Fproduct_cat&post=32619"},{"taxonomy":"product_tag","embeddable":true,"href":"https:\/\/www.autonvaraosahaku.fi\/index.php?rest_route=%2Fwp%2Fv2%2Fproduct_tag&post=32619"}],"curies":[{"name":"wp","href":"https:\/\/api.w.org\/{rel}","templated":true}]}}