{"id":32637,"date":"2021-02-21T16:14:30","date_gmt":"2021-02-21T16:14:30","guid":{"rendered":"https:\/\/www.autonvaraosahaku.fi\/?product=ridex-479c0197-kytkinpaketti"},"modified":"2021-02-21T16:14:33","modified_gmt":"2021-02-21T16:14:33","slug":"ridex-479c0197-kytkinpaketti","status":"publish","type":"product","link":"https:\/\/www.autonvaraosahaku.fi\/?product=ridex-479c0197-kytkinpaketti","title":{"rendered":"RIDEX 479C0197 Kytkinpaketti"},"content":{"rendered":"<p>L\u00e4pimitta [mm]: 240; Korvaava tuote\/korvaava tiedote 2: ilman irroitinlaakeria, Tarkasta 2-massavauhtipy\u00f6r\u00e4 ja uusi tarvitaessa.; Moottorimalli: Moottoreihin, joissa kaksoismassa vauhtipy\u00f6r\u00e4; Moottorinumero: ANU; VW: GOLF IV 1J1,POLO 9N_,POLO 6R, 6C,GOLF IV Variant 1J5,SHARAN 7M8, 7M9, 7M6,BORA 1J2,BORA Kombi 1J6; AUDI: A3 8L1,A1 8X1, 8XF,A1 Sportback 8XA, 8XK; SKODA: FABIA 6Y2,OCTAVIA Combi 1U5,OCTAVIA 1U2; SEAT: IBIZA IV 6L1,IBIZA V 6J5, 6P5,LEON 1M1,ALHAMBRA 7V8, 7V9,IBIZA V ST 6J8, 6P8,TOLEDO II 1M2,IBIZA V SPORTCOUPE 6J1, 6P1,CORDOBA 6L2; FORD: GALAXY WGR; 04E141015C, 1254745, YM217540CA, 04E141015C, 038198141BX, 04E141015C; Kytkinsarja<\/p>\n","protected":false},"excerpt":{"rendered":"<p>RIDEX Kytkinpaketti 479C0197 Kytkinsarja VW,AUDI,SKODA,GOLF IV 1J1,POLO 9N_,POLO 6R, 6C,GOLF IV Variant 1J5,SHARAN 7M8, 7M9, 7M6,BORA 1J2<\/p>\n","protected":false},"featured_media":0,"template":"","meta":{"site-sidebar-layout":"default","site-content-layout":"default","ast-global-header-display":"","ast-main-header-display":"","ast-hfb-above-header-display":"","ast-hfb-below-header-display":"","ast-hfb-mobile-header-display":"","site-post-title":"","ast-breadcrumbs-content":"","ast-featured-img":"","footer-sml-layout":"","theme-transparent-header-meta":"","adv-header-id-meta":"","stick-header-meta":"","header-above-stick-meta":"","header-main-stick-meta":"","header-below-stick-meta":""},"pwb-brand":[157],"product_cat":[21],"product_tag":[],"class_list":{"0":"post-32637","1":"product","2":"type-product","3":"status-publish","5":"pwb-brand-ridex","6":"product_cat-kytkinpaketti","7":"desktop-align-left","8":"tablet-align-left","9":"mobile-align-left","11":"first","12":"instock","13":"product-type-external"},"brands":[{"id":157,"name":"RIDEX","slug":"ridex"}],"_links":{"self":[{"href":"https:\/\/www.autonvaraosahaku.fi\/index.php?rest_route=\/wp\/v2\/product\/32637","targetHints":{"allow":["GET"]}}],"collection":[{"href":"https:\/\/www.autonvaraosahaku.fi\/index.php?rest_route=\/wp\/v2\/product"}],"about":[{"href":"https:\/\/www.autonvaraosahaku.fi\/index.php?rest_route=\/wp\/v2\/types\/product"}],"wp:attachment":[{"href":"https:\/\/www.autonvaraosahaku.fi\/index.php?rest_route=%2Fwp%2Fv2%2Fmedia&parent=32637"}],"wp:term":[{"taxonomy":"pwb-brand","embeddable":true,"href":"https:\/\/www.autonvaraosahaku.fi\/index.php?rest_route=%2Fwp%2Fv2%2Fpwb-brand&post=32637"},{"taxonomy":"product_cat","embeddable":true,"href":"https:\/\/www.autonvaraosahaku.fi\/index.php?rest_route=%2Fwp%2Fv2%2Fproduct_cat&post=32637"},{"taxonomy":"product_tag","embeddable":true,"href":"https:\/\/www.autonvaraosahaku.fi\/index.php?rest_route=%2Fwp%2Fv2%2Fproduct_tag&post=32637"}],"curies":[{"name":"wp","href":"https:\/\/api.w.org\/{rel}","templated":true}]}}