{"id":32644,"date":"2021-02-21T16:14:34","date_gmt":"2021-02-21T16:14:34","guid":{"rendered":"https:\/\/www.autonvaraosahaku.fi\/?product=febest-bmab-007-taka-akselin-puslat"},"modified":"2021-02-21T16:14:35","modified_gmt":"2021-02-21T16:14:35","slug":"febest-bmab-007-taka-akselin-puslat","status":"publish","type":"product","link":"https:\/\/www.autonvaraosahaku.fi\/?product=febest-bmab-007-taka-akselin-puslat","title":{"rendered":"FEBEST BMAB-007 Taka-akselin puslat"},"content":{"rendered":"<p>Asennuspuoli: Taka-akseli; Paino [kg]: 1,053; Pakkauspituus [cm]: 10,7; Pakkausleveys [cm]: 10,7; Pakkauskorkeus [mm]: 9,8; Valmistuspaiv\u00e4m\u00e4\u00e4r\u00e4\u00e4n: 200609; BMW: X5 E53; 33316770454; Apurungon Puslat,Akselinripustus<\/p>\n","protected":false},"excerpt":{"rendered":"<p>FEBEST Taka-akselin Puslat BMAB-007 Apurungon Puslat,Akselinripustus BMW,X5 E53<\/p>\n","protected":false},"featured_media":0,"template":"","meta":{"site-sidebar-layout":"default","site-content-layout":"default","ast-global-header-display":"","ast-main-header-display":"","ast-hfb-above-header-display":"","ast-hfb-below-header-display":"","ast-hfb-mobile-header-display":"","site-post-title":"","ast-breadcrumbs-content":"","ast-featured-img":"","footer-sml-layout":"","theme-transparent-header-meta":"","adv-header-id-meta":"","stick-header-meta":"","header-above-stick-meta":"","header-main-stick-meta":"","header-below-stick-meta":""},"pwb-brand":[152],"product_cat":[156],"product_tag":[],"class_list":{"0":"post-32644","1":"product","2":"type-product","3":"status-publish","5":"pwb-brand-febest","6":"product_cat-taka-akselin-puslat","7":"desktop-align-left","8":"tablet-align-left","9":"mobile-align-left","11":"first","12":"instock","13":"product-type-external"},"brands":[{"id":152,"name":"FEBEST","slug":"febest"}],"_links":{"self":[{"href":"https:\/\/www.autonvaraosahaku.fi\/index.php?rest_route=\/wp\/v2\/product\/32644","targetHints":{"allow":["GET"]}}],"collection":[{"href":"https:\/\/www.autonvaraosahaku.fi\/index.php?rest_route=\/wp\/v2\/product"}],"about":[{"href":"https:\/\/www.autonvaraosahaku.fi\/index.php?rest_route=\/wp\/v2\/types\/product"}],"wp:attachment":[{"href":"https:\/\/www.autonvaraosahaku.fi\/index.php?rest_route=%2Fwp%2Fv2%2Fmedia&parent=32644"}],"wp:term":[{"taxonomy":"pwb-brand","embeddable":true,"href":"https:\/\/www.autonvaraosahaku.fi\/index.php?rest_route=%2Fwp%2Fv2%2Fpwb-brand&post=32644"},{"taxonomy":"product_cat","embeddable":true,"href":"https:\/\/www.autonvaraosahaku.fi\/index.php?rest_route=%2Fwp%2Fv2%2Fproduct_cat&post=32644"},{"taxonomy":"product_tag","embeddable":true,"href":"https:\/\/www.autonvaraosahaku.fi\/index.php?rest_route=%2Fwp%2Fv2%2Fproduct_tag&post=32644"}],"curies":[{"name":"wp","href":"https:\/\/api.w.org\/{rel}","templated":true}]}}