{"id":32652,"date":"2021-02-21T16:14:34","date_gmt":"2021-02-21T16:14:34","guid":{"rendered":"https:\/\/www.autonvaraosahaku.fi\/?product=jp-group-1196102500-valokatkaisin"},"modified":"2021-02-21T16:14:36","modified_gmt":"2021-02-21T16:14:36","slug":"jp-group-1196102500-valokatkaisin","status":"publish","type":"product","link":"https:\/\/www.autonvaraosahaku.fi\/?product=jp-group-1196102500-valokatkaisin","title":{"rendered":"JP GROUP 1196102500 Valokatkaisin"},"content":{"rendered":"<p>K\u00e4ytt\u00f6tapa: K\u00e4\u00e4nt\u00f6kytkin; Yhdistelm\u00e4kytkintoiminto: P\u00e4\u00e4lle\/pois-katkaisija, Ilman monitoimin\u00e4ytt\u00f6\u00e4\/ajotietokonetta; V\u00e4ri: Musta; Varusteet: Ajoneuvoille ilman aut. p\u00e4iv\u00e4ajovaloa, Sumuvaloilla vasrustetuille autoille; PR-numerolle: 8K0+9Q3; AUDI: A4 Avant 8E5, B6,A4 8E2, B6; 8E0941531, 8E09415315PR; Ajovalokytkin,Kytkin, Ajovalo<\/p>\n","protected":false},"excerpt":{"rendered":"<p>JP GROUP Valokatkaisin JP Group 1196102500 Ajovalokytkin,Kytkin, Ajovalo AUDI,A4 Avant 8E5, B6,A4 8E2, B6<\/p>\n","protected":false},"featured_media":0,"template":"","meta":{"site-sidebar-layout":"default","site-content-layout":"default","ast-global-header-display":"","ast-main-header-display":"","ast-hfb-above-header-display":"","ast-hfb-below-header-display":"","ast-hfb-mobile-header-display":"","site-post-title":"","ast-breadcrumbs-content":"","ast-featured-img":"","footer-sml-layout":"","theme-transparent-header-meta":"","adv-header-id-meta":"","stick-header-meta":"","header-above-stick-meta":"","header-main-stick-meta":"","header-below-stick-meta":""},"pwb-brand":[131],"product_cat":[136],"product_tag":[],"class_list":{"0":"post-32652","1":"product","2":"type-product","3":"status-publish","5":"pwb-brand-jp-group","6":"product_cat-valokatkaisin","7":"desktop-align-left","8":"tablet-align-left","9":"mobile-align-left","11":"first","12":"instock","13":"product-type-external"},"brands":[{"id":131,"name":"JP GROUP","slug":"jp-group"}],"_links":{"self":[{"href":"https:\/\/www.autonvaraosahaku.fi\/index.php?rest_route=\/wp\/v2\/product\/32652","targetHints":{"allow":["GET"]}}],"collection":[{"href":"https:\/\/www.autonvaraosahaku.fi\/index.php?rest_route=\/wp\/v2\/product"}],"about":[{"href":"https:\/\/www.autonvaraosahaku.fi\/index.php?rest_route=\/wp\/v2\/types\/product"}],"wp:attachment":[{"href":"https:\/\/www.autonvaraosahaku.fi\/index.php?rest_route=%2Fwp%2Fv2%2Fmedia&parent=32652"}],"wp:term":[{"taxonomy":"pwb-brand","embeddable":true,"href":"https:\/\/www.autonvaraosahaku.fi\/index.php?rest_route=%2Fwp%2Fv2%2Fpwb-brand&post=32652"},{"taxonomy":"product_cat","embeddable":true,"href":"https:\/\/www.autonvaraosahaku.fi\/index.php?rest_route=%2Fwp%2Fv2%2Fproduct_cat&post=32652"},{"taxonomy":"product_tag","embeddable":true,"href":"https:\/\/www.autonvaraosahaku.fi\/index.php?rest_route=%2Fwp%2Fv2%2Fproduct_tag&post=32652"}],"curies":[{"name":"wp","href":"https:\/\/api.w.org\/{rel}","templated":true}]}}