{"id":32666,"date":"2021-02-21T16:14:38","date_gmt":"2021-02-21T16:14:38","guid":{"rendered":"https:\/\/www.autonvaraosahaku.fi\/?product=skf-vkjc-4614-vetoakseli"},"modified":"2021-02-21T16:14:40","modified_gmt":"2021-02-21T16:14:40","slug":"skf-vkjc-4614-vetoakseli","status":"publish","type":"product","link":"https:\/\/www.autonvaraosahaku.fi\/?product=skf-vkjc-4614-vetoakseli","title":{"rendered":"SKF VKJC 4614 Vetoakseli"},"content":{"rendered":"<p>Pituus (mm): 604; Reik\u00e4-\u00d8 [mm]: 10,8; Kierremitta: M16X1,5; Ulkohammastus, py\u00f6r\u00e4npuoli: 36; Tiivisteen l\u00e4pimitta [mm]: 59,5; Reikien m\u00e4\u00e4r\u00e4: 6; Reik\u00e4ympyr\u00e4-\u00d8 [mm]: 94; Uusi osa: ; Nivelen l\u00e4pimitta py\u00f6r\u00e4puoli [mm]: 97,9; Nivelen l\u00e4pimitta vaihteistopuoli [mm]: 108; Valmistusvuosi alkaen: 11\/2010; VW: GOLF V 1K1,GOLF VI 5K1,PASSAT Variant 3C5,PASSAT 3C2,PASSAT Variant 365,CADDY III Kombi 2KB, 2KJ, 2CB, 2CJ,GOLF VI Variant AJ5,GOLF V Variant 1K5,CADDY III Kasten 2KA, 2KH, 2CA, 2CH,PASSAT CC 357,PASSAT 362,CC 358,PASSAT ALLTRACK 365; AUDI: A3 8P1,A3 Sportback 8PA,A3 Sportback 8VA,Q3 8U; SKODA: OCTAVIA Combi 1Z5,OCTAVIA Combi 5E5,YETI 5L,SUPERB Kombi 3T5,SUPERB 3T4,OCTAVIA 5E3; SEAT: ALTEA XL 5P5, 5P8; 1K0407272CR, 1K0407272JF, 1K0407452TX, 1K0407454MX, 3C0407272BD, 3C0407452HX, 5Q0407272EQ, 5Q0407272K, 5Q0407452X, 5Q0407762GX, 1K0407272CR, 1K0407272JF, 1K0407452TX, 1K0407454MX, 5Q0407272K, 5Q0407762GX, 1K0407272CR, 1K0407272JF, 1K0407452TX, 1K0407454MX, 3C0407272BD, 3C0407452HX, 5Q0407272EQ, 5Q0407272K, 5Q0407452X, 5Q0407762GX<\/p>\n","protected":false},"excerpt":{"rendered":"<p>SKF Vetoakseli VKJC 4614  VW,AUDI,SKODA,GOLF V 1K1,GOLF VI 5K1,PASSAT Variant 3C5,PASSAT 3C2,PASSAT Variant 365,CADDY III Kombi 2KB, 2KJ, 2CB, 2CJ<\/p>\n","protected":false},"featured_media":0,"template":"","meta":{"site-sidebar-layout":"default","site-content-layout":"default","ast-global-header-display":"","ast-main-header-display":"","ast-hfb-above-header-display":"","ast-hfb-below-header-display":"","ast-hfb-mobile-header-display":"","site-post-title":"","ast-breadcrumbs-content":"","ast-featured-img":"","footer-sml-layout":"","theme-transparent-header-meta":"","adv-header-id-meta":"","stick-header-meta":"","header-above-stick-meta":"","header-main-stick-meta":"","header-below-stick-meta":""},"pwb-brand":[237],"product_cat":[215],"product_tag":[],"class_list":{"0":"post-32666","1":"product","2":"type-product","3":"status-publish","5":"pwb-brand-skf","6":"product_cat-vetoakseli","7":"desktop-align-left","8":"tablet-align-left","9":"mobile-align-left","11":"first","12":"instock","13":"product-type-external"},"brands":[{"id":237,"name":"SKF","slug":"skf"}],"_links":{"self":[{"href":"https:\/\/www.autonvaraosahaku.fi\/index.php?rest_route=\/wp\/v2\/product\/32666","targetHints":{"allow":["GET"]}}],"collection":[{"href":"https:\/\/www.autonvaraosahaku.fi\/index.php?rest_route=\/wp\/v2\/product"}],"about":[{"href":"https:\/\/www.autonvaraosahaku.fi\/index.php?rest_route=\/wp\/v2\/types\/product"}],"wp:attachment":[{"href":"https:\/\/www.autonvaraosahaku.fi\/index.php?rest_route=%2Fwp%2Fv2%2Fmedia&parent=32666"}],"wp:term":[{"taxonomy":"pwb-brand","embeddable":true,"href":"https:\/\/www.autonvaraosahaku.fi\/index.php?rest_route=%2Fwp%2Fv2%2Fpwb-brand&post=32666"},{"taxonomy":"product_cat","embeddable":true,"href":"https:\/\/www.autonvaraosahaku.fi\/index.php?rest_route=%2Fwp%2Fv2%2Fproduct_cat&post=32666"},{"taxonomy":"product_tag","embeddable":true,"href":"https:\/\/www.autonvaraosahaku.fi\/index.php?rest_route=%2Fwp%2Fv2%2Fproduct_tag&post=32666"}],"curies":[{"name":"wp","href":"https:\/\/api.w.org\/{rel}","templated":true}]}}