{"id":32670,"date":"2021-02-21T16:14:38","date_gmt":"2021-02-21T16:14:38","guid":{"rendered":"https:\/\/www.autonvaraosahaku.fi\/?product=skf-vkdp-43111-t-iskunvaimentimen-suojakumi-pohjaanlyontikumi"},"modified":"2021-02-21T16:14:40","modified_gmt":"2021-02-21T16:14:40","slug":"skf-vkdp-43111-t-iskunvaimentimen-suojakumi-pohjaanlyontikumi","status":"publish","type":"product","link":"https:\/\/www.autonvaraosahaku.fi\/?product=skf-vkdp-43111-t-iskunvaimentimen-suojakumi-pohjaanlyontikumi","title":{"rendered":"SKF VKDP 43111 T Iskunvaimentimen suojakumi &#038; pohjaanly\u00f6ntikumi"},"content":{"rendered":"<p>Korkeus (mm): 144,2; Lukum\u00e4\u00e4r\u00e4 akselille: 1; Sis\u00e4l\u00e4pimitta 1 [mm]: 15,7; Sis\u00e4l\u00e4pimitta 2 [mm]: 16,9; Asennuspuoli: Hinterachse; VW: PASSAT Variant 3C5,PASSAT Variant 3B6,PASSAT 3C2,TIGUAN 5N_,PASSAT 362; 1T0511359, 3C0513425; P\u00f6lysuojasarja, Iskunvaimennin<\/p>\n","protected":false},"excerpt":{"rendered":"<p>SKF Iskunvaimentimen Suojakumi VKDP 43111 T P\u00f6lysuojasarja, Iskunvaimennin VW,PASSAT Variant 3C5,PASSAT Variant 3B6,PASSAT 3C2,TIGUAN 5N_,PASSAT 362<\/p>\n","protected":false},"featured_media":0,"template":"","meta":{"site-sidebar-layout":"default","site-content-layout":"default","ast-global-header-display":"","ast-main-header-display":"","ast-hfb-above-header-display":"","ast-hfb-below-header-display":"","ast-hfb-mobile-header-display":"","site-post-title":"","ast-breadcrumbs-content":"","ast-featured-img":"","footer-sml-layout":"","theme-transparent-header-meta":"","adv-header-id-meta":"","stick-header-meta":"","header-above-stick-meta":"","header-main-stick-meta":"","header-below-stick-meta":""},"pwb-brand":[237],"product_cat":[92],"product_tag":[],"class_list":{"0":"post-32670","1":"product","2":"type-product","3":"status-publish","5":"pwb-brand-skf","6":"product_cat-iskunvaimentimen-suojakumi-pohjaanlyontikumi","7":"desktop-align-left","8":"tablet-align-left","9":"mobile-align-left","11":"first","12":"instock","13":"product-type-external"},"brands":[{"id":237,"name":"SKF","slug":"skf"}],"_links":{"self":[{"href":"https:\/\/www.autonvaraosahaku.fi\/index.php?rest_route=\/wp\/v2\/product\/32670","targetHints":{"allow":["GET"]}}],"collection":[{"href":"https:\/\/www.autonvaraosahaku.fi\/index.php?rest_route=\/wp\/v2\/product"}],"about":[{"href":"https:\/\/www.autonvaraosahaku.fi\/index.php?rest_route=\/wp\/v2\/types\/product"}],"wp:attachment":[{"href":"https:\/\/www.autonvaraosahaku.fi\/index.php?rest_route=%2Fwp%2Fv2%2Fmedia&parent=32670"}],"wp:term":[{"taxonomy":"pwb-brand","embeddable":true,"href":"https:\/\/www.autonvaraosahaku.fi\/index.php?rest_route=%2Fwp%2Fv2%2Fpwb-brand&post=32670"},{"taxonomy":"product_cat","embeddable":true,"href":"https:\/\/www.autonvaraosahaku.fi\/index.php?rest_route=%2Fwp%2Fv2%2Fproduct_cat&post=32670"},{"taxonomy":"product_tag","embeddable":true,"href":"https:\/\/www.autonvaraosahaku.fi\/index.php?rest_route=%2Fwp%2Fv2%2Fproduct_tag&post=32670"}],"curies":[{"name":"wp","href":"https:\/\/api.w.org\/{rel}","templated":true}]}}