{"id":32681,"date":"2021-02-21T16:14:42","date_gmt":"2021-02-21T16:14:42","guid":{"rendered":"https:\/\/www.autonvaraosahaku.fi\/?product=tyc-19-12579-01-9-sumuvalot"},"modified":"2021-02-21T16:14:43","modified_gmt":"2021-02-21T16:14:43","slug":"tyc-19-12579-01-9-sumuvalot","status":"publish","type":"product","link":"https:\/\/www.autonvaraosahaku.fi\/?product=tyc-19-12579-01-9-sumuvalot","title":{"rendered":"TYC 19-12579-01-9 Sumuvalot"},"content":{"rendered":"<p>Rekister\u00f6ity tyyppi: E-hyv\u00e4ksytty; Asennuspuoli: Oikea; Lamppumalli: H11; Valotoiminto: k\u00e4\u00e4ntymisvalolla; Valmistusvuoteen: 05\/2017; NISSAN: NV300 Kasten X82,NV300 Kombi X82; OPEL: VIVARO Combi,VIVARO Kasten,VIVARO Pritsche\/Fahrgestell; FIAT: TALENTO Kasten\/Kombi 296_,TALENTO Kasten 296_,TALENTO Bus 296_,TALENTO Pritsche\/Fahrgestell 296_; RENAULT: CAPTUR,TRAFIC III Kasten,TRAFIC III Bus,KADJAR,TALISMAN Grandtour KP_,TALISMAN,GRAND SC\u00c9NIC IV R9_,SC\u00c9NIC IV J9_,KOLEOS II,TRAFIC III Pritsche\/Fahrgestell EG_; 0006000618053, 6000618053, 2615000Q0A, 4422780, 93867965, 261503971R; Sumuvalo<\/p>\n","protected":false},"excerpt":{"rendered":"<p>TYC Sumuvalot 19-12579-01-9 Sumuvalo NISSAN,OPEL,FIAT,NV300 Kasten X82,NV300 Kombi X82,VIVARO Combi,VIVARO Kasten,VIVARO Pritsche\/Fahrgestell<\/p>\n","protected":false},"featured_media":0,"template":"","meta":{"site-sidebar-layout":"default","site-content-layout":"default","ast-global-header-display":"","ast-main-header-display":"","ast-hfb-above-header-display":"","ast-hfb-below-header-display":"","ast-hfb-mobile-header-display":"","site-post-title":"","ast-breadcrumbs-content":"","ast-featured-img":"","footer-sml-layout":"","theme-transparent-header-meta":"","adv-header-id-meta":"","stick-header-meta":"","header-above-stick-meta":"","header-main-stick-meta":"","header-below-stick-meta":""},"pwb-brand":[124],"product_cat":[119],"product_tag":[],"class_list":{"0":"post-32681","1":"product","2":"type-product","3":"status-publish","5":"pwb-brand-tyc","6":"product_cat-sumuvalot","7":"desktop-align-left","8":"tablet-align-left","9":"mobile-align-left","11":"first","12":"instock","13":"product-type-external"},"brands":[{"id":124,"name":"TYC","slug":"tyc"}],"_links":{"self":[{"href":"https:\/\/www.autonvaraosahaku.fi\/index.php?rest_route=\/wp\/v2\/product\/32681","targetHints":{"allow":["GET"]}}],"collection":[{"href":"https:\/\/www.autonvaraosahaku.fi\/index.php?rest_route=\/wp\/v2\/product"}],"about":[{"href":"https:\/\/www.autonvaraosahaku.fi\/index.php?rest_route=\/wp\/v2\/types\/product"}],"wp:attachment":[{"href":"https:\/\/www.autonvaraosahaku.fi\/index.php?rest_route=%2Fwp%2Fv2%2Fmedia&parent=32681"}],"wp:term":[{"taxonomy":"pwb-brand","embeddable":true,"href":"https:\/\/www.autonvaraosahaku.fi\/index.php?rest_route=%2Fwp%2Fv2%2Fpwb-brand&post=32681"},{"taxonomy":"product_cat","embeddable":true,"href":"https:\/\/www.autonvaraosahaku.fi\/index.php?rest_route=%2Fwp%2Fv2%2Fproduct_cat&post=32681"},{"taxonomy":"product_tag","embeddable":true,"href":"https:\/\/www.autonvaraosahaku.fi\/index.php?rest_route=%2Fwp%2Fv2%2Fproduct_tag&post=32681"}],"curies":[{"name":"wp","href":"https:\/\/api.w.org\/{rel}","templated":true}]}}