{"id":32684,"date":"2021-02-21T16:14:42","date_gmt":"2021-02-21T16:14:42","guid":{"rendered":"https:\/\/www.autonvaraosahaku.fi\/?product=hella-8ea-012-528-901-starttimoottori"},"modified":"2021-02-21T16:14:43","modified_gmt":"2021-02-21T16:14:43","slug":"hella-8ea-012-528-901-starttimoottori","status":"publish","type":"product","link":"https:\/\/www.autonvaraosahaku.fi\/?product=hella-8ea-012-528-901-starttimoottori","title":{"rendered":"HELLA 8EA 012 528-901 Starttimoottori"},"content":{"rendered":"<p>Pantiton uusi osa: ; J\u00e4nnite (V): 12; K\u00e4ynnistinmoottori teho (kW): 2; Hammasluku: 11; Hammaspy\u00f6r\u00e4n perusasento [mm]: 20; Py\u00f6rimissuunta: Py\u00f6rimissuunta my\u00f6t\u00e4p\u00e4iv\u00e4\u00e4n; Laippa \u00d8(mm): 76; Kiinnitysreikien lukum\u00e4\u00e4r\u00e4: 2; Rungonpalautus vapaaehtoinen: ; Moottorinumero: M57D30 (306D3); BMW: 3 E46,5 E60,5 Touring E61,3 Touring E46,X3 E83,3 Coupe E46,X5 E53,3 Cabriolet E46,7 E65, E66, E67; 12417788680, 12417788682, 7788680, 7788682; Startti,K\u00e4ynnistinmoottori<\/p>\n","protected":false},"excerpt":{"rendered":"<p>HELLA Starttimoottori 8EA 012 528-901 Startti,K\u00e4ynnistinmoottori BMW,3 E46,5 E60,5 Touring E61,3 Touring E46,X3 E83,3 Coupe E46,X5 E53,3 Cabriolet E46<\/p>\n","protected":false},"featured_media":0,"template":"","meta":{"site-sidebar-layout":"default","site-content-layout":"default","ast-global-header-display":"","ast-main-header-display":"","ast-hfb-above-header-display":"","ast-hfb-below-header-display":"","ast-hfb-mobile-header-display":"","site-post-title":"","ast-breadcrumbs-content":"","ast-featured-img":"","footer-sml-layout":"","theme-transparent-header-meta":"","adv-header-id-meta":"","stick-header-meta":"","header-above-stick-meta":"","header-main-stick-meta":"","header-below-stick-meta":""},"pwb-brand":[24],"product_cat":[295],"product_tag":[],"class_list":{"0":"post-32684","1":"product","2":"type-product","3":"status-publish","5":"pwb-brand-hella","6":"product_cat-starttimoottori","7":"desktop-align-left","8":"tablet-align-left","9":"mobile-align-left","11":"first","12":"instock","13":"product-type-external"},"brands":[{"id":24,"name":"HELLA","slug":"hella"}],"_links":{"self":[{"href":"https:\/\/www.autonvaraosahaku.fi\/index.php?rest_route=\/wp\/v2\/product\/32684","targetHints":{"allow":["GET"]}}],"collection":[{"href":"https:\/\/www.autonvaraosahaku.fi\/index.php?rest_route=\/wp\/v2\/product"}],"about":[{"href":"https:\/\/www.autonvaraosahaku.fi\/index.php?rest_route=\/wp\/v2\/types\/product"}],"wp:attachment":[{"href":"https:\/\/www.autonvaraosahaku.fi\/index.php?rest_route=%2Fwp%2Fv2%2Fmedia&parent=32684"}],"wp:term":[{"taxonomy":"pwb-brand","embeddable":true,"href":"https:\/\/www.autonvaraosahaku.fi\/index.php?rest_route=%2Fwp%2Fv2%2Fpwb-brand&post=32684"},{"taxonomy":"product_cat","embeddable":true,"href":"https:\/\/www.autonvaraosahaku.fi\/index.php?rest_route=%2Fwp%2Fv2%2Fproduct_cat&post=32684"},{"taxonomy":"product_tag","embeddable":true,"href":"https:\/\/www.autonvaraosahaku.fi\/index.php?rest_route=%2Fwp%2Fv2%2Fproduct_tag&post=32684"}],"curies":[{"name":"wp","href":"https:\/\/api.w.org\/{rel}","templated":true}]}}