{"id":32688,"date":"2021-02-21T16:14:42","date_gmt":"2021-02-21T16:14:42","guid":{"rendered":"https:\/\/www.autonvaraosahaku.fi\/?product=ashika-63-09-902-vetonivelen-suojakumi"},"modified":"2021-02-21T16:14:44","modified_gmt":"2021-02-21T16:14:44","slug":"ashika-63-09-902-vetonivelen-suojakumi","status":"publish","type":"product","link":"https:\/\/www.autonvaraosahaku.fi\/?product=ashika-63-09-902-vetonivelen-suojakumi","title":{"rendered":"ASHIKA 63-09-902 Vetonivelen suojakumi"},"content":{"rendered":"<p>Asennuspuoli: Py\u00f6r\u00e4n puoli; Korkeus (mm): 114,5; L\u00e4pimitta 1 [mm]: 25,5; L\u00e4pimitta 2 [mm]: 83; JEEP: GRAND CHEROKEE II WJ, WG,GRAND CHEROKEE I ZJ; DODGE: NITRO; 04796233, 04796233AB, 04796233AB64, 05080516AA, 4796233, 4796233AB, 5080516AA, K04796233, K04796233AB, K04796233AB64, K05080516AA, 04796233AB, 4796233AB, K04796233, K04796233AB64, K05080516AA<\/p>\n","protected":false},"excerpt":{"rendered":"<p>ASHIKA Paljekumisarja, Vetoakseli 63-09-902  JEEP,DODGE,GRAND CHEROKEE II WJ, WG,GRAND CHEROKEE I ZJ,NITRO<\/p>\n","protected":false},"featured_media":0,"template":"","meta":{"site-sidebar-layout":"default","site-content-layout":"default","ast-global-header-display":"","ast-main-header-display":"","ast-hfb-above-header-display":"","ast-hfb-below-header-display":"","ast-hfb-mobile-header-display":"","site-post-title":"","ast-breadcrumbs-content":"","ast-featured-img":"","footer-sml-layout":"","theme-transparent-header-meta":"","adv-header-id-meta":"","stick-header-meta":"","header-above-stick-meta":"","header-main-stick-meta":"","header-below-stick-meta":""},"pwb-brand":[102],"product_cat":[42],"product_tag":[],"class_list":{"0":"post-32688","1":"product","2":"type-product","3":"status-publish","5":"pwb-brand-ashika","6":"product_cat-vetonivelen-suojakumi","7":"desktop-align-left","8":"tablet-align-left","9":"mobile-align-left","11":"first","12":"instock","13":"product-type-external"},"brands":[{"id":102,"name":"ASHIKA","slug":"ashika"}],"_links":{"self":[{"href":"https:\/\/www.autonvaraosahaku.fi\/index.php?rest_route=\/wp\/v2\/product\/32688","targetHints":{"allow":["GET"]}}],"collection":[{"href":"https:\/\/www.autonvaraosahaku.fi\/index.php?rest_route=\/wp\/v2\/product"}],"about":[{"href":"https:\/\/www.autonvaraosahaku.fi\/index.php?rest_route=\/wp\/v2\/types\/product"}],"wp:attachment":[{"href":"https:\/\/www.autonvaraosahaku.fi\/index.php?rest_route=%2Fwp%2Fv2%2Fmedia&parent=32688"}],"wp:term":[{"taxonomy":"pwb-brand","embeddable":true,"href":"https:\/\/www.autonvaraosahaku.fi\/index.php?rest_route=%2Fwp%2Fv2%2Fpwb-brand&post=32688"},{"taxonomy":"product_cat","embeddable":true,"href":"https:\/\/www.autonvaraosahaku.fi\/index.php?rest_route=%2Fwp%2Fv2%2Fproduct_cat&post=32688"},{"taxonomy":"product_tag","embeddable":true,"href":"https:\/\/www.autonvaraosahaku.fi\/index.php?rest_route=%2Fwp%2Fv2%2Fproduct_tag&post=32688"}],"curies":[{"name":"wp","href":"https:\/\/api.w.org\/{rel}","templated":true}]}}