{"id":32701,"date":"2021-02-21T16:14:46","date_gmt":"2021-02-21T16:14:46","guid":{"rendered":"https:\/\/www.autonvaraosahaku.fi\/?product=meyle-614-322-0012-oljynsuodatin"},"modified":"2021-02-21T16:14:47","modified_gmt":"2021-02-21T16:14:47","slug":"meyle-614-322-0012-oljynsuodatin","status":"publish","type":"product","link":"https:\/\/www.autonvaraosahaku.fi\/?product=meyle-614-322-0012-oljynsuodatin","title":{"rendered":"MEYLE 614 322 0012 \u00d6ljynsuodatin"},"content":{"rendered":"<p>Ulkol\u00e4pimitta [mm]: 71; Lis\u00e4tarvike\/lis\u00e4tieto: Tiivisteill\u00e4; Suodatintyyppi: Suodatinpanos; Korkeus (mm): 92; Sis\u00e4l\u00e4pimitta [mm]: 31; lis\u00e4tieto: ORIGINAL Quality; CHEVROLET: CRUZE J300,CRUZE Station Wagon J308,CRUZE Schr\u00e4gheck J305,TRAX; OPEL: CORSA D,ZAFIRA B A05,ASTRA H Caravan L35,MERIVA,ASTRA H L48,ASTRA J Sports Tourer,ASTRA J,ASTRA H GTC L08,MERIVA B,MOKKA,ZAFIRA B Van,ASTRA GTC J,ASTRA J Stufenheck,ASTRA H Stufenheck L69,ASTRA H Kasten L70; VAUXHALL: CORSA Mk III D L_8; 5650375, 898018448Y, 5650375, 5650375<\/p>\n","protected":false},"excerpt":{"rendered":"<p>MEYLE \u00d6ljynsuodatin 614 322 0012  CHEVROLET,OPEL,VAUXHALL,CRUZE J300,CRUZE Station Wagon J308,CRUZE Schr\u00e4gheck J305,TRAX,CORSA D,ZAFIRA B A05<\/p>\n","protected":false},"featured_media":0,"template":"","meta":{"site-sidebar-layout":"default","site-content-layout":"default","ast-global-header-display":"","ast-main-header-display":"","ast-hfb-above-header-display":"","ast-hfb-below-header-display":"","ast-hfb-mobile-header-display":"","site-post-title":"","ast-breadcrumbs-content":"","ast-featured-img":"","footer-sml-layout":"","theme-transparent-header-meta":"","adv-header-id-meta":"","stick-header-meta":"","header-above-stick-meta":"","header-main-stick-meta":"","header-below-stick-meta":""},"pwb-brand":[84],"product_cat":[30],"product_tag":[],"class_list":{"0":"post-32701","1":"product","2":"type-product","3":"status-publish","5":"pwb-brand-meyle","6":"product_cat-oljynsuodatin","7":"desktop-align-left","8":"tablet-align-left","9":"mobile-align-left","11":"first","12":"instock","13":"product-type-external"},"brands":[{"id":84,"name":"MEYLE","slug":"meyle"}],"_links":{"self":[{"href":"https:\/\/www.autonvaraosahaku.fi\/index.php?rest_route=\/wp\/v2\/product\/32701","targetHints":{"allow":["GET"]}}],"collection":[{"href":"https:\/\/www.autonvaraosahaku.fi\/index.php?rest_route=\/wp\/v2\/product"}],"about":[{"href":"https:\/\/www.autonvaraosahaku.fi\/index.php?rest_route=\/wp\/v2\/types\/product"}],"wp:attachment":[{"href":"https:\/\/www.autonvaraosahaku.fi\/index.php?rest_route=%2Fwp%2Fv2%2Fmedia&parent=32701"}],"wp:term":[{"taxonomy":"pwb-brand","embeddable":true,"href":"https:\/\/www.autonvaraosahaku.fi\/index.php?rest_route=%2Fwp%2Fv2%2Fpwb-brand&post=32701"},{"taxonomy":"product_cat","embeddable":true,"href":"https:\/\/www.autonvaraosahaku.fi\/index.php?rest_route=%2Fwp%2Fv2%2Fproduct_cat&post=32701"},{"taxonomy":"product_tag","embeddable":true,"href":"https:\/\/www.autonvaraosahaku.fi\/index.php?rest_route=%2Fwp%2Fv2%2Fproduct_tag&post=32701"}],"curies":[{"name":"wp","href":"https:\/\/api.w.org\/{rel}","templated":true}]}}