{"id":32779,"date":"2021-02-21T16:15:03","date_gmt":"2021-02-21T16:15:03","guid":{"rendered":"https:\/\/www.autonvaraosahaku.fi\/?product=bugiad-81956-ahdinletku"},"modified":"2021-02-21T16:15:03","modified_gmt":"2021-02-21T16:15:03","slug":"bugiad-81956-ahdinletku","status":"publish","type":"product","link":"https:\/\/www.autonvaraosahaku.fi\/?product=bugiad-81956-ahdinletku","title":{"rendered":"BUGIAD 81956 Ahdinletku"},"content":{"rendered":"<p>Tuotenumerolle: 93329873; Paino [kg]: 0,62; Sis\u00e4l\u00e4pimitta 1 [mm]: 44; Sis\u00e4l\u00e4pimitta 2 [mm]: 54; Sein\u00e4paksuus [mm]: 5; Asennuspuoli: Ahtoilmaj\u00e4\u00e4hdytin, Etu, vasen, Vasen, ala, Vasen, yl\u00e4; OPEL: MERIVA,MERIVA B; 5835870, 93329873; Turbon Letkut,Turbon Putket<\/p>\n","protected":false},"excerpt":{"rendered":"<p>BUGIAD Ahdinletku 81956 Turbon Letkut,Turbon Putket OPEL,MERIVA,MERIVA B<\/p>\n","protected":false},"featured_media":0,"template":"","meta":{"site-sidebar-layout":"default","site-content-layout":"default","ast-global-header-display":"","ast-main-header-display":"","ast-hfb-above-header-display":"","ast-hfb-below-header-display":"","ast-hfb-mobile-header-display":"","site-post-title":"","ast-breadcrumbs-content":"","ast-featured-img":"","footer-sml-layout":"","theme-transparent-header-meta":"","adv-header-id-meta":"","stick-header-meta":"","header-above-stick-meta":"","header-main-stick-meta":"","header-below-stick-meta":""},"pwb-brand":[373],"product_cat":[113],"product_tag":[],"class_list":{"0":"post-32779","1":"product","2":"type-product","3":"status-publish","5":"pwb-brand-bugiad","6":"product_cat-ahdinletku","7":"desktop-align-left","8":"tablet-align-left","9":"mobile-align-left","11":"first","12":"instock","13":"product-type-external"},"brands":[{"id":373,"name":"BUGIAD","slug":"bugiad"}],"_links":{"self":[{"href":"https:\/\/www.autonvaraosahaku.fi\/index.php?rest_route=\/wp\/v2\/product\/32779","targetHints":{"allow":["GET"]}}],"collection":[{"href":"https:\/\/www.autonvaraosahaku.fi\/index.php?rest_route=\/wp\/v2\/product"}],"about":[{"href":"https:\/\/www.autonvaraosahaku.fi\/index.php?rest_route=\/wp\/v2\/types\/product"}],"wp:attachment":[{"href":"https:\/\/www.autonvaraosahaku.fi\/index.php?rest_route=%2Fwp%2Fv2%2Fmedia&parent=32779"}],"wp:term":[{"taxonomy":"pwb-brand","embeddable":true,"href":"https:\/\/www.autonvaraosahaku.fi\/index.php?rest_route=%2Fwp%2Fv2%2Fpwb-brand&post=32779"},{"taxonomy":"product_cat","embeddable":true,"href":"https:\/\/www.autonvaraosahaku.fi\/index.php?rest_route=%2Fwp%2Fv2%2Fproduct_cat&post=32779"},{"taxonomy":"product_tag","embeddable":true,"href":"https:\/\/www.autonvaraosahaku.fi\/index.php?rest_route=%2Fwp%2Fv2%2Fproduct_tag&post=32779"}],"curies":[{"name":"wp","href":"https:\/\/api.w.org\/{rel}","templated":true}]}}