{"id":32798,"date":"2021-02-21T16:15:03","date_gmt":"2021-02-21T16:15:03","guid":{"rendered":"https:\/\/www.autonvaraosahaku.fi\/?product=daco-germany-533603-iskunvaimennin"},"modified":"2021-02-21T16:15:06","modified_gmt":"2021-02-21T16:15:06","slug":"daco-germany-533603-iskunvaimennin","status":"publish","type":"product","link":"https:\/\/www.autonvaraosahaku.fi\/?product=daco-germany-533603-iskunvaimennin","title":{"rendered":"DACO Germany 533603 Iskunvaimennin"},"content":{"rendered":"<p>Asennuspuoli: Taka-akseli; Iskunvaimennin tyyppi: \u00d6ljypaine; Iskunvaimennin asennustapa: Tappi ylh\u00e4\u00e4ll\u00e4, Silmukka alhaalla; Valmistusvuosi alkaen: 01\/1983; OPEL: CORSA B 73_, 78_, 79_,CORSA A CC 93_, 94_, 98_, 99_,CORSA A TR 91_, 92_, 96_, 97_,CORSA B Kasten 73_,CORSA A Kasten; 22012328, 22061694, 22118114, 22118408, 22118591, 22118921, 22169722, 22169723, 436037, 436038, 436039, 436040, 436041, 436068, 436069, 436070, 436079, 436093, 436094, 436103, 436111, 436156, 436157, 436204, 436210, 436216, 436222, 436230, 436264, 436265, 436514, 436535, 436536, 436576, 436577, 436578, 436650, 72118261, 72118262, 72118761, 72118769, 72118770, 72118796, 72119028, 72119029, 72119074, 72119075, 90009106, 90009107, 9004295, 9004296, 9004362, 90166772, 90223012, 90223013, 90223843, 90223844, 90297153, 90297155, 90297156, 90305018, 90305927, 90305928, 90345931, 90345932, 90345933, 90345934, 90345937, 90421696, 90442882, 90442883, 90442884, 90443136, 90443581, 90445373, 90445374, 90445381, 90445382, 90445383, 90445384, 90496676, 90497728, 90497729, 90498645, 90538707, 90538708, 90539797; Iskarit,Iskunvaimennin<\/p>\n","protected":false},"excerpt":{"rendered":"<p>DACO Germany Iskunvaimentimet 533603 Iskarit,Iskunvaimennin OPEL,CORSA B 73_, 78_, 79_,CORSA A CC 93_, 94_, 98_, 99_,CORSA A TR 91_, 92_, 96_, 97_<\/p>\n","protected":false},"featured_media":0,"template":"","meta":{"site-sidebar-layout":"default","site-content-layout":"default","ast-global-header-display":"","ast-main-header-display":"","ast-hfb-above-header-display":"","ast-hfb-below-header-display":"","ast-hfb-mobile-header-display":"","site-post-title":"","ast-breadcrumbs-content":"","ast-featured-img":"","footer-sml-layout":"","theme-transparent-header-meta":"","adv-header-id-meta":"","stick-header-meta":"","header-above-stick-meta":"","header-main-stick-meta":"","header-below-stick-meta":""},"pwb-brand":[349],"product_cat":[80],"product_tag":[],"class_list":{"0":"post-32798","1":"product","2":"type-product","3":"status-publish","5":"pwb-brand-daco-germany","6":"product_cat-iskunvaimennin","7":"desktop-align-left","8":"tablet-align-left","9":"mobile-align-left","11":"first","12":"instock","13":"product-type-external"},"brands":[{"id":349,"name":"DACO Germany","slug":"daco-germany"}],"_links":{"self":[{"href":"https:\/\/www.autonvaraosahaku.fi\/index.php?rest_route=\/wp\/v2\/product\/32798","targetHints":{"allow":["GET"]}}],"collection":[{"href":"https:\/\/www.autonvaraosahaku.fi\/index.php?rest_route=\/wp\/v2\/product"}],"about":[{"href":"https:\/\/www.autonvaraosahaku.fi\/index.php?rest_route=\/wp\/v2\/types\/product"}],"wp:attachment":[{"href":"https:\/\/www.autonvaraosahaku.fi\/index.php?rest_route=%2Fwp%2Fv2%2Fmedia&parent=32798"}],"wp:term":[{"taxonomy":"pwb-brand","embeddable":true,"href":"https:\/\/www.autonvaraosahaku.fi\/index.php?rest_route=%2Fwp%2Fv2%2Fpwb-brand&post=32798"},{"taxonomy":"product_cat","embeddable":true,"href":"https:\/\/www.autonvaraosahaku.fi\/index.php?rest_route=%2Fwp%2Fv2%2Fproduct_cat&post=32798"},{"taxonomy":"product_tag","embeddable":true,"href":"https:\/\/www.autonvaraosahaku.fi\/index.php?rest_route=%2Fwp%2Fv2%2Fproduct_tag&post=32798"}],"curies":[{"name":"wp","href":"https:\/\/api.w.org\/{rel}","templated":true}]}}