{"id":32809,"date":"2021-02-21T16:15:07","date_gmt":"2021-02-21T16:15:07","guid":{"rendered":"https:\/\/www.autonvaraosahaku.fi\/?product=pierburg-7-03978-01-0-turboahdin"},"modified":"2021-02-21T16:15:09","modified_gmt":"2021-02-21T16:15:09","slug":"pierburg-7-03978-01-0-turboahdin","status":"publish","type":"product","link":"https:\/\/www.autonvaraosahaku.fi\/?product=pierburg-7-03978-01-0-turboahdin","title":{"rendered":"PIERBURG 7.03978.01.0 Turboahdin"},"content":{"rendered":"<p>Venttiilimalli: Magneettiventtiili; K\u00e4ytt\u00f6: S\u00e4hk\u00f6-pneumaattinen; J\u00e4nnite (V): 12; TECDOC-moottorinumero: 22598; CHEVROLET: CRUZE J300,MALIBU V300; OPEL: ASTRA H Caravan L35,ASTRA H L48,ASTRA J Sports Tourer,INSIGNIA Caravan,ASTRA J,ASTRA H GTC L08,ZAFIRA TOURER C P12,INSIGNIA,INSIGNIA Stufenheck,ASTRA GTC J,CASCADA W13,ASTRA H Stufenheck L69,INSIGNIA A Country Tourer G09; VAUXHALL: INSIGNIA Mk I A,ASTRA Mk V H CC,INSIGNIA Mk I A Estate,ASTRA Mk V H Estate,ZAFIRA Mk III P12,ASTRA Mk VI J CC,ASTRA Mk VI J,INSIGNIA Mk I A Sedan,ASTRA Mk VI J Estate,INSIGNIA Mk I A Country Tourer G09; 55573362, 55575611, 55573362, 55575611, 851017, 851042, 55573362, 55575611, 55573362, 55575611, 851017, 851042; Paineenmuuntaja, Turboahdin<\/p>\n","protected":false},"excerpt":{"rendered":"<p>PIERBURG Painemuunnin 7.03978.01.0 Paineenmuuntaja, Turboahdin CHEVROLET,OPEL,VAUXHALL,CRUZE J300,MALIBU V300,ASTRA H Caravan L35,ASTRA H L48<\/p>\n","protected":false},"featured_media":0,"template":"","meta":{"site-sidebar-layout":"default","site-content-layout":"default","ast-global-header-display":"","ast-main-header-display":"","ast-hfb-above-header-display":"","ast-hfb-below-header-display":"","ast-hfb-mobile-header-display":"","site-post-title":"","ast-breadcrumbs-content":"","ast-featured-img":"","footer-sml-layout":"","theme-transparent-header-meta":"","adv-header-id-meta":"","stick-header-meta":"","header-above-stick-meta":"","header-main-stick-meta":"","header-below-stick-meta":""},"pwb-brand":[380],"product_cat":[250],"product_tag":[],"class_list":{"0":"post-32809","1":"product","2":"type-product","3":"status-publish","5":"pwb-brand-pierburg","6":"product_cat-turboahdin","7":"desktop-align-left","8":"tablet-align-left","9":"mobile-align-left","11":"first","12":"instock","13":"product-type-external"},"brands":[{"id":380,"name":"PIERBURG","slug":"pierburg"}],"_links":{"self":[{"href":"https:\/\/www.autonvaraosahaku.fi\/index.php?rest_route=\/wp\/v2\/product\/32809","targetHints":{"allow":["GET"]}}],"collection":[{"href":"https:\/\/www.autonvaraosahaku.fi\/index.php?rest_route=\/wp\/v2\/product"}],"about":[{"href":"https:\/\/www.autonvaraosahaku.fi\/index.php?rest_route=\/wp\/v2\/types\/product"}],"wp:attachment":[{"href":"https:\/\/www.autonvaraosahaku.fi\/index.php?rest_route=%2Fwp%2Fv2%2Fmedia&parent=32809"}],"wp:term":[{"taxonomy":"pwb-brand","embeddable":true,"href":"https:\/\/www.autonvaraosahaku.fi\/index.php?rest_route=%2Fwp%2Fv2%2Fpwb-brand&post=32809"},{"taxonomy":"product_cat","embeddable":true,"href":"https:\/\/www.autonvaraosahaku.fi\/index.php?rest_route=%2Fwp%2Fv2%2Fproduct_cat&post=32809"},{"taxonomy":"product_tag","embeddable":true,"href":"https:\/\/www.autonvaraosahaku.fi\/index.php?rest_route=%2Fwp%2Fv2%2Fproduct_tag&post=32809"}],"curies":[{"name":"wp","href":"https:\/\/api.w.org\/{rel}","templated":true}]}}