{"id":32832,"date":"2021-02-21T16:15:11","date_gmt":"2021-02-21T16:15:11","guid":{"rendered":"https:\/\/www.autonvaraosahaku.fi\/?product=quick-brake-0016-muut-luokat"},"modified":"2021-02-21T16:15:13","modified_gmt":"2021-02-21T16:15:13","slug":"quick-brake-0016-muut-luokat","status":"publish","type":"product","link":"https:\/\/www.autonvaraosahaku.fi\/?product=quick-brake-0016-muut-luokat","title":{"rendered":"QUICK BRAKE 0016 Muut luokat"},"content":{"rendered":"<p>Pituus (mm): 32; Kierremitta: M10x1; Kierremalli: Ulkopuolinen kierre; Avainv\u00e4li: 10; CHEVROLET: AVEO Schr\u00e4gheck T300,AVEO Stufenheck T300; KIA: SPORTAGE SL,CEE&#8217;D SW ED,CEE&#8217;D Schr\u00e4gheck ED,CEE&#8217;D JD,PICANTO TA,CEE`D Sportswagon JD,PRO CEE&#8217;D ED,CARENS IV,PRO CEE\u00b4D JD,SPORTAGE QL,CERATO II Stufenheck TD,SORENTO III,SOUL II PS,OPTIMA Sportswagon,CERATO YD Stufenheck,CEE&#8217;D Combi Van JD,OPTIMA; OPEL: KARL; HYUNDAI: ix35 LM, EL, ELH,i30 FD,i30 CW FD,i40 CW VF,i30 GD,ix20 JC,i30 CW GD,ix55,i30 Coupe,VELOSTER FS,i40 VF,TUCSON,i30 PDE,i30 Kombi PDE,i30 FASTBACK PDE,CRETA; 95975170, 581201G100, 581201G100, 95375884, 95975170, 95375884, 95975170<\/p>\n","protected":false},"excerpt":{"rendered":"<p>QUICK BRAKE Ilmaruuvi 0016  CHEVROLET,KIA,OPEL,AVEO Schr\u00e4gheck T300,AVEO Stufenheck T300,SPORTAGE SL,CEE&#8217;D SW ED,CEE&#8217;D Schr\u00e4gheck ED,CEE&#8217;D JD<\/p>\n","protected":false},"featured_media":0,"template":"","meta":{"site-sidebar-layout":"default","site-content-layout":"default","ast-global-header-display":"","ast-main-header-display":"","ast-hfb-above-header-display":"","ast-hfb-below-header-display":"","ast-hfb-mobile-header-display":"","site-post-title":"","ast-breadcrumbs-content":"","ast-featured-img":"","footer-sml-layout":"","theme-transparent-header-meta":"","adv-header-id-meta":"","stick-header-meta":"","header-above-stick-meta":"","header-main-stick-meta":"","header-below-stick-meta":""},"pwb-brand":[376],"product_cat":[37],"product_tag":[],"class_list":{"0":"post-32832","1":"product","2":"type-product","3":"status-publish","5":"pwb-brand-quick-brake","6":"product_cat-muut-luokat","7":"desktop-align-left","8":"tablet-align-left","9":"mobile-align-left","11":"first","12":"instock","13":"product-type-external"},"brands":[{"id":376,"name":"QUICK BRAKE","slug":"quick-brake"}],"_links":{"self":[{"href":"https:\/\/www.autonvaraosahaku.fi\/index.php?rest_route=\/wp\/v2\/product\/32832","targetHints":{"allow":["GET"]}}],"collection":[{"href":"https:\/\/www.autonvaraosahaku.fi\/index.php?rest_route=\/wp\/v2\/product"}],"about":[{"href":"https:\/\/www.autonvaraosahaku.fi\/index.php?rest_route=\/wp\/v2\/types\/product"}],"wp:attachment":[{"href":"https:\/\/www.autonvaraosahaku.fi\/index.php?rest_route=%2Fwp%2Fv2%2Fmedia&parent=32832"}],"wp:term":[{"taxonomy":"pwb-brand","embeddable":true,"href":"https:\/\/www.autonvaraosahaku.fi\/index.php?rest_route=%2Fwp%2Fv2%2Fpwb-brand&post=32832"},{"taxonomy":"product_cat","embeddable":true,"href":"https:\/\/www.autonvaraosahaku.fi\/index.php?rest_route=%2Fwp%2Fv2%2Fproduct_cat&post=32832"},{"taxonomy":"product_tag","embeddable":true,"href":"https:\/\/www.autonvaraosahaku.fi\/index.php?rest_route=%2Fwp%2Fv2%2Fproduct_tag&post=32832"}],"curies":[{"name":"wp","href":"https:\/\/api.w.org\/{rel}","templated":true}]}}