{"id":32835,"date":"2021-02-21T16:15:11","date_gmt":"2021-02-21T16:15:11","guid":{"rendered":"https:\/\/www.autonvaraosahaku.fi\/?product=valeo-200012-laturi"},"modified":"2021-02-21T16:15:14","modified_gmt":"2021-02-21T16:15:14","slug":"valeo-200012-laturi","status":"publish","type":"product","link":"https:\/\/www.autonvaraosahaku.fi\/?product=valeo-200012-laturi","title":{"rendered":"VALEO 200012 Laturi"},"content":{"rendered":"<p>Vaihto-osa: ; J\u00e4nnite (V): 14; Laturi varausvirta (A): 140; Kiinnitysmalli: 4-pistekiinnitys; Asento \/ aste: R 90; Py\u00f6rimissuunta: Py\u00f6rimissuunta my\u00f6t\u00e4p\u00e4iv\u00e4\u00e4n; Hihnapy\u00f6r\u00e4t: V\u00e4lihihnapy\u00f6r\u00e4ll\u00e4; kiiloja: 6; Hihnapy\u00f6r\u00e4-\u00d8[mm]: 57,2; Paino [kg]: 7,078; Moottorinumero: CFFB; VW: GOLF V 1K1,TOURAN 1T1, 1T2,GOLF VI 5K1,PASSAT Variant 3C5,GOLF PLUS 5M1, 521,PASSAT 3C2,POLO 6R, 6C,TIGUAN 5N_,PASSAT Variant 365,SHARAN 7M8, 7M9, 7M6,CADDY III Kombi 2KB, 2KJ, 2CB, 2CJ,TRANSPORTER V Bus 7HB, 7HJ, 7EB, 7EJ, 7EF,GOLF VI Variant AJ5,GOLF V Variant 1K5,MULTIVAN V 7HM, 7HN, 7HF, 7EF, 7EM, 7EN,CADDY III Kasten 2KA, 2KH, 2CA, 2CH,EOS 1F7, 1F8,SCIROCCO 137, 138,TRANSPORTER V Kasten 7HA, 7HH, 7EA, 7EH,PASSAT CC 357,CRAFTER 30-50 Kasten 2E_,JETTA III 1K2,PASSAT 362,AMAROK 2H_, S1B,CC 358,GOLF VI Cabriolet 517,BEETLE 5C1,JETTA IV 162, 163,CRAFTER 30-35 Bus 2E_,TRANSPORTER V Pritsche\/Fahrgestell 7JD, 7JE, 7JL, 7JY, 7JZ,,PASSAT ALLTRACK 365,BEETLE Cabriolet 5C7,CRAFTER 30-50 Pritsche\/Fahrgestell 2F_,CADDY IV Kombi SAB, SAJ,CADDY IV Kasten SAA, SAH; AUDI: A3 8P1,A3 Sportback 8PA,A4 Avant 8ED, B7,A4 Avant 8E5, B6,A4 8E2, B6,A4 Cabriolet 8H7, B6, 8HE, B7,A4 8EC, B7,TT 8J3,Q3 8U,A1 8X1, 8XF,A1 Sportback 8XA, 8XK,TT Roadster 8J9,A8 4H_,A3 Cabriolet 8P7; SKODA: OCTAVIA Combi 1Z5,FABIA,FABIA Combi,ROOMSTER 5J,YETI 5L,SUPERB Kombi 3T5,OCTAVIA 1Z3,SUPERB 3T4,RAPID Spaceback NH1,ROOMSTER Praktik 5J,RAPID NH3; SEAT: LEON 1P1,IBIZA V 6J5, 6P5,ALTEA 5P1,ALHAMBRA 7V8, 7V9,ALTEA XL 5P5, 5P8,IBIZA V ST 6J8, 6P8,EXEO ST 3R5,IBIZA V SPORTCOUPE 6J1, 6P1,EXEO 3R2,TOLEDO III 5P2,TOLEDO IV KG3; 03L903023F, 03L903023FX, 06F903023A, 06F903023C, 06F903023CX, 06F903023F, 06F903023FX, 06F903023H, 06F903023HX, 06F903023J, 06F903023JX, 06F903023N, 3L903023F, 3L903023FX, 6F903023A, 6F903023C, 6F903023CX, 6F903023F, 6F903023FX, 6F903023H, 6F903023HX, 6F903023J, 6F903023JX, 6F903023N, 03L903023F, 03L903023FX, 06F903023A, 06F903023AX, 06F903023C, 06F903023CX, 06F903023F, 06F903023FX, 06F903023HX, 06F903023J, 06F903023N, 3L903023F, 3L903023FX, 6F903023A, 6F903023AX, 6F903023C, 6F903023CX, 6F903023F, 6F903023FX, 6F903023HX, 6F903023J, 6F903023N, 03L903023F, 03L903023FX, 06F903023A, 06F903023C, 06F903023CX, 06F903023F, 06F903023FX, 06F903023HX, 06F903023N, 3L903023F, 3L903023FX, 6F903023A, 6F903023C, 6F903023CX, 6F903023F, 6F903023FX, 6F903023HX, 6F903023N, 03L903023F, 03L903023FX, 06903023F, 06903023FX, 06F903023A, 06F903023AX, 06F903023C, 06F903023CX, 06F903023F, 06F903023FX, 06F903023HX, 06F903023N, 3L903023F, 3L903023FX, 6903023F, 6903023FX, 6F903023A, 6F903023AX, 6F903023C, 6F903023&#8230;; Generaattori<\/p>\n","protected":false},"excerpt":{"rendered":"<p>VALEO Laturi VALEO CORE-FLEX 200012 Generaattori VW,AUDI,SKODA,GOLF V 1K1,TOURAN 1T1, 1T2,GOLF VI 5K1,PASSAT Variant 3C5,GOLF PLUS 5M1, 521,PASSAT 3C2<\/p>\n","protected":false},"featured_media":0,"template":"","meta":{"site-sidebar-layout":"default","site-content-layout":"default","ast-global-header-display":"","ast-main-header-display":"","ast-hfb-above-header-display":"","ast-hfb-below-header-display":"","ast-hfb-mobile-header-display":"","site-post-title":"","ast-breadcrumbs-content":"","ast-featured-img":"","footer-sml-layout":"","theme-transparent-header-meta":"","adv-header-id-meta":"","stick-header-meta":"","header-above-stick-meta":"","header-main-stick-meta":"","header-below-stick-meta":""},"pwb-brand":[28],"product_cat":[357],"product_tag":[],"class_list":{"0":"post-32835","1":"product","2":"type-product","3":"status-publish","5":"pwb-brand-valeo","6":"product_cat-laturi","7":"desktop-align-left","8":"tablet-align-left","9":"mobile-align-left","11":"first","12":"instock","13":"product-type-external"},"brands":[{"id":28,"name":"VALEO","slug":"valeo"}],"_links":{"self":[{"href":"https:\/\/www.autonvaraosahaku.fi\/index.php?rest_route=\/wp\/v2\/product\/32835","targetHints":{"allow":["GET"]}}],"collection":[{"href":"https:\/\/www.autonvaraosahaku.fi\/index.php?rest_route=\/wp\/v2\/product"}],"about":[{"href":"https:\/\/www.autonvaraosahaku.fi\/index.php?rest_route=\/wp\/v2\/types\/product"}],"wp:attachment":[{"href":"https:\/\/www.autonvaraosahaku.fi\/index.php?rest_route=%2Fwp%2Fv2%2Fmedia&parent=32835"}],"wp:term":[{"taxonomy":"pwb-brand","embeddable":true,"href":"https:\/\/www.autonvaraosahaku.fi\/index.php?rest_route=%2Fwp%2Fv2%2Fpwb-brand&post=32835"},{"taxonomy":"product_cat","embeddable":true,"href":"https:\/\/www.autonvaraosahaku.fi\/index.php?rest_route=%2Fwp%2Fv2%2Fproduct_cat&post=32835"},{"taxonomy":"product_tag","embeddable":true,"href":"https:\/\/www.autonvaraosahaku.fi\/index.php?rest_route=%2Fwp%2Fv2%2Fproduct_tag&post=32835"}],"curies":[{"name":"wp","href":"https:\/\/api.w.org\/{rel}","templated":true}]}}