{"id":32841,"date":"2021-02-21T16:15:15","date_gmt":"2021-02-21T16:15:15","guid":{"rendered":"https:\/\/www.autonvaraosahaku.fi\/?product=era-770069a-polttoainepumppu"},"modified":"2021-02-21T16:15:16","modified_gmt":"2021-02-21T16:15:16","slug":"era-770069a-polttoainepumppu","status":"publish","type":"product","link":"https:\/\/www.autonvaraosahaku.fi\/?product=era-770069a-polttoainepumppu","title":{"rendered":"ERA 770069A Polttoainepumppu"},"content":{"rendered":"<p>Paino [kg]: 0,475; Paine (bar): 3,5; K\u00e4ytt\u00f6: S\u00e4hk\u00f6inen; Liittimi\u00e4: 2; BMW: 5 E39,5 Touring E39,5 E34,5 Touring E34; OPEL: INSIGNIA; SUBARU: LEGACY IV BL, BP; RENAULT: SC\u00c9NIC II JM0\/1_; VAUXHALL: COMBO TOUR Mk II C F25; 1183176, 1183216, 16141183176, 16141183216, 16146752368, 6752368, 0004701794, A0004701794<\/p>\n","protected":false},"excerpt":{"rendered":"<p>ERA Polttoainepumppu 770069A  BMW,OPEL,SUBARU,5 E39,5 Touring E39,5 E34,5 Touring E34,INSIGNIA,LEGACY IV BL, BP,SC\u00c9NIC II JM0\/1_<\/p>\n","protected":false},"featured_media":0,"template":"","meta":{"site-sidebar-layout":"default","site-content-layout":"default","ast-global-header-display":"","ast-main-header-display":"","ast-hfb-above-header-display":"","ast-hfb-below-header-display":"","ast-hfb-mobile-header-display":"","site-post-title":"","ast-breadcrumbs-content":"","ast-featured-img":"","footer-sml-layout":"","theme-transparent-header-meta":"","adv-header-id-meta":"","stick-header-meta":"","header-above-stick-meta":"","header-main-stick-meta":"","header-below-stick-meta":""},"pwb-brand":[64],"product_cat":[73],"product_tag":[],"class_list":{"0":"post-32841","1":"product","2":"type-product","3":"status-publish","5":"pwb-brand-era","6":"product_cat-polttoainepumppu","7":"desktop-align-left","8":"tablet-align-left","9":"mobile-align-left","11":"first","12":"instock","13":"product-type-external"},"brands":[{"id":64,"name":"ERA","slug":"era"}],"_links":{"self":[{"href":"https:\/\/www.autonvaraosahaku.fi\/index.php?rest_route=\/wp\/v2\/product\/32841","targetHints":{"allow":["GET"]}}],"collection":[{"href":"https:\/\/www.autonvaraosahaku.fi\/index.php?rest_route=\/wp\/v2\/product"}],"about":[{"href":"https:\/\/www.autonvaraosahaku.fi\/index.php?rest_route=\/wp\/v2\/types\/product"}],"wp:attachment":[{"href":"https:\/\/www.autonvaraosahaku.fi\/index.php?rest_route=%2Fwp%2Fv2%2Fmedia&parent=32841"}],"wp:term":[{"taxonomy":"pwb-brand","embeddable":true,"href":"https:\/\/www.autonvaraosahaku.fi\/index.php?rest_route=%2Fwp%2Fv2%2Fpwb-brand&post=32841"},{"taxonomy":"product_cat","embeddable":true,"href":"https:\/\/www.autonvaraosahaku.fi\/index.php?rest_route=%2Fwp%2Fv2%2Fproduct_cat&post=32841"},{"taxonomy":"product_tag","embeddable":true,"href":"https:\/\/www.autonvaraosahaku.fi\/index.php?rest_route=%2Fwp%2Fv2%2Fproduct_tag&post=32841"}],"curies":[{"name":"wp","href":"https:\/\/api.w.org\/{rel}","templated":true}]}}