{"id":32891,"date":"2021-02-21T16:15:24","date_gmt":"2021-02-21T16:15:24","guid":{"rendered":"https:\/\/www.autonvaraosahaku.fi\/?product=goetze-engine-08-443000-00-mannanrenkaat"},"modified":"2021-02-21T16:15:26","modified_gmt":"2021-02-21T16:15:26","slug":"goetze-engine-08-443000-00-mannanrenkaat","status":"publish","type":"product","link":"https:\/\/www.autonvaraosahaku.fi\/?product=goetze-engine-08-443000-00-mannanrenkaat","title":{"rendered":"GOETZE ENGINE 08-443000-00 M\u00e4nn\u00e4nrenkaat"},"content":{"rendered":"<p>Sylinterin halkaisija [mm]: 84,00; Komponenttinumero: 1.2mm 001 CR FE ST, 1.2mm 005 P GOE13, 2.0mm 712 CR P ST; Vakiomitta (STD): ; TECDOC-moottorinumero: 19304; NISSAN: QASHQAI \/ QASHQAI +2 J10, JJ10,X-TRAIL T31,NV200 EVALIA,TIIDA Schr\u00e4gheck,NV200 Kasten,CUBE Z12,TIIDA Stufenheck SC11X,TEANA II J32,TIIDA Stufenheck C12,SERENA C25,SENTRA B16,BLUEBIRD SYLPHY G11,SENTRA B17; MITSUBISHI: LANCER Station Wagon CV_1; 12033CK80A, 12033EN200, 12033EN20A; M\u00e4nn\u00e4nrengassarja<\/p>\n","protected":false},"excerpt":{"rendered":"<p>GOETZE ENGINE M\u00e4nn\u00e4nrenkaat 08-443000-00 M\u00e4nn\u00e4nrengassarja NISSAN,MITSUBISHI,QASHQAI \/ QASHQAI +2 J10, JJ10,X-TRAIL T31,NV200 EVALIA,TIIDA Schr\u00e4gheck<\/p>\n","protected":false},"featured_media":0,"template":"","meta":{"site-sidebar-layout":"default","site-content-layout":"default","ast-global-header-display":"","ast-main-header-display":"","ast-hfb-above-header-display":"","ast-hfb-below-header-display":"","ast-hfb-mobile-header-display":"","site-post-title":"","ast-breadcrumbs-content":"","ast-featured-img":"","footer-sml-layout":"","theme-transparent-header-meta":"","adv-header-id-meta":"","stick-header-meta":"","header-above-stick-meta":"","header-main-stick-meta":"","header-below-stick-meta":""},"pwb-brand":[224],"product_cat":[154],"product_tag":[],"class_list":{"0":"post-32891","1":"product","2":"type-product","3":"status-publish","5":"pwb-brand-goetze-engine","6":"product_cat-mannanrenkaat","7":"desktop-align-left","8":"tablet-align-left","9":"mobile-align-left","11":"first","12":"instock","13":"product-type-external"},"brands":[{"id":224,"name":"GOETZE ENGINE","slug":"goetze-engine"}],"_links":{"self":[{"href":"https:\/\/www.autonvaraosahaku.fi\/index.php?rest_route=\/wp\/v2\/product\/32891","targetHints":{"allow":["GET"]}}],"collection":[{"href":"https:\/\/www.autonvaraosahaku.fi\/index.php?rest_route=\/wp\/v2\/product"}],"about":[{"href":"https:\/\/www.autonvaraosahaku.fi\/index.php?rest_route=\/wp\/v2\/types\/product"}],"wp:attachment":[{"href":"https:\/\/www.autonvaraosahaku.fi\/index.php?rest_route=%2Fwp%2Fv2%2Fmedia&parent=32891"}],"wp:term":[{"taxonomy":"pwb-brand","embeddable":true,"href":"https:\/\/www.autonvaraosahaku.fi\/index.php?rest_route=%2Fwp%2Fv2%2Fpwb-brand&post=32891"},{"taxonomy":"product_cat","embeddable":true,"href":"https:\/\/www.autonvaraosahaku.fi\/index.php?rest_route=%2Fwp%2Fv2%2Fproduct_cat&post=32891"},{"taxonomy":"product_tag","embeddable":true,"href":"https:\/\/www.autonvaraosahaku.fi\/index.php?rest_route=%2Fwp%2Fv2%2Fproduct_tag&post=32891"}],"curies":[{"name":"wp","href":"https:\/\/api.w.org\/{rel}","templated":true}]}}