{"id":32893,"date":"2021-02-21T16:15:24","date_gmt":"2021-02-21T16:15:24","guid":{"rendered":"https:\/\/www.autonvaraosahaku.fi\/?product=ridex-1385c0115-ohjainlaite-lammitys-tuuletus"},"modified":"2021-02-21T16:15:26","modified_gmt":"2021-02-21T16:15:26","slug":"ridex-1385c0115-ohjainlaite-lammitys-tuuletus","status":"publish","type":"product","link":"https:\/\/www.autonvaraosahaku.fi\/?product=ridex-1385c0115-ohjainlaite-lammitys-tuuletus","title":{"rendered":"RIDEX 1385C0115 Ohjainlaite l\u00e4mmitys tuuletus"},"content":{"rendered":"<p>Liittimi\u00e4: 6; PEUGEOT: PARTNER Tepee,PARTNER Kasten; CITRO\u00cbN: BERLINGO B9,C4 Picasso I UD_,C4 Grand Picasso I UA_,C4 I LC_,C4 Coupe LA_,BERLINGO Kasten B9,C4 Stufenheck L,BERLINGO Pritsche\/Fahrgestell B9<\/p>\n","protected":false},"excerpt":{"rendered":"<p>RIDEX Ohjainlaite, L\u00e4mmitys\/Tuuletus 1385C0115  PEUGEOT,CITRO\u00cbN,PARTNER Tepee,PARTNER Kasten,BERLINGO B9,C4 Picasso I UD_,C4 Grand Picasso I UA_<\/p>\n","protected":false},"featured_media":0,"template":"","meta":{"site-sidebar-layout":"default","site-content-layout":"default","ast-global-header-display":"","ast-main-header-display":"","ast-hfb-above-header-display":"","ast-hfb-below-header-display":"","ast-hfb-mobile-header-display":"","site-post-title":"","ast-breadcrumbs-content":"","ast-featured-img":"","footer-sml-layout":"","theme-transparent-header-meta":"","adv-header-id-meta":"","stick-header-meta":"","header-above-stick-meta":"","header-main-stick-meta":"","header-below-stick-meta":""},"pwb-brand":[157],"product_cat":[262],"product_tag":[],"class_list":{"0":"post-32893","1":"product","2":"type-product","3":"status-publish","5":"pwb-brand-ridex","6":"product_cat-ohjainlaite-lammitys-tuuletus","7":"desktop-align-left","8":"tablet-align-left","9":"mobile-align-left","11":"first","12":"instock","13":"product-type-external"},"brands":[{"id":157,"name":"RIDEX","slug":"ridex"}],"_links":{"self":[{"href":"https:\/\/www.autonvaraosahaku.fi\/index.php?rest_route=\/wp\/v2\/product\/32893","targetHints":{"allow":["GET"]}}],"collection":[{"href":"https:\/\/www.autonvaraosahaku.fi\/index.php?rest_route=\/wp\/v2\/product"}],"about":[{"href":"https:\/\/www.autonvaraosahaku.fi\/index.php?rest_route=\/wp\/v2\/types\/product"}],"wp:attachment":[{"href":"https:\/\/www.autonvaraosahaku.fi\/index.php?rest_route=%2Fwp%2Fv2%2Fmedia&parent=32893"}],"wp:term":[{"taxonomy":"pwb-brand","embeddable":true,"href":"https:\/\/www.autonvaraosahaku.fi\/index.php?rest_route=%2Fwp%2Fv2%2Fpwb-brand&post=32893"},{"taxonomy":"product_cat","embeddable":true,"href":"https:\/\/www.autonvaraosahaku.fi\/index.php?rest_route=%2Fwp%2Fv2%2Fproduct_cat&post=32893"},{"taxonomy":"product_tag","embeddable":true,"href":"https:\/\/www.autonvaraosahaku.fi\/index.php?rest_route=%2Fwp%2Fv2%2Fproduct_tag&post=32893"}],"curies":[{"name":"wp","href":"https:\/\/api.w.org\/{rel}","templated":true}]}}