{"id":32911,"date":"2021-02-21T16:15:28","date_gmt":"2021-02-21T16:15:28","guid":{"rendered":"https:\/\/www.autonvaraosahaku.fi\/?product=hjs-82-13-4350-pakoputken-asennussarja"},"modified":"2021-02-21T16:15:30","modified_gmt":"2021-02-21T16:15:30","slug":"hjs-82-13-4350-pakoputken-asennussarja","status":"publish","type":"product","link":"https:\/\/www.autonvaraosahaku.fi\/?product=hjs-82-13-4350-pakoputken-asennussarja","title":{"rendered":"HJS 82 13 4350 Pakoputken asennussarja"},"content":{"rendered":"<p>Pakoputkisto: takavaimentimelle; L\u00e4pimitta 1 [mm]: 55; Asennuspuoli: Vasen; Vain jnk. yhteydess\u00e4: OE Schalld\u00e4mpfer; Moottorinumero: 113.967; MERCEDES-BENZ: E-CLASS W211,E-CLASS T-Model S211; 2114902521, 2114903235, 2114903759, 2114904159, 2114904621, 2114904759, 2114906835, 2114908035, 2114908235, 2114908435, 2114908621, 2114909121, 2114909935, A2114902521, A2114903235, A2114903759, A2114904159, A2114904621, A2114904759, A2114906835, A2114908035, A2114908235, A2114908435, A2114908621, A2114909121, A2114909935<\/p>\n","protected":false},"excerpt":{"rendered":"<p>HJS Pidike, Pakoputkisto 82 13 4350  MERCEDES-BENZ,E-CLASS W211,E-CLASS T-Model S211<\/p>\n","protected":false},"featured_media":0,"template":"","meta":{"site-sidebar-layout":"default","site-content-layout":"default","ast-global-header-display":"","ast-main-header-display":"","ast-hfb-above-header-display":"","ast-hfb-below-header-display":"","ast-hfb-mobile-header-display":"","site-post-title":"","ast-breadcrumbs-content":"","ast-featured-img":"","footer-sml-layout":"","theme-transparent-header-meta":"","adv-header-id-meta":"","stick-header-meta":"","header-above-stick-meta":"","header-main-stick-meta":"","header-below-stick-meta":""},"pwb-brand":[344],"product_cat":[101],"product_tag":[],"class_list":{"0":"post-32911","1":"product","2":"type-product","3":"status-publish","5":"pwb-brand-hjs","6":"product_cat-pakoputken-asennussarja","7":"desktop-align-left","8":"tablet-align-left","9":"mobile-align-left","11":"first","12":"instock","13":"product-type-external"},"brands":[{"id":344,"name":"HJS","slug":"hjs"}],"_links":{"self":[{"href":"https:\/\/www.autonvaraosahaku.fi\/index.php?rest_route=\/wp\/v2\/product\/32911","targetHints":{"allow":["GET"]}}],"collection":[{"href":"https:\/\/www.autonvaraosahaku.fi\/index.php?rest_route=\/wp\/v2\/product"}],"about":[{"href":"https:\/\/www.autonvaraosahaku.fi\/index.php?rest_route=\/wp\/v2\/types\/product"}],"wp:attachment":[{"href":"https:\/\/www.autonvaraosahaku.fi\/index.php?rest_route=%2Fwp%2Fv2%2Fmedia&parent=32911"}],"wp:term":[{"taxonomy":"pwb-brand","embeddable":true,"href":"https:\/\/www.autonvaraosahaku.fi\/index.php?rest_route=%2Fwp%2Fv2%2Fpwb-brand&post=32911"},{"taxonomy":"product_cat","embeddable":true,"href":"https:\/\/www.autonvaraosahaku.fi\/index.php?rest_route=%2Fwp%2Fv2%2Fproduct_cat&post=32911"},{"taxonomy":"product_tag","embeddable":true,"href":"https:\/\/www.autonvaraosahaku.fi\/index.php?rest_route=%2Fwp%2Fv2%2Fproduct_tag&post=32911"}],"curies":[{"name":"wp","href":"https:\/\/api.w.org\/{rel}","templated":true}]}}