{"id":32921,"date":"2021-02-21T16:15:32","date_gmt":"2021-02-21T16:15:32","guid":{"rendered":"https:\/\/www.autonvaraosahaku.fi\/?product=triscan-8500-10918-jousijalan-tukilaakeri"},"modified":"2021-02-21T16:15:32","modified_gmt":"2021-02-21T16:15:32","slug":"triscan-8500-10918-jousijalan-tukilaakeri","status":"publish","type":"product","link":"https:\/\/www.autonvaraosahaku.fi\/?product=triscan-8500-10918-jousijalan-tukilaakeri","title":{"rendered":"TRISCAN 8500 10918 Jousijalan tukilaakeri"},"content":{"rendered":"<p>Tarvittava kappalem\u00e4\u00e4r\u00e4: 2; Korvaava tuote\/korvaava tiedote 2: Vierint\u00e4laakerilla; Rakennemalli: Wagon R; SUZUKI: WAGON R+ MM,IGNIS FH,IGNIS II,WAGON R+ EM,WAGON R; 1707592, 4705260, 9209187, 9216325, 4171080G00, 4171080G00000, 4171080G10, 4171080G10000, 4171080G00, 4171080G00000, 4171080G10, 4171080G10000; Iskarin Yl\u00e4p\u00e4\u00e4,Iskunvaimentimen Yl\u00e4p\u00e4\u00e4<\/p>\n","protected":false},"excerpt":{"rendered":"<p>TRISCAN Jousijalan Tukilaakeri 8500 10918 Iskarin Yl\u00e4p\u00e4\u00e4,Iskunvaimentimen Yl\u00e4p\u00e4\u00e4 SUZUKI,WAGON R+ MM,IGNIS FH,IGNIS II,WAGON R+ EM,WAGON R<\/p>\n","protected":false},"featured_media":0,"template":"","meta":{"site-sidebar-layout":"default","site-content-layout":"default","ast-global-header-display":"","ast-main-header-display":"","ast-hfb-above-header-display":"","ast-hfb-below-header-display":"","ast-hfb-mobile-header-display":"","site-post-title":"","ast-breadcrumbs-content":"","ast-featured-img":"","footer-sml-layout":"","theme-transparent-header-meta":"","adv-header-id-meta":"","stick-header-meta":"","header-above-stick-meta":"","header-main-stick-meta":"","header-below-stick-meta":""},"pwb-brand":[337],"product_cat":[45],"product_tag":[],"class_list":{"0":"post-32921","1":"product","2":"type-product","3":"status-publish","5":"pwb-brand-triscan","6":"product_cat-jousijalan-tukilaakeri","7":"desktop-align-left","8":"tablet-align-left","9":"mobile-align-left","11":"first","12":"instock","13":"product-type-external"},"brands":[{"id":337,"name":"TRISCAN","slug":"triscan"}],"_links":{"self":[{"href":"https:\/\/www.autonvaraosahaku.fi\/index.php?rest_route=\/wp\/v2\/product\/32921","targetHints":{"allow":["GET"]}}],"collection":[{"href":"https:\/\/www.autonvaraosahaku.fi\/index.php?rest_route=\/wp\/v2\/product"}],"about":[{"href":"https:\/\/www.autonvaraosahaku.fi\/index.php?rest_route=\/wp\/v2\/types\/product"}],"wp:attachment":[{"href":"https:\/\/www.autonvaraosahaku.fi\/index.php?rest_route=%2Fwp%2Fv2%2Fmedia&parent=32921"}],"wp:term":[{"taxonomy":"pwb-brand","embeddable":true,"href":"https:\/\/www.autonvaraosahaku.fi\/index.php?rest_route=%2Fwp%2Fv2%2Fpwb-brand&post=32921"},{"taxonomy":"product_cat","embeddable":true,"href":"https:\/\/www.autonvaraosahaku.fi\/index.php?rest_route=%2Fwp%2Fv2%2Fproduct_cat&post=32921"},{"taxonomy":"product_tag","embeddable":true,"href":"https:\/\/www.autonvaraosahaku.fi\/index.php?rest_route=%2Fwp%2Fv2%2Fproduct_tag&post=32921"}],"curies":[{"name":"wp","href":"https:\/\/api.w.org\/{rel}","templated":true}]}}