{"id":32936,"date":"2021-02-21T16:15:32","date_gmt":"2021-02-21T16:15:32","guid":{"rendered":"https:\/\/www.autonvaraosahaku.fi\/?product=trw-df6612s-jarrulevyt"},"modified":"2021-02-21T16:15:34","modified_gmt":"2021-02-21T16:15:34","slug":"trw-df6612s-jarrulevyt","status":"publish","type":"product","link":"https:\/\/www.autonvaraosahaku.fi\/?product=trw-df6612s-jarrulevyt","title":{"rendered":"TRW DF6612S Jarrulevyt"},"content":{"rendered":"<p>Jarrulevytyyppi: Tuuletettu, jarrulevy kaksiosainen; Reikien m\u00e4\u00e4r\u00e4: 5; Ulkol\u00e4pimitta [mm]: 348; keskitt\u00e4misl\u00e4pimitta [mm]: 75; Korkeus (mm): 66,1; Jarrulevyn paksuus (mm): 36; V\u00e4himm\u00e4ispaksuus (mm): 34,4; Reik\u00e4ympyr\u00e4-\u00d8 [mm]: 120; Kierre 1: 16,5; V\u00e4ri: Musta; Pinta: Lakattu; K\u00e4sittely: hiiliter\u00e4s; parilliset tuotenumerot: DF6611S; Asennuspuoli: Vorderachse rechts; BMW: 5 Touring F11,5 F10, F18,7 F01, F02, F03, F04,5 Gran Turismo F07,6 Gran Coupe F06,6 Coupe F13,6 Cabriolet F12; 34116785670, 6785670; Jarrulevy<\/p>\n","protected":false},"excerpt":{"rendered":"<p>TRW Jarrulevyt DF6612S Jarrulevy BMW,5 Touring F11,5 F10, F18,7 F01, F02, F03, F04,5 Gran Turismo F07,6 Gran Coupe F06,6 Coupe F13,6 Cabriolet F12<\/p>\n","protected":false},"featured_media":0,"template":"","meta":{"site-sidebar-layout":"default","site-content-layout":"default","ast-global-header-display":"","ast-main-header-display":"","ast-hfb-above-header-display":"","ast-hfb-below-header-display":"","ast-hfb-mobile-header-display":"","site-post-title":"","ast-breadcrumbs-content":"","ast-featured-img":"","footer-sml-layout":"","theme-transparent-header-meta":"","adv-header-id-meta":"","stick-header-meta":"","header-above-stick-meta":"","header-main-stick-meta":"","header-below-stick-meta":""},"pwb-brand":[332],"product_cat":[66],"product_tag":[],"class_list":{"0":"post-32936","1":"product","2":"type-product","3":"status-publish","5":"pwb-brand-trw","6":"product_cat-jarrulevyt","7":"desktop-align-left","8":"tablet-align-left","9":"mobile-align-left","11":"first","12":"instock","13":"product-type-external"},"brands":[{"id":332,"name":"TRW","slug":"trw"}],"_links":{"self":[{"href":"https:\/\/www.autonvaraosahaku.fi\/index.php?rest_route=\/wp\/v2\/product\/32936","targetHints":{"allow":["GET"]}}],"collection":[{"href":"https:\/\/www.autonvaraosahaku.fi\/index.php?rest_route=\/wp\/v2\/product"}],"about":[{"href":"https:\/\/www.autonvaraosahaku.fi\/index.php?rest_route=\/wp\/v2\/types\/product"}],"wp:attachment":[{"href":"https:\/\/www.autonvaraosahaku.fi\/index.php?rest_route=%2Fwp%2Fv2%2Fmedia&parent=32936"}],"wp:term":[{"taxonomy":"pwb-brand","embeddable":true,"href":"https:\/\/www.autonvaraosahaku.fi\/index.php?rest_route=%2Fwp%2Fv2%2Fpwb-brand&post=32936"},{"taxonomy":"product_cat","embeddable":true,"href":"https:\/\/www.autonvaraosahaku.fi\/index.php?rest_route=%2Fwp%2Fv2%2Fproduct_cat&post=32936"},{"taxonomy":"product_tag","embeddable":true,"href":"https:\/\/www.autonvaraosahaku.fi\/index.php?rest_route=%2Fwp%2Fv2%2Fproduct_tag&post=32936"}],"curies":[{"name":"wp","href":"https:\/\/api.w.org\/{rel}","templated":true}]}}