{"id":32954,"date":"2021-02-21T16:15:36","date_gmt":"2021-02-21T16:15:36","guid":{"rendered":"https:\/\/www.autonvaraosahaku.fi\/?product=monroe-se3287-jouset"},"modified":"2021-02-21T16:15:38","modified_gmt":"2021-02-21T16:15:38","slug":"monroe-se3287-jouset","status":"publish","type":"product","link":"https:\/\/www.autonvaraosahaku.fi\/?product=monroe-se3287-jouset","title":{"rendered":"MONROE SE3287 Jouset"},"content":{"rendered":"<p>Pituus (mm): 368; Paino [kg]: 2,700; Jousimalli: Kierrejousi kiinte\u00e4ll\u00e4 lankal\u00e4pimitalla; Ulkol\u00e4pimitta [mm]: 143; Pakkauspituus [cm]: 43; Pakkausleveys [cm]: 15; Pakkauskorkeus [mm]: 15; Johtimen l\u00e4pimitta [mm]: 13,00; Asennuspuoli: Vorderachse; VW: CADDY III Kombi 2KB, 2KJ, 2CB, 2CJ,CADDY III Kasten 2KA, 2KH, 2CA, 2CH; 1K0411105EJ; Kierrejousi<\/p>\n","protected":false},"excerpt":{"rendered":"<p>MONROE Jousi MONROE SPRINGS SE3287 Kierrejousi VW,CADDY III Kombi 2KB, 2KJ, 2CB, 2CJ,CADDY III Kasten 2KA, 2KH, 2CA, 2CH<\/p>\n","protected":false},"featured_media":0,"template":"","meta":{"site-sidebar-layout":"default","site-content-layout":"default","ast-global-header-display":"","ast-main-header-display":"","ast-hfb-above-header-display":"","ast-hfb-below-header-display":"","ast-hfb-mobile-header-display":"","site-post-title":"","ast-breadcrumbs-content":"","ast-featured-img":"","footer-sml-layout":"","theme-transparent-header-meta":"","adv-header-id-meta":"","stick-header-meta":"","header-above-stick-meta":"","header-main-stick-meta":"","header-below-stick-meta":""},"pwb-brand":[79],"product_cat":[171],"product_tag":[],"class_list":{"0":"post-32954","1":"product","2":"type-product","3":"status-publish","5":"pwb-brand-monroe","6":"product_cat-jouset","7":"desktop-align-left","8":"tablet-align-left","9":"mobile-align-left","11":"first","12":"instock","13":"product-type-external"},"brands":[{"id":79,"name":"MONROE","slug":"monroe"}],"_links":{"self":[{"href":"https:\/\/www.autonvaraosahaku.fi\/index.php?rest_route=\/wp\/v2\/product\/32954","targetHints":{"allow":["GET"]}}],"collection":[{"href":"https:\/\/www.autonvaraosahaku.fi\/index.php?rest_route=\/wp\/v2\/product"}],"about":[{"href":"https:\/\/www.autonvaraosahaku.fi\/index.php?rest_route=\/wp\/v2\/types\/product"}],"wp:attachment":[{"href":"https:\/\/www.autonvaraosahaku.fi\/index.php?rest_route=%2Fwp%2Fv2%2Fmedia&parent=32954"}],"wp:term":[{"taxonomy":"pwb-brand","embeddable":true,"href":"https:\/\/www.autonvaraosahaku.fi\/index.php?rest_route=%2Fwp%2Fv2%2Fpwb-brand&post=32954"},{"taxonomy":"product_cat","embeddable":true,"href":"https:\/\/www.autonvaraosahaku.fi\/index.php?rest_route=%2Fwp%2Fv2%2Fproduct_cat&post=32954"},{"taxonomy":"product_tag","embeddable":true,"href":"https:\/\/www.autonvaraosahaku.fi\/index.php?rest_route=%2Fwp%2Fv2%2Fproduct_tag&post=32954"}],"curies":[{"name":"wp","href":"https:\/\/api.w.org\/{rel}","templated":true}]}}