{"id":32961,"date":"2021-02-21T16:15:40","date_gmt":"2021-02-21T16:15:40","guid":{"rendered":"https:\/\/www.autonvaraosahaku.fi\/?product=diederichs-lid10060-lamput-hehkulamppu"},"modified":"2021-02-21T16:15:41","modified_gmt":"2021-02-21T16:15:41","slug":"diederichs-lid10060-lamput-hehkulamppu","status":"publish","type":"product","link":"https:\/\/www.autonvaraosahaku.fi\/?product=diederichs-lid10060-lamput-hehkulamppu","title":{"rendered":"DIEDERICHS LID10060 Lamput (hehkulamppu)"},"content":{"rendered":"<p>J\u00e4nnite (V): 12; Nimellisteho (W): 10; Lamppumalli: R10W; Asennuspuoli: Molemminpuolin; Valotoiminto: peruutusvalolla, Takavalolla; Kantamalli: Ba15s; M\u00e4\u00e4r\u00e4yksikk\u00f6: Pakkausyksikk\u00f6; VW: UP,BORA 1J2,GOLF I Cabriolet 155,BORA Kombi 1J6,KAEFER,KAEFER Cabriolet 15,TRANSPORTER II Bus,LT 40-55 I Pritsche\/Fahrgestell 293-909,POLO Kasten 86CF,LT 40-55 I Kasten 291-512,TRANSPORTER II Kasten; AUDI: A3 8P1,A3 Sportback 8VA,COUPE 89, 8B; NISSAN: PRAIRIE PRO M11,NV400 Pritsche\/Fahrgestell,VANETTE Bus KC120; JEEP: WRANGLER I YJ, SJ_; ABARTH: 500 \/ 595 312_,500C \/ 595C 312_; LADA: NIVA II 2123,111 2111; SKODA: CITIGO; SEAT: IBIZA V 6J5, 6P5,ALTEA 5P1,Mii KF1_,IBIZA V SPORTCOUPE 6J1, 6P1,TOLEDO III 5P2; MERCEDES-BENZ: S-CLASS Coupe C126,SL Coupe C107,T2\/L Kasten\/Kombi,T2\/LN1 Kasten\/Kombi,VARIO Kasten\/Kombi,VARIO Pritsche\/Fahrgestell,T2\/L Pritsche\/Fahrgestell,T1\/TN Pritsche\/Fahrgestell,VARIO Kipper,T2\/LN1 Pritsche\/Fahrgestell,T1\/TN Kasten\/Kombi,T2\/L Kommunalfahrzeug,VARIO Bus,T2\/LN1 Kipper,T2\/L Kipper,T2\/LN1 Bus,VARIO Triebkopf,T2\/LN1 Triebkopf; KIA: PREGIO Kasten TB,K2500 SD; N0177192, N90508401, 07119905337, 07119978230, 07509063575, 63128369224, 83952724, 01121409, 1121409, N072601012702, 2098102, 90002497, 91145664, 91146401, 93190470, 90063111590, 909521025, N0177192, N90508401, N0177192, N90508401, 909521015, 909521025, N0177192, N0177192, N90508401<\/p>\n","protected":false},"excerpt":{"rendered":"<p>DIEDERICHS Polttimo, Vilkkuvalo LID10060  VW,AUDI,NISSAN,UP,BORA 1J2,GOLF I Cabriolet 155,BORA Kombi 1J6,KAEFER,KAEFER Cabriolet 15,TRANSPORTER II Bus<\/p>\n","protected":false},"featured_media":0,"template":"","meta":{"site-sidebar-layout":"default","site-content-layout":"default","ast-global-header-display":"","ast-main-header-display":"","ast-hfb-above-header-display":"","ast-hfb-below-header-display":"","ast-hfb-mobile-header-display":"","site-post-title":"","ast-breadcrumbs-content":"","ast-featured-img":"","footer-sml-layout":"","theme-transparent-header-meta":"","adv-header-id-meta":"","stick-header-meta":"","header-above-stick-meta":"","header-main-stick-meta":"","header-below-stick-meta":""},"pwb-brand":[227],"product_cat":[151],"product_tag":[],"class_list":{"0":"post-32961","1":"product","2":"type-product","3":"status-publish","5":"pwb-brand-diederichs","6":"product_cat-lamput-hehkulamppu","7":"desktop-align-left","8":"tablet-align-left","9":"mobile-align-left","11":"first","12":"instock","13":"product-type-external"},"brands":[{"id":227,"name":"DIEDERICHS","slug":"diederichs"}],"_links":{"self":[{"href":"https:\/\/www.autonvaraosahaku.fi\/index.php?rest_route=\/wp\/v2\/product\/32961","targetHints":{"allow":["GET"]}}],"collection":[{"href":"https:\/\/www.autonvaraosahaku.fi\/index.php?rest_route=\/wp\/v2\/product"}],"about":[{"href":"https:\/\/www.autonvaraosahaku.fi\/index.php?rest_route=\/wp\/v2\/types\/product"}],"wp:attachment":[{"href":"https:\/\/www.autonvaraosahaku.fi\/index.php?rest_route=%2Fwp%2Fv2%2Fmedia&parent=32961"}],"wp:term":[{"taxonomy":"pwb-brand","embeddable":true,"href":"https:\/\/www.autonvaraosahaku.fi\/index.php?rest_route=%2Fwp%2Fv2%2Fpwb-brand&post=32961"},{"taxonomy":"product_cat","embeddable":true,"href":"https:\/\/www.autonvaraosahaku.fi\/index.php?rest_route=%2Fwp%2Fv2%2Fproduct_cat&post=32961"},{"taxonomy":"product_tag","embeddable":true,"href":"https:\/\/www.autonvaraosahaku.fi\/index.php?rest_route=%2Fwp%2Fv2%2Fproduct_tag&post=32961"}],"curies":[{"name":"wp","href":"https:\/\/api.w.org\/{rel}","templated":true}]}}