{"id":32962,"date":"2021-02-21T16:15:40","date_gmt":"2021-02-21T16:15:40","guid":{"rendered":"https:\/\/www.autonvaraosahaku.fi\/?product=vaico-v10-4615-ohjainrulla"},"modified":"2021-02-21T16:15:41","modified_gmt":"2021-02-21T16:15:41","slug":"vaico-v10-4615-ohjainrulla","status":"publish","type":"product","link":"https:\/\/www.autonvaraosahaku.fi\/?product=vaico-v10-4615-ohjainrulla","title":{"rendered":"VAICO V10-4615 Ohjainrulla"},"content":{"rendered":"<p>Materiaali: Polyamidi 6, Polyamidi 6.6; Leveys (mm): 24; Paino [kg]: 0,305; Ulkol\u00e4pimitta [mm]: 76; Sis\u00e4l\u00e4pimitta [mm]: 10; Pakkausleveys [cm]: 7,6; Pakkauskorkeus [mm]: 2,5; Pakkaussyvyys [cm]: 7,6; lis\u00e4tieto: CST99; Apulaitteet: angetr. Agg.: Generator; VW: POLO 9N_,POLO 6R, 6C,FOX 5Z1, 5Z3; SKODA: FABIA Combi 6Y5,FABIA,FABIA 6Y2,FABIA Combi,ROOMSTER 5J,RAPID Spaceback NH1,FABIA Stufenheck 6Y3,ROOMSTER Praktik 5J,RAPID NH3,FABIA Praktik; SEAT: IBIZA IV 6L1,IBIZA V 6J5, 6P5,IBIZA V ST 6J8, 6P8,IBIZA V SPORTCOUPE 6J1, 6P1,CORDOBA 6L2,TOLEDO IV KG3; 03D145276A, 03D145276D, 03D145276E, 3D145276E, 03D145276A, 03D145276D, 03D145276E, 3D145276A, 3D145276D, 3D145276E, 03D145276A, 03D145276D, 03D145276E, 3D145276A, 3D145276D, 3D145276E, 03D145276A, 03D145276D, 03D145276E, 3D145276A, 3D145276D, 3D145276E; Ohjainrulla, Moniurahihna<\/p>\n","protected":false},"excerpt":{"rendered":"<p>VAICO Ohjainrulla V10-4615 Ohjainrulla, Moniurahihna VW,SKODA,SEAT,POLO 9N_,POLO 6R, 6C,FOX 5Z1, 5Z3,FABIA Combi 6Y5,FABIA,FABIA 6Y2,FABIA Combi<\/p>\n","protected":false},"featured_media":0,"template":"","meta":{"site-sidebar-layout":"default","site-content-layout":"default","ast-global-header-display":"","ast-main-header-display":"","ast-hfb-above-header-display":"","ast-hfb-below-header-display":"","ast-hfb-mobile-header-display":"","site-post-title":"","ast-breadcrumbs-content":"","ast-featured-img":"","footer-sml-layout":"","theme-transparent-header-meta":"","adv-header-id-meta":"","stick-header-meta":"","header-above-stick-meta":"","header-main-stick-meta":"","header-below-stick-meta":""},"pwb-brand":[330],"product_cat":[308],"product_tag":[],"class_list":{"0":"post-32962","1":"product","2":"type-product","3":"status-publish","5":"pwb-brand-vaico","6":"product_cat-ohjainrulla","7":"desktop-align-left","8":"tablet-align-left","9":"mobile-align-left","11":"first","12":"instock","13":"product-type-external"},"brands":[{"id":330,"name":"VAICO","slug":"vaico"}],"_links":{"self":[{"href":"https:\/\/www.autonvaraosahaku.fi\/index.php?rest_route=\/wp\/v2\/product\/32962","targetHints":{"allow":["GET"]}}],"collection":[{"href":"https:\/\/www.autonvaraosahaku.fi\/index.php?rest_route=\/wp\/v2\/product"}],"about":[{"href":"https:\/\/www.autonvaraosahaku.fi\/index.php?rest_route=\/wp\/v2\/types\/product"}],"wp:attachment":[{"href":"https:\/\/www.autonvaraosahaku.fi\/index.php?rest_route=%2Fwp%2Fv2%2Fmedia&parent=32962"}],"wp:term":[{"taxonomy":"pwb-brand","embeddable":true,"href":"https:\/\/www.autonvaraosahaku.fi\/index.php?rest_route=%2Fwp%2Fv2%2Fpwb-brand&post=32962"},{"taxonomy":"product_cat","embeddable":true,"href":"https:\/\/www.autonvaraosahaku.fi\/index.php?rest_route=%2Fwp%2Fv2%2Fproduct_cat&post=32962"},{"taxonomy":"product_tag","embeddable":true,"href":"https:\/\/www.autonvaraosahaku.fi\/index.php?rest_route=%2Fwp%2Fv2%2Fproduct_tag&post=32962"}],"curies":[{"name":"wp","href":"https:\/\/api.w.org\/{rel}","templated":true}]}}