{"id":32964,"date":"2021-02-21T16:15:40","date_gmt":"2021-02-21T16:15:40","guid":{"rendered":"https:\/\/www.autonvaraosahaku.fi\/?product=ridex-316t0051-termostaatti"},"modified":"2021-02-21T16:15:41","modified_gmt":"2021-02-21T16:15:41","slug":"ridex-316t0051-termostaatti","status":"publish","type":"product","link":"https:\/\/www.autonvaraosahaku.fi\/?product=ridex-316t0051-termostaatti","title":{"rendered":"RIDEX 316T0051 Termostaatti"},"content":{"rendered":"<p>Avausl\u00e4mp\u00f6tila [\u00b0C]: 82; Lis\u00e4tarvike\/lis\u00e4tieto: Tiivisteill\u00e4; Paino [kg]: 0,056; Pakkaussyvyys [cm]: 6,8; Valmistusvuoteen: 12\/2011; CHEVROLET: MATIZ M200, M250,KALOS,AVEO Schr\u00e4gheck T250, T255,AVEO Stufenheck T250, T255,KALOS Stufenheck,SPARK M200 M250; DAEWOO: KALOS KLAS,MATIZ KLYA,TICO KLY3; HYUNDAI: ATOS MX; DAIHATSU: HIJET Kasten S85,CHARADE IV G200, G202,CHARADE III G100, G101, G102,CHARADE II G11, G30,HIJET Bus S85,CHARADE I G10,HIJET Bus,HIJET Kasten,SPARCAR Bus S7_,SPARCAR Kasten S7_; SUZUKI: WAGON R+ MM,SWIFT II Schr\u00e4gheck EA, MA,VITARA ET, TA,VITARA Cabrio ET, TA,ALTO HA24,WAGON R+ EM,ALTO HA12, HA23,ALTO HA11,SWIFT I AA,WAGON R,SWIFT Cabriolet SF413,SWIFT II Stufenheck AH, AJ,CARRY Kasten FD,CAPPUCINO EA,ALTO,ALTO SS80; SUBARU: LIBERO Bus E10, E12,JUSTY I KAD,VIVIO,REX \u00a0; CITRO\u00cbN: C25 Kasten 280_, 290_; PIAGGIO: PORTER Pritsche\/Fahrgestell,PORTER Kasten; INNOCENTI: MINI; 94580182, 96610574, 5454410, 5490459, 5492897, 75441833, 95492897, 95492929, 17670A78B01, 96610574, 1634187709, 1634187785, 1634187786, 1634187786000, 1634187793, 1634187793000, 1634187795, 9004833028, 6554000601, 2550002550, 6554040601, 025915171, 041915171, 5454410, 5490459, 5492897, 75441833, 95492897, 95492929, 1634187795, 21200KA010, 21200KA020, 21200KA050, 21200KA150, 21200KA151, 21200KA152, 21200KA153, 21200KA154, 317531900, 317532400, 417535400, 417535500, 417535600, 417535700, 417535800, 497535500, 497535700, 1760060810, 1760079001, 1760082810, 1760082830, 1760082860, 1760085811, 1760085811000, 1767050G00, 1767076A00, 1767076A01, 1767076G00, 1767077G00, 1767079001, 1767082000, 1767082810, 1767082810000, 1767085811, 17670M85030; Termostaatti, J\u00e4\u00e4hdytysneste<\/p>\n","protected":false},"excerpt":{"rendered":"<p>RIDEX Termostaatti 316T0051 Termostaatti, J\u00e4\u00e4hdytysneste CHEVROLET,DAEWOO,HYUNDAI,MATIZ M200, M250,KALOS,AVEO Schr\u00e4gheck T250, T255<\/p>\n","protected":false},"featured_media":0,"template":"","meta":{"site-sidebar-layout":"default","site-content-layout":"default","ast-global-header-display":"","ast-main-header-display":"","ast-hfb-above-header-display":"","ast-hfb-below-header-display":"","ast-hfb-mobile-header-display":"","site-post-title":"","ast-breadcrumbs-content":"","ast-featured-img":"","footer-sml-layout":"","theme-transparent-header-meta":"","adv-header-id-meta":"","stick-header-meta":"","header-above-stick-meta":"","header-main-stick-meta":"","header-below-stick-meta":""},"pwb-brand":[157],"product_cat":[174],"product_tag":[],"class_list":{"0":"post-32964","1":"product","2":"type-product","3":"status-publish","5":"pwb-brand-ridex","6":"product_cat-termostaatti","7":"desktop-align-left","8":"tablet-align-left","9":"mobile-align-left","11":"first","12":"instock","13":"product-type-external"},"brands":[{"id":157,"name":"RIDEX","slug":"ridex"}],"_links":{"self":[{"href":"https:\/\/www.autonvaraosahaku.fi\/index.php?rest_route=\/wp\/v2\/product\/32964","targetHints":{"allow":["GET"]}}],"collection":[{"href":"https:\/\/www.autonvaraosahaku.fi\/index.php?rest_route=\/wp\/v2\/product"}],"about":[{"href":"https:\/\/www.autonvaraosahaku.fi\/index.php?rest_route=\/wp\/v2\/types\/product"}],"wp:attachment":[{"href":"https:\/\/www.autonvaraosahaku.fi\/index.php?rest_route=%2Fwp%2Fv2%2Fmedia&parent=32964"}],"wp:term":[{"taxonomy":"pwb-brand","embeddable":true,"href":"https:\/\/www.autonvaraosahaku.fi\/index.php?rest_route=%2Fwp%2Fv2%2Fpwb-brand&post=32964"},{"taxonomy":"product_cat","embeddable":true,"href":"https:\/\/www.autonvaraosahaku.fi\/index.php?rest_route=%2Fwp%2Fv2%2Fproduct_cat&post=32964"},{"taxonomy":"product_tag","embeddable":true,"href":"https:\/\/www.autonvaraosahaku.fi\/index.php?rest_route=%2Fwp%2Fv2%2Fproduct_tag&post=32964"}],"curies":[{"name":"wp","href":"https:\/\/api.w.org\/{rel}","templated":true}]}}