{"id":32971,"date":"2021-02-21T16:15:40","date_gmt":"2021-02-21T16:15:40","guid":{"rendered":"https:\/\/www.autonvaraosahaku.fi\/?product=as-pl-s9002-starttimoottori"},"modified":"2021-02-21T16:15:42","modified_gmt":"2021-02-21T16:15:42","slug":"as-pl-s9002-starttimoottori","status":"publish","type":"product","link":"https:\/\/www.autonvaraosahaku.fi\/?product=as-pl-s9002-starttimoottori","title":{"rendered":"AS-PL S9002 Starttimoottori"},"content":{"rendered":"<p>Pituus 2 (mm): 37,00; K\u00e4ynnistinmoottori teho (kW): 2,10; J\u00e4nnite (V): 12; Kiinnitysreikien lukum\u00e4\u00e4r\u00e4: 2; kierrereiki\u00e4 [kpl]: 0; Py\u00f6rimissuunta: Py\u00f6rimissuunta my\u00f6t\u00e4p\u00e4iv\u00e4\u00e4n; Hammasluku: 19; Valmistusvuoteen: 09\/2003; JAGUAR: X-TYPE CF1,X-TYPE Estate; FORD: MONDEO III Kombi BWY,MONDEO III B5Y,TRANSIT MK-7 Kasten,MONDEO III Stufenheck B4Y,TRANSIT MK-7 Bus,TRANSIT Kasten FA_ _,TRANSIT Bus FD_ _, FB_ _, FS_ _, FZ_ _, FC_ _,TRANSIT MK-7 Pritsche\/Fahrgestell,TRANSIT Pritsche\/Fahrgestell FM_ _, FN_ _,TRANSIT TOURNEO FB; LDV: CONVOY Kasten; 1096338, 1120215, 1140110, 1151641, 1214371, 1387062, 1449615, 1450653, 1541002, 1551240, 1552432, 1S7U11000BA, 1S7U11000BB, 1S7U11000BC, 2010001022, 2C1611000AA, 2S7T11000DA, 2S7T11000DB, 2S7T11000DC, 2S7U11000DA, 4069775, 4078768, 4509615, 4520765, 4529404, 4742541, 7878768, R2S7T11000DB, RYC1U11000AF, XS7U11000AE, YC1U11000AA, YC1U11000AB, YC1U11000AC, YC1U11000AD, YC1U11000AE, YC1U11000AF, YC1U11000AG, C2S27024, C2S47099; Startti,K\u00e4ynnistinmoottori<\/p>\n","protected":false},"excerpt":{"rendered":"<p>AS-PL Starttimoottori Brand new AS-PL Alternator pulley S9002 Startti,K\u00e4ynnistinmoottori JAGUAR,FORD,LDV,X-TYPE CF1,X-TYPE Estate,MONDEO III Kombi BWY<\/p>\n","protected":false},"featured_media":0,"template":"","meta":{"site-sidebar-layout":"default","site-content-layout":"default","ast-global-header-display":"","ast-main-header-display":"","ast-hfb-above-header-display":"","ast-hfb-below-header-display":"","ast-hfb-mobile-header-display":"","site-post-title":"","ast-breadcrumbs-content":"","ast-featured-img":"","footer-sml-layout":"","theme-transparent-header-meta":"","adv-header-id-meta":"","stick-header-meta":"","header-above-stick-meta":"","header-main-stick-meta":"","header-below-stick-meta":""},"pwb-brand":[347],"product_cat":[295],"product_tag":[],"class_list":{"0":"post-32971","1":"product","2":"type-product","3":"status-publish","5":"pwb-brand-as-pl","6":"product_cat-starttimoottori","7":"desktop-align-left","8":"tablet-align-left","9":"mobile-align-left","11":"first","12":"instock","13":"product-type-external"},"brands":[{"id":347,"name":"AS-PL","slug":"as-pl"}],"_links":{"self":[{"href":"https:\/\/www.autonvaraosahaku.fi\/index.php?rest_route=\/wp\/v2\/product\/32971","targetHints":{"allow":["GET"]}}],"collection":[{"href":"https:\/\/www.autonvaraosahaku.fi\/index.php?rest_route=\/wp\/v2\/product"}],"about":[{"href":"https:\/\/www.autonvaraosahaku.fi\/index.php?rest_route=\/wp\/v2\/types\/product"}],"wp:attachment":[{"href":"https:\/\/www.autonvaraosahaku.fi\/index.php?rest_route=%2Fwp%2Fv2%2Fmedia&parent=32971"}],"wp:term":[{"taxonomy":"pwb-brand","embeddable":true,"href":"https:\/\/www.autonvaraosahaku.fi\/index.php?rest_route=%2Fwp%2Fv2%2Fpwb-brand&post=32971"},{"taxonomy":"product_cat","embeddable":true,"href":"https:\/\/www.autonvaraosahaku.fi\/index.php?rest_route=%2Fwp%2Fv2%2Fproduct_cat&post=32971"},{"taxonomy":"product_tag","embeddable":true,"href":"https:\/\/www.autonvaraosahaku.fi\/index.php?rest_route=%2Fwp%2Fv2%2Fproduct_tag&post=32971"}],"curies":[{"name":"wp","href":"https:\/\/api.w.org\/{rel}","templated":true}]}}