{"id":32972,"date":"2021-02-21T16:15:40","date_gmt":"2021-02-21T16:15:40","guid":{"rendered":"https:\/\/www.autonvaraosahaku.fi\/?product=master-sport-u-serie-ms-5-sytytystulpat"},"modified":"2021-02-21T16:15:42","modified_gmt":"2021-02-21T16:15:42","slug":"master-sport-u-serie-ms-5-sytytystulpat","status":"publish","type":"product","link":"https:\/\/www.autonvaraosahaku.fi\/?product=master-sport-u-serie-ms-5-sytytystulpat","title":{"rendered":"MASTER-SPORT U-SERIE-MS-5 Sytytystulpat"},"content":{"rendered":"<p>K\u00e4rkiv\u00e4li (mm): 0,8; L\u00e4pimitta 1 [mm]: 2,7; Ulkokierre [mm]: 14; Avainv\u00e4li: 16; Kiristysmomentti: 20; Napojen m\u00e4\u00e4r\u00e4: 1; Kierteen pituus (mm): 17,5; Kierrenousu (mm): 1,25; Kipin\u00e4et\u00e4isyys [mm]: 3; Nettopaino [kg]: 0,18; Bruttopaino [kg]: 0,18; LAND ROVER: 88\/109,88\/109 Hardtop; VOLVO: 260 P262, P264,260 Kombi P265; ROVER: 2000-3500 Hatchback SD1; MERCEDES-BENZ: 190 W201,Stufenheck W124,SL R129,SL R107,Stufenheck W123,S-CLASS W126,KOMBI Kombi S124,E-CLASS W124,G-CLASS W463,COUPE C124,G-CLASS W460,E-CLASS Kombi S124,COUPE C123,S-CLASS W108, W109,G-CLASS W461,KOMBI Kombi S123,HECKFLOSSE W111, W112,G-CLASS Cabrio W463; CITRO\u00cbN: BX XB-_,CX II,CX I MA,BX Break XB-_,C15 VD-_,CX II Break,GS,GS Break; PEUGEOT: 205 I Cabriolet 741B, 20D,205 I 741A\/C,304 Cabriolet _04B_,309 I 10C, 10A,505 551A,204,104,305 II 581M,505 Break 551D,604 561A_,104 Coupe,305 II Break 581E,305 I 581A,304 Coupe _04C_,304 Break _04D_,305 I Break 581D; RENAULT: ESPACE II J\/S63_,5 122_,TRAFIC Kasten TXX,TRAFIC Bus TXW,ESPACE I J11_,21 Stufenheck L48_,25 B29_,18 134_,18 Variable 135_,30 127_,FUEGO 136_,21 B48_,MASTER I Bus T__,20 127_,14 121_; PUCH: G-MODELL W 463; ALPINE: A310,V6; TALBOT: SAMBA Cabriolet 51E,SAMBA 51A; 0241235635, 596011, 596199, 596205, 596230, 596247, 596248, 59625P, 59625W, 596268, 596281, 5962C0, 5962E4, 5962E5, 5962T5, 91517008, 91519446, CC10, XC10, 1120825, 1561696, 1571333, 5099937, 5099938, 760F12405JA, 77BF12405AA, 810F12405AAA, 87YF12405AB, 92OF12405AJB, 3490178, 0021593703, 0021594003, 0021594903, 0021595603, 0021596603, 0031590603, 0031592303, 0031593503, 1021590103, 1031590003, 0241235635, 596011, 596199, 596205, 596247, 596248, 59625P, 59625W, 596268, 596281, 5962C0, 5962E4, 5962E5, 5962T5, 91517008, 91519446, CC10, XC10, 7700714540, 7701414138, 194917760; Tulpat,Sytytystulppa<\/p>\n","protected":false},"excerpt":{"rendered":"<p>MASTER-SPORT Sytytystulpat U-SERIE-MS-5 Tulpat,Sytytystulppa LAND ROVER,VOLVO,ROVER,88\/109,88\/109 Hardtop,260 P262, P264,260 Kombi P265<\/p>\n","protected":false},"featured_media":0,"template":"","meta":{"site-sidebar-layout":"default","site-content-layout":"default","ast-global-header-display":"","ast-main-header-display":"","ast-hfb-above-header-display":"","ast-hfb-below-header-display":"","ast-hfb-mobile-header-display":"","site-post-title":"","ast-breadcrumbs-content":"","ast-featured-img":"","footer-sml-layout":"","theme-transparent-header-meta":"","adv-header-id-meta":"","stick-header-meta":"","header-above-stick-meta":"","header-main-stick-meta":"","header-below-stick-meta":""},"pwb-brand":[61],"product_cat":[165],"product_tag":[],"class_list":{"0":"post-32972","1":"product","2":"type-product","3":"status-publish","5":"pwb-brand-master-sport","6":"product_cat-sytytystulpat","7":"desktop-align-left","8":"tablet-align-left","9":"mobile-align-left","11":"first","12":"instock","13":"product-type-external"},"brands":[{"id":61,"name":"MASTER-SPORT","slug":"master-sport"}],"_links":{"self":[{"href":"https:\/\/www.autonvaraosahaku.fi\/index.php?rest_route=\/wp\/v2\/product\/32972","targetHints":{"allow":["GET"]}}],"collection":[{"href":"https:\/\/www.autonvaraosahaku.fi\/index.php?rest_route=\/wp\/v2\/product"}],"about":[{"href":"https:\/\/www.autonvaraosahaku.fi\/index.php?rest_route=\/wp\/v2\/types\/product"}],"wp:attachment":[{"href":"https:\/\/www.autonvaraosahaku.fi\/index.php?rest_route=%2Fwp%2Fv2%2Fmedia&parent=32972"}],"wp:term":[{"taxonomy":"pwb-brand","embeddable":true,"href":"https:\/\/www.autonvaraosahaku.fi\/index.php?rest_route=%2Fwp%2Fv2%2Fpwb-brand&post=32972"},{"taxonomy":"product_cat","embeddable":true,"href":"https:\/\/www.autonvaraosahaku.fi\/index.php?rest_route=%2Fwp%2Fv2%2Fproduct_cat&post=32972"},{"taxonomy":"product_tag","embeddable":true,"href":"https:\/\/www.autonvaraosahaku.fi\/index.php?rest_route=%2Fwp%2Fv2%2Fproduct_tag&post=32972"}],"curies":[{"name":"wp","href":"https:\/\/api.w.org\/{rel}","templated":true}]}}