{"id":32977,"date":"2021-02-21T16:15:40","date_gmt":"2021-02-21T16:15:40","guid":{"rendered":"https:\/\/www.autonvaraosahaku.fi\/?product=master-sport-u-serie-ms-20-sytytystulpat"},"modified":"2021-02-21T16:15:43","modified_gmt":"2021-02-21T16:15:43","slug":"master-sport-u-serie-ms-20-sytytystulpat","status":"publish","type":"product","link":"https:\/\/www.autonvaraosahaku.fi\/?product=master-sport-u-serie-ms-20-sytytystulpat","title":{"rendered":"MASTER-SPORT U-SERIE-MS-20 Sytytystulpat"},"content":{"rendered":"<p>Avainv\u00e4li: 16 mm; Nettopaino [kg]: 0,17; Bruttopaino [kg]: 0,19; M\u00e4\u00e4r\u00e4yksikk\u00f6: Sarja; M\u00e4\u00e4r\u00e4: 4; Moottorinumero: M42 B18; VW: LT 28-46 II Kasten 2DA, 2DD, 2DH,LT 28-35 II Bus 2DB, 2DE, 2DK,LT 28-46 II Pritsche\/Fahrgestell 2DC, 2DF, 2DG, 2DL, 2DM; BMW: 5 E39,5 Touring E39,3 Compact E36,3 E36,3 E30,7 E38,3 Coupe E36,Z3 E36,5 E34,3 Cabriolet E30,3 Cabriolet E36,3 Touring E36,7 E32,8 E31,5 Touring E34,3 Touring E30,Z3 Coupe E36; SAAB: 900 II Cabriolet,900 II; MERCEDES-BENZ: VITO Bus 638,SPRINTER 3-t Kasten 903,SPRINTER 2-t Bus 901, 902,V-CLASS 638\/2,SPRINTER 2-t Kasten 901, 902,SPRINTER 3-t Bus 903,SPRINTER 3-t Pritsche\/Fahrgestell 903,VITO Kasten 638,SPRINTER 2-t Pritsche\/Fahrgestell 901, 902; OPEL: OMEGA A 16_, 17_, 19_,CORSA B 73_, 78_, 79_,VECTRA B Caravan 31_,CALIBRA A 85_,VECTRA A 86_, 87_,ASTRA F 56_, 57_,KADETT E CC 33_, 34_, 43_, 44_,VECTRA A CC 88_, 89_,SENATOR B 29_,OMEGA A Caravan 66_, 67_,CORSA B Kasten 73_; LANCIA: ZETA 220; FIAT: ULYSSE 220; CITRO\u00cbN: BERLINGO MF,XSARA PICASSO N68,SAXO S0, S1,BERLINGO Kasten M_,XSARA N1,XSARA Break N2,JUMPER Kasten 244,XM Y4,XSARA Coupe N0,XANTIA X1,AX ZA-_,XANTIA Break X2,ZX N2,JUMPER Kasten 230L,JUMPER Bus 244, Z_,ZX Break N2,XM Break Y4,JUMPER Pritsche\/Fahrgestell 230; PEUGEOT: 206 Schr\u00e4gheck 2A\/C,106 II 1,306 Schr\u00e4gheck 7A, 7C, N3, N5,306 Cabriolet 7D, N3, N5,406 Break 8E\/F,PARTNER Combispace 5F,106 I 1A, 1C,PARTNER Kasten 5,406 Coupe 8C,306 Break 7E, N3, N5,406 8B,806 221,BOXER Kasten 244,306 7B, N3, N5,BOXER Bus 244, Z_,605 6B,405 II 4B; RENAULT: ESPACE IV JK0\/1_,ESPACE III JE0_,LAGUNA I B56_, 556_,LAGUNA I Grandtour K56_,MEGANE I Coach DA0\/1_,19 II Cabriolet D53_, 853_,19 I B\/C53_,19 II Chamade L53_,19 I Chamade L53_,19 I Cabriolet D53_,SPORT SPIDER EF0_; 12121344520, 12121422087, 12121704399, 12121747061, 12121748002, 12124353679, 12129063428, 12129064619, 59622J, 59622K, 5962R3, 96265754, 9004851137000, 9004851155000, 9004851160000, 9091901202000, 46463801, 46472021, 5894588, 9626575480, 1214003, 90357729, 90442650, 59622J, 59622K, 5962R3, 96265754, 99917019990, 7700109403, 7700115827, 7700500252, RFC50LZ2E, 93188564, 1621593103, 9091901198, 90357729, VSP003, 101000033AA, 101000033AF, 101000041AC, 101000051AA, 10100031AA; Tulpat,Sytytystulppa<\/p>\n","protected":false},"excerpt":{"rendered":"<p>MASTER-SPORT Sytytystulpat U-SERIE-MS-20 Tulpat,Sytytystulppa VW,BMW,SAAB,LT 28-46 II Kasten 2DA, 2DD, 2DH,LT 28-35 II Bus 2DB, 2DE, 2DK<\/p>\n","protected":false},"featured_media":0,"template":"","meta":{"site-sidebar-layout":"default","site-content-layout":"default","ast-global-header-display":"","ast-main-header-display":"","ast-hfb-above-header-display":"","ast-hfb-below-header-display":"","ast-hfb-mobile-header-display":"","site-post-title":"","ast-breadcrumbs-content":"","ast-featured-img":"","footer-sml-layout":"","theme-transparent-header-meta":"","adv-header-id-meta":"","stick-header-meta":"","header-above-stick-meta":"","header-main-stick-meta":"","header-below-stick-meta":""},"pwb-brand":[61],"product_cat":[165],"product_tag":[],"class_list":{"0":"post-32977","1":"product","2":"type-product","3":"status-publish","5":"pwb-brand-master-sport","6":"product_cat-sytytystulpat","7":"desktop-align-left","8":"tablet-align-left","9":"mobile-align-left","11":"first","12":"instock","13":"product-type-external"},"brands":[{"id":61,"name":"MASTER-SPORT","slug":"master-sport"}],"_links":{"self":[{"href":"https:\/\/www.autonvaraosahaku.fi\/index.php?rest_route=\/wp\/v2\/product\/32977","targetHints":{"allow":["GET"]}}],"collection":[{"href":"https:\/\/www.autonvaraosahaku.fi\/index.php?rest_route=\/wp\/v2\/product"}],"about":[{"href":"https:\/\/www.autonvaraosahaku.fi\/index.php?rest_route=\/wp\/v2\/types\/product"}],"wp:attachment":[{"href":"https:\/\/www.autonvaraosahaku.fi\/index.php?rest_route=%2Fwp%2Fv2%2Fmedia&parent=32977"}],"wp:term":[{"taxonomy":"pwb-brand","embeddable":true,"href":"https:\/\/www.autonvaraosahaku.fi\/index.php?rest_route=%2Fwp%2Fv2%2Fpwb-brand&post=32977"},{"taxonomy":"product_cat","embeddable":true,"href":"https:\/\/www.autonvaraosahaku.fi\/index.php?rest_route=%2Fwp%2Fv2%2Fproduct_cat&post=32977"},{"taxonomy":"product_tag","embeddable":true,"href":"https:\/\/www.autonvaraosahaku.fi\/index.php?rest_route=%2Fwp%2Fv2%2Fproduct_tag&post=32977"}],"curies":[{"name":"wp","href":"https:\/\/api.w.org\/{rel}","templated":true}]}}