{"id":32988,"date":"2021-02-21T16:15:44","date_gmt":"2021-02-21T16:15:44","guid":{"rendered":"https:\/\/www.autonvaraosahaku.fi\/?product=as-pl-s0047-starttimoottori"},"modified":"2021-02-21T16:15:46","modified_gmt":"2021-02-21T16:15:46","slug":"as-pl-s0047-starttimoottori","status":"publish","type":"product","link":"https:\/\/www.autonvaraosahaku.fi\/?product=as-pl-s0047-starttimoottori","title":{"rendered":"AS-PL S0047 Starttimoottori"},"content":{"rendered":"<p>Pituus 1 (mm): 82,00; Pituus 2 (mm): 21,00; K\u00e4ynnistinmoottori teho (kW): 2,20; J\u00e4nnite (V): 12; Kiinnitysreikien lukum\u00e4\u00e4r\u00e4: 2; kierrereiki\u00e4 [kpl]: 2; Py\u00f6rimissuunta: Py\u00f6rimissuunta my\u00f6t\u00e4p\u00e4iv\u00e4\u00e4n; Hammasluku: 9; Moottorinumero: WH; VW: LT 28-35 I Kasten 281-363,LT 28-35 I Bus 281-363,LT 28-35 I Pritsche\/Fahrgestell 281-363,LT 40-55 I Pritsche\/Fahrgestell 293-909,LT 40-55 I Kasten 291-512; AUDI: 100 4A, C4,100 44, 44Q, C3,A6 Avant 4A, C4,A6 4A, C4,100 Avant 4A, C4,100 Avant 44, 44Q, C3,100 43, C2,100 Avant 43, C2; SEAT: 132; VOLVO: 940 II Kombi 945,940 Kombi 945,240 Kombi P245,740 Kombi 745,740 744,240 P242, P244,940 944,760 704, 764,960 Kombi 965,760 Kombi 704, 765,940 II 944,960 964,780; MERCEDES-BENZ: Stufenheck W123,G-CLASS W460,COUPE C123,KOMBI Kombi S123,T1 Bus 601,100 Bus 631,T1 Pritsche\/Fahrgestell 602,T2\/L Kasten\/Kombi,T1 Kasten 602,100 Kasten 631,T1 Pritsche\/Fahrgestell 601,T2\/LN1 Kasten\/Kombi,T1 Kasten 601,100 Pritsche\/Fahrgestell 631,T2\/L Pritsche\/Fahrgestell,T1\/TN Pritsche\/Fahrgestell,T2\/LN1 Pritsche\/Fahrgestell,T1\/TN Kasten\/Kombi,T2\/LN1 Kipper,UNIMOG; FIAT: CROMA 154; PUCH: G-MODELL W 460; 3917420, 0011516201, 0021506901, 0021513001, 0021516901, 0031510701, 0031511101, 0031512001, 0031515401, 0041510901, A0011516201, A0021506901, A0021513001, A0021516901, A0031510701, A0031511101, A0031512001, A0031515401, A0041510901, 046911023B, 046911023BX, 068911023AX, 069911023C, 069911023CX, 069911023D, 069911023DX; Startti,K\u00e4ynnistinmoottori<\/p>\n","protected":false},"excerpt":{"rendered":"<p>AS-PL Starttimoottori Brand new AS-PL Alternator 63321302 S0047 Startti,K\u00e4ynnistinmoottori VW,AUDI,SEAT,LT 28-35 I Kasten 281-363<\/p>\n","protected":false},"featured_media":0,"template":"","meta":{"site-sidebar-layout":"default","site-content-layout":"default","ast-global-header-display":"","ast-main-header-display":"","ast-hfb-above-header-display":"","ast-hfb-below-header-display":"","ast-hfb-mobile-header-display":"","site-post-title":"","ast-breadcrumbs-content":"","ast-featured-img":"","footer-sml-layout":"","theme-transparent-header-meta":"","adv-header-id-meta":"","stick-header-meta":"","header-above-stick-meta":"","header-main-stick-meta":"","header-below-stick-meta":""},"pwb-brand":[347],"product_cat":[295],"product_tag":[],"class_list":{"0":"post-32988","1":"product","2":"type-product","3":"status-publish","5":"pwb-brand-as-pl","6":"product_cat-starttimoottori","7":"desktop-align-left","8":"tablet-align-left","9":"mobile-align-left","11":"first","12":"instock","13":"product-type-external"},"brands":[{"id":347,"name":"AS-PL","slug":"as-pl"}],"_links":{"self":[{"href":"https:\/\/www.autonvaraosahaku.fi\/index.php?rest_route=\/wp\/v2\/product\/32988","targetHints":{"allow":["GET"]}}],"collection":[{"href":"https:\/\/www.autonvaraosahaku.fi\/index.php?rest_route=\/wp\/v2\/product"}],"about":[{"href":"https:\/\/www.autonvaraosahaku.fi\/index.php?rest_route=\/wp\/v2\/types\/product"}],"wp:attachment":[{"href":"https:\/\/www.autonvaraosahaku.fi\/index.php?rest_route=%2Fwp%2Fv2%2Fmedia&parent=32988"}],"wp:term":[{"taxonomy":"pwb-brand","embeddable":true,"href":"https:\/\/www.autonvaraosahaku.fi\/index.php?rest_route=%2Fwp%2Fv2%2Fpwb-brand&post=32988"},{"taxonomy":"product_cat","embeddable":true,"href":"https:\/\/www.autonvaraosahaku.fi\/index.php?rest_route=%2Fwp%2Fv2%2Fproduct_cat&post=32988"},{"taxonomy":"product_tag","embeddable":true,"href":"https:\/\/www.autonvaraosahaku.fi\/index.php?rest_route=%2Fwp%2Fv2%2Fproduct_tag&post=32988"}],"curies":[{"name":"wp","href":"https:\/\/api.w.org\/{rel}","templated":true}]}}