{"id":32989,"date":"2021-02-21T16:15:44","date_gmt":"2021-02-21T16:15:44","guid":{"rendered":"https:\/\/www.autonvaraosahaku.fi\/?product=gates-tvd1133-kampiakselin-hihnapyora"},"modified":"2021-02-21T16:15:46","modified_gmt":"2021-02-21T16:15:46","slug":"gates-tvd1133-kampiakselin-hihnapyora","status":"publish","type":"product","link":"https:\/\/www.autonvaraosahaku.fi\/?product=gates-tvd1133-kampiakselin-hihnapyora","title":{"rendered":"GATES TVD1133 Kampiakselin hihnapy\u00f6r\u00e4"},"content":{"rendered":"<p>Lis\u00e4tarvike\/lis\u00e4tieto: Ilman tarvikkeita; Rihloja (kpl): 6; Ulkol\u00e4pimitta [mm]: 190; Sis\u00e4l\u00e4pimitta [mm]: 24; Leveys (mm): 28; kiiloja: 2: 0; lis\u00e4tieto: PowerGrip\u00ae; Valmistusvuoteen: 04\/2015; VW: TOUAREG 7LA, 7L6, 7L7,PHAETON 3D_,TOUAREG 7P5; AUDI: A4 Avant 8K5, B8,A6 Avant 4F5, C6,A4 Avant 8ED, B7,A4 8K2, B8,Q5 8R,A6 4F2, C6,A6 Avant 4G5, C7, 4GD,A5 8T3,A4 Cabriolet 8H7, B6, 8HE, B7,A5 Sportback 8TA,A4 8EC, B7,Q7 4L,A8 4E_,A6 4G2, C7, 4GC,A6 Allroad 4FH, C6,A7 Sportback 4GA, 4GF,A4 Allroad 8KH, B8,A5 Cabriolet 8F7,A8 4H_,A6 Allroad 4GH, 4GJ; 059105251AA, 059105251AD, 059105251AH, 059105251AJ, 059105251AR, 059105251AS, 059105251AT, 059105251BB, 059105251BN, 059105251BQ, 059105251DB, 059105251N, 059105251S, 059105251AD, 059105251N, 059105251S, 059105251AD, 059105251N, 059105251S, 059105251AA, 059105251AD, 059105251AH, 059105251AJ, 059105251AR, 059105251AS, 059105251AT, 059105251BB, 059105251BN, 059105251BQ, 059105251N, 059105251S; Hihnapy\u00f6r\u00e4, Kampiakseli<\/p>\n","protected":false},"excerpt":{"rendered":"<p>GATES Kampiakselin Hihnapy\u00f6r\u00e4 TVD1133 Hihnapy\u00f6r\u00e4, Kampiakseli VW,AUDI,TOUAREG 7LA, 7L6, 7L7,PHAETON 3D_,TOUAREG 7P5,A4 Avant 8K5, B8,A6 Avant 4F5, C6<\/p>\n","protected":false},"featured_media":0,"template":"","meta":{"site-sidebar-layout":"default","site-content-layout":"default","ast-global-header-display":"","ast-main-header-display":"","ast-hfb-above-header-display":"","ast-hfb-below-header-display":"","ast-hfb-mobile-header-display":"","site-post-title":"","ast-breadcrumbs-content":"","ast-featured-img":"","footer-sml-layout":"","theme-transparent-header-meta":"","adv-header-id-meta":"","stick-header-meta":"","header-above-stick-meta":"","header-main-stick-meta":"","header-below-stick-meta":""},"pwb-brand":[22],"product_cat":[219],"product_tag":[],"class_list":{"0":"post-32989","1":"product","2":"type-product","3":"status-publish","5":"pwb-brand-gates","6":"product_cat-kampiakselin-hihnapyora","7":"desktop-align-left","8":"tablet-align-left","9":"mobile-align-left","11":"first","12":"instock","13":"product-type-external"},"brands":[{"id":22,"name":"GATES","slug":"gates"}],"_links":{"self":[{"href":"https:\/\/www.autonvaraosahaku.fi\/index.php?rest_route=\/wp\/v2\/product\/32989","targetHints":{"allow":["GET"]}}],"collection":[{"href":"https:\/\/www.autonvaraosahaku.fi\/index.php?rest_route=\/wp\/v2\/product"}],"about":[{"href":"https:\/\/www.autonvaraosahaku.fi\/index.php?rest_route=\/wp\/v2\/types\/product"}],"wp:attachment":[{"href":"https:\/\/www.autonvaraosahaku.fi\/index.php?rest_route=%2Fwp%2Fv2%2Fmedia&parent=32989"}],"wp:term":[{"taxonomy":"pwb-brand","embeddable":true,"href":"https:\/\/www.autonvaraosahaku.fi\/index.php?rest_route=%2Fwp%2Fv2%2Fpwb-brand&post=32989"},{"taxonomy":"product_cat","embeddable":true,"href":"https:\/\/www.autonvaraosahaku.fi\/index.php?rest_route=%2Fwp%2Fv2%2Fproduct_cat&post=32989"},{"taxonomy":"product_tag","embeddable":true,"href":"https:\/\/www.autonvaraosahaku.fi\/index.php?rest_route=%2Fwp%2Fv2%2Fproduct_tag&post=32989"}],"curies":[{"name":"wp","href":"https:\/\/api.w.org\/{rel}","templated":true}]}}