{"id":32991,"date":"2021-02-21T16:15:44","date_gmt":"2021-02-21T16:15:44","guid":{"rendered":"https:\/\/www.autonvaraosahaku.fi\/?product=japanparts-ru-2538-tukivarren-hela"},"modified":"2021-02-21T16:15:46","modified_gmt":"2021-02-21T16:15:46","slug":"japanparts-ru-2538-tukivarren-hela","status":"publish","type":"product","link":"https:\/\/www.autonvaraosahaku.fi\/?product=japanparts-ru-2538-tukivarren-hela","title":{"rendered":"JAPANPARTS RU-2538 Tukivarren hela"},"content":{"rendered":"<p>Asennuspuoli: Sisempi, Taka-akseli, ala; Pituus (mm): 55; Sis\u00e4l\u00e4pimitta [mm]: 12; Ulkol\u00e4pimitta [mm]: 33; LEXUS: CT ZWA1_,NX ZGZ1_, AGZ1_, AYZ1_; TOYOTA: AURIS NRE15_, ZZE15_, ADE15_, ZRE15_, NDE15_,RAV 4 III ACA3_, ACE_, ALA3_, GSA3_, ZSA3_,AVENSIS Station Wagon ZRT27, ADT27,AURIS NZE18_, ZRE18_,AURIS TOURING SPORTS ADE18_, ZWE18_, ZRE18_,AVENSIS Stufenheck ZRT27, ADT27,RAV 4 IV ZSA4_, ALA4_,COROLLA Stufenheck NRE18_, ZRE17_, ZRE18_, NDE18_; 4873042050, 4874042020<\/p>\n","protected":false},"excerpt":{"rendered":"<p>JAPANPARTS Tukivarren Hela RU-2538  LEXUS,TOYOTA,CT ZWA1_,NX ZGZ1_, AGZ1_, AYZ1_,AURIS NRE15_, ZZE15_, ADE15_, ZRE15_, NDE15_<\/p>\n","protected":false},"featured_media":0,"template":"","meta":{"site-sidebar-layout":"default","site-content-layout":"default","ast-global-header-display":"","ast-main-header-display":"","ast-hfb-above-header-display":"","ast-hfb-below-header-display":"","ast-hfb-mobile-header-display":"","site-post-title":"","ast-breadcrumbs-content":"","ast-featured-img":"","footer-sml-layout":"","theme-transparent-header-meta":"","adv-header-id-meta":"","stick-header-meta":"","header-above-stick-meta":"","header-main-stick-meta":"","header-below-stick-meta":""},"pwb-brand":[334],"product_cat":[115],"product_tag":[],"class_list":{"0":"post-32991","1":"product","2":"type-product","3":"status-publish","5":"pwb-brand-japanparts","6":"product_cat-tukivarren-hela","7":"desktop-align-left","8":"tablet-align-left","9":"mobile-align-left","11":"first","12":"instock","13":"product-type-external"},"brands":[{"id":334,"name":"JAPANPARTS","slug":"japanparts"}],"_links":{"self":[{"href":"https:\/\/www.autonvaraosahaku.fi\/index.php?rest_route=\/wp\/v2\/product\/32991","targetHints":{"allow":["GET"]}}],"collection":[{"href":"https:\/\/www.autonvaraosahaku.fi\/index.php?rest_route=\/wp\/v2\/product"}],"about":[{"href":"https:\/\/www.autonvaraosahaku.fi\/index.php?rest_route=\/wp\/v2\/types\/product"}],"wp:attachment":[{"href":"https:\/\/www.autonvaraosahaku.fi\/index.php?rest_route=%2Fwp%2Fv2%2Fmedia&parent=32991"}],"wp:term":[{"taxonomy":"pwb-brand","embeddable":true,"href":"https:\/\/www.autonvaraosahaku.fi\/index.php?rest_route=%2Fwp%2Fv2%2Fpwb-brand&post=32991"},{"taxonomy":"product_cat","embeddable":true,"href":"https:\/\/www.autonvaraosahaku.fi\/index.php?rest_route=%2Fwp%2Fv2%2Fproduct_cat&post=32991"},{"taxonomy":"product_tag","embeddable":true,"href":"https:\/\/www.autonvaraosahaku.fi\/index.php?rest_route=%2Fwp%2Fv2%2Fproduct_tag&post=32991"}],"curies":[{"name":"wp","href":"https:\/\/api.w.org\/{rel}","templated":true}]}}