{"id":33060,"date":"2021-02-21T16:16:01","date_gmt":"2021-02-21T16:16:01","guid":{"rendered":"https:\/\/www.autonvaraosahaku.fi\/?product=maxgear-72-1732-jousijalan-tukilaakeri"},"modified":"2021-02-21T16:16:01","modified_gmt":"2021-02-21T16:16:01","slug":"maxgear-72-1732-jousijalan-tukilaakeri","status":"publish","type":"product","link":"https:\/\/www.autonvaraosahaku.fi\/?product=maxgear-72-1732-jousijalan-tukilaakeri","title":{"rendered":"MAXGEAR 72-1732 Jousijalan tukilaakeri"},"content":{"rendered":"<p>Lukum\u00e4\u00e4r\u00e4 akselille: 2; Asennuspuoli: Etuakseli; Korvaava tuote\/korvaava tiedote 2: laakerilla; Alustarakenne: f\u00fcr Fahrzeuge mit Standard Fahrwerk; SAAB: 9-3 YS3F,9-3 Kombi YS3F,9-3 Cabriolet YS3F; OPEL: VECTRA C Caravan,SIGNUM,VECTRA C,VECTRA C GTS; FIAT: CROMA 194; CADILLAC: BLS; VAUXHALL: VECTRA Mk II C CC,VECTRA Mk II C Estate,VECTRA Mk II C,SIGNUM; 51755688, 51755688S1, 0344529, 0344536, 0344537, 0344537S1, 0344537S2, 13178147, 13188763, 24435884, 344529, 344536, 344537, 344537S1, 344537S2, 12782216, 12793902, 13188763, 13188763S1, 13188764, 24435884, 13178147, 13188763, 13188763S1, 13188763S2, 24435884; Iskarin Yl\u00e4p\u00e4\u00e4,Iskunvaimentimen Yl\u00e4p\u00e4\u00e4<\/p>\n","protected":false},"excerpt":{"rendered":"<p>MAXGEAR Jousijalan Tukilaakeri 72-1732 Iskarin Yl\u00e4p\u00e4\u00e4,Iskunvaimentimen Yl\u00e4p\u00e4\u00e4 SAAB,OPEL,FIAT,9-3 YS3F,9-3 Kombi YS3F,9-3 Cabriolet YS3F<\/p>\n","protected":false},"featured_media":0,"template":"","meta":{"site-sidebar-layout":"default","site-content-layout":"default","ast-global-header-display":"","ast-main-header-display":"","ast-hfb-above-header-display":"","ast-hfb-below-header-display":"","ast-hfb-mobile-header-display":"","site-post-title":"","ast-breadcrumbs-content":"","ast-featured-img":"","footer-sml-layout":"","theme-transparent-header-meta":"","adv-header-id-meta":"","stick-header-meta":"","header-above-stick-meta":"","header-main-stick-meta":"","header-below-stick-meta":""},"pwb-brand":[48],"product_cat":[45],"product_tag":[],"class_list":{"0":"post-33060","1":"product","2":"type-product","3":"status-publish","5":"pwb-brand-maxgear","6":"product_cat-jousijalan-tukilaakeri","7":"desktop-align-left","8":"tablet-align-left","9":"mobile-align-left","11":"first","12":"instock","13":"product-type-external"},"brands":[{"id":48,"name":"MAXGEAR","slug":"maxgear"}],"_links":{"self":[{"href":"https:\/\/www.autonvaraosahaku.fi\/index.php?rest_route=\/wp\/v2\/product\/33060","targetHints":{"allow":["GET"]}}],"collection":[{"href":"https:\/\/www.autonvaraosahaku.fi\/index.php?rest_route=\/wp\/v2\/product"}],"about":[{"href":"https:\/\/www.autonvaraosahaku.fi\/index.php?rest_route=\/wp\/v2\/types\/product"}],"wp:attachment":[{"href":"https:\/\/www.autonvaraosahaku.fi\/index.php?rest_route=%2Fwp%2Fv2%2Fmedia&parent=33060"}],"wp:term":[{"taxonomy":"pwb-brand","embeddable":true,"href":"https:\/\/www.autonvaraosahaku.fi\/index.php?rest_route=%2Fwp%2Fv2%2Fpwb-brand&post=33060"},{"taxonomy":"product_cat","embeddable":true,"href":"https:\/\/www.autonvaraosahaku.fi\/index.php?rest_route=%2Fwp%2Fv2%2Fproduct_cat&post=33060"},{"taxonomy":"product_tag","embeddable":true,"href":"https:\/\/www.autonvaraosahaku.fi\/index.php?rest_route=%2Fwp%2Fv2%2Fproduct_tag&post=33060"}],"curies":[{"name":"wp","href":"https:\/\/api.w.org\/{rel}","templated":true}]}}