{"id":33086,"date":"2021-02-21T16:16:05","date_gmt":"2021-02-21T16:16:05","guid":{"rendered":"https:\/\/www.autonvaraosahaku.fi\/?product=hella-6pr-013-680-061-anturit-sensorit"},"modified":"2021-02-21T16:16:06","modified_gmt":"2021-02-21T16:16:06","slug":"hella-6pr-013-680-061-anturit-sensorit","status":"publish","type":"product","link":"https:\/\/www.autonvaraosahaku.fi\/?product=hella-6pr-013-680-061-anturit-sensorit","title":{"rendered":"HELLA 6PR 013 680-061 Anturit (sensorit)"},"content":{"rendered":"<p>Lis\u00e4tarvike\/lis\u00e4tieto: Tiivisteill\u00e4; Napojen m\u00e4\u00e4r\u00e4: 3; Valmistusvuosi alkaen: 11\/2011; VW: MULTIVAN VI SGF, SGM, SGN,TRANSPORTER VI Bus SGB, SGG, SGJ,TRANSPORTER VI Kasten SGA, SGH,TRANSPORTER VI Pritsche\/Fahrgestell SFD, SFE, SFL, SFZ; AUDI: A4 Avant 8K5, B8,A4 8K2, B8,Q5 8R,A6 Avant 4G5, C7, 4GD,A5 8T3,A5 Sportback 8TA,A6 4G2, C7, 4GC,A4 Allroad 8KH, B8,A5 Cabriolet 8F7; 04L907660B, 04L907660B; \u00d6ljyn Tasoanturi,Tunnistin, Moottori\u00f6ljyn Taso<\/p>\n","protected":false},"excerpt":{"rendered":"<p>HELLA \u00d6ljytason Anturi 6PR 013 680-061 \u00d6ljyn Tasoanturi,Tunnistin, Moottori\u00f6ljyn Taso VW,AUDI,MULTIVAN VI SGF, SGM, SGN<\/p>\n","protected":false},"featured_media":0,"template":"","meta":{"site-sidebar-layout":"default","site-content-layout":"default","ast-global-header-display":"","ast-main-header-display":"","ast-hfb-above-header-display":"","ast-hfb-below-header-display":"","ast-hfb-mobile-header-display":"","site-post-title":"","ast-breadcrumbs-content":"","ast-featured-img":"","footer-sml-layout":"","theme-transparent-header-meta":"","adv-header-id-meta":"","stick-header-meta":"","header-above-stick-meta":"","header-main-stick-meta":"","header-below-stick-meta":""},"pwb-brand":[24],"product_cat":[98],"product_tag":[],"class_list":{"0":"post-33086","1":"product","2":"type-product","3":"status-publish","5":"pwb-brand-hella","6":"product_cat-anturit-sensorit","7":"desktop-align-left","8":"tablet-align-left","9":"mobile-align-left","11":"first","12":"instock","13":"product-type-external"},"brands":[{"id":24,"name":"HELLA","slug":"hella"}],"_links":{"self":[{"href":"https:\/\/www.autonvaraosahaku.fi\/index.php?rest_route=\/wp\/v2\/product\/33086","targetHints":{"allow":["GET"]}}],"collection":[{"href":"https:\/\/www.autonvaraosahaku.fi\/index.php?rest_route=\/wp\/v2\/product"}],"about":[{"href":"https:\/\/www.autonvaraosahaku.fi\/index.php?rest_route=\/wp\/v2\/types\/product"}],"wp:attachment":[{"href":"https:\/\/www.autonvaraosahaku.fi\/index.php?rest_route=%2Fwp%2Fv2%2Fmedia&parent=33086"}],"wp:term":[{"taxonomy":"pwb-brand","embeddable":true,"href":"https:\/\/www.autonvaraosahaku.fi\/index.php?rest_route=%2Fwp%2Fv2%2Fpwb-brand&post=33086"},{"taxonomy":"product_cat","embeddable":true,"href":"https:\/\/www.autonvaraosahaku.fi\/index.php?rest_route=%2Fwp%2Fv2%2Fproduct_cat&post=33086"},{"taxonomy":"product_tag","embeddable":true,"href":"https:\/\/www.autonvaraosahaku.fi\/index.php?rest_route=%2Fwp%2Fv2%2Fproduct_tag&post=33086"}],"curies":[{"name":"wp","href":"https:\/\/api.w.org\/{rel}","templated":true}]}}