{"id":33091,"date":"2021-02-21T16:16:05","date_gmt":"2021-02-21T16:16:05","guid":{"rendered":"https:\/\/www.autonvaraosahaku.fi\/?product=vemo-v10-92-1497-abs-keha"},"modified":"2021-02-21T16:16:07","modified_gmt":"2021-02-21T16:16:07","slug":"vemo-v10-92-1497-abs-keha","status":"publish","type":"product","link":"https:\/\/www.autonvaraosahaku.fi\/?product=vemo-v10-92-1497-abs-keha","title":{"rendered":"VEMO V10-92-1497 ABS keh\u00e4"},"content":{"rendered":"<p>Asennuspuoli: etuakseli molemminpuoleinen, Hinterachse beidseitig; Leveys (mm): 13; Hammasluku, ABS-keh\u00e4: 48; Sis\u00e4l\u00e4pimitta [mm]: 79; Ulkol\u00e4pimitta [mm]: 82,85; Paino [kg]: 0,028; Pakkausleveys [cm]: 8,28; Pakkauskorkeus [mm]: 1,31; Pakkaussyvyys [cm]: 8,28; lis\u00e4tieto: Original VEMO Quality; VW: SHARAN 7M8, 7M9, 7M6; SEAT: ALHAMBRA 7V8, 7V9; MERCEDES-BENZ: M-CLASS W163; FORD: GALAXY WGR; 1111900part, 95VW3B413ABpart, 7M0498099AXpart; ABS Hammaskeh\u00e4,ABS Rengas,Anturirengas, ABS<\/p>\n","protected":false},"excerpt":{"rendered":"<p>VEMO ABS Keh\u00e4 V10-92-1497 ABS Hammaskeh\u00e4,ABS Rengas VW,SEAT,MERCEDES-BENZ,SHARAN 7M8, 7M9, 7M6,ALHAMBRA 7V8, 7V9,M-CLASS W163,GALAXY WGR<\/p>\n","protected":false},"featured_media":0,"template":"","meta":{"site-sidebar-layout":"default","site-content-layout":"default","ast-global-header-display":"","ast-main-header-display":"","ast-hfb-above-header-display":"","ast-hfb-below-header-display":"","ast-hfb-mobile-header-display":"","site-post-title":"","ast-breadcrumbs-content":"","ast-featured-img":"","footer-sml-layout":"","theme-transparent-header-meta":"","adv-header-id-meta":"","stick-header-meta":"","header-above-stick-meta":"","header-main-stick-meta":"","header-below-stick-meta":""},"pwb-brand":[168],"product_cat":[273],"product_tag":[],"class_list":{"0":"post-33091","1":"product","2":"type-product","3":"status-publish","5":"pwb-brand-vemo","6":"product_cat-abs-keha","7":"desktop-align-left","8":"tablet-align-left","9":"mobile-align-left","11":"first","12":"instock","13":"product-type-external"},"brands":[{"id":168,"name":"VEMO","slug":"vemo"}],"_links":{"self":[{"href":"https:\/\/www.autonvaraosahaku.fi\/index.php?rest_route=\/wp\/v2\/product\/33091","targetHints":{"allow":["GET"]}}],"collection":[{"href":"https:\/\/www.autonvaraosahaku.fi\/index.php?rest_route=\/wp\/v2\/product"}],"about":[{"href":"https:\/\/www.autonvaraosahaku.fi\/index.php?rest_route=\/wp\/v2\/types\/product"}],"wp:attachment":[{"href":"https:\/\/www.autonvaraosahaku.fi\/index.php?rest_route=%2Fwp%2Fv2%2Fmedia&parent=33091"}],"wp:term":[{"taxonomy":"pwb-brand","embeddable":true,"href":"https:\/\/www.autonvaraosahaku.fi\/index.php?rest_route=%2Fwp%2Fv2%2Fpwb-brand&post=33091"},{"taxonomy":"product_cat","embeddable":true,"href":"https:\/\/www.autonvaraosahaku.fi\/index.php?rest_route=%2Fwp%2Fv2%2Fproduct_cat&post=33091"},{"taxonomy":"product_tag","embeddable":true,"href":"https:\/\/www.autonvaraosahaku.fi\/index.php?rest_route=%2Fwp%2Fv2%2Fproduct_tag&post=33091"}],"curies":[{"name":"wp","href":"https:\/\/api.w.org\/{rel}","templated":true}]}}